{"id":29351,"date":"2026-04-22T14:46:54","date_gmt":"2026-04-22T14:46:54","guid":{"rendered":"https:\/\/ataantik05.com\/?page_id=29351"},"modified":"2026-04-22T14:55:20","modified_gmt":"2026-04-22T14:55:20","slug":"iletisim","status":"publish","type":"page","link":"https:\/\/ataantik05.com\/index.php\/iletisim\/","title":{"rendered":"\u0130leti\u015fim"},"content":{"rendered":"\t\t<div data-elementor-type=\"wp-page\" data-elementor-id=\"29351\" class=\"elementor elementor-29351\">\n\t\t\t\t<div class=\"elementor-element elementor-element-67c673d e-flex e-con-boxed e-con e-parent\" data-id=\"67c673d\" data-element_type=\"container\" data-e-type=\"container\" data-settings=\"{&quot;ekit_has_onepagescroll_dot&quot;:&quot;yes&quot;}\">\n\t\t\t\t\t<div class=\"e-con-inner\">\n\t\t\t\t<div class=\"elementor-element elementor-element-b4a2205 elementor-widget elementor-widget-html\" data-id=\"b4a2205\" data-element_type=\"widget\" data-e-type=\"widget\" data-settings=\"{&quot;ekit_we_effect_on&quot;:&quot;none&quot;}\" data-widget_type=\"html.default\">\n\t\t\t\t\t<style>\r\n  * {\r\n    box-sizing: border-box;\r\n  }\r\n\r\n  .ata-contact-wrap {\r\n    font-family: Arial, sans-serif;\r\n    background: linear-gradient(180deg, #f8f4ee 0%, #fdfbf8 100%);\r\n    padding: 40px 20px;\r\n    color: #2f241c;\r\n  }\r\n\r\n  .ata-contact-container {\r\n    max-width: 1200px;\r\n    margin: 0 auto;\r\n  }\r\n\r\n  .ata-contact-hero {\r\n    background: linear-gradient(135deg, #6f4e37 0%, #8b6a4e 100%);\r\n    border-radius: 24px;\r\n    padding: 60px 40px;\r\n    text-align: center;\r\n    color: #fffdf9;\r\n    margin-bottom: 30px;\r\n    box-shadow: 0 18px 40px rgba(79, 55, 37, 0.18);\r\n    position: relative;\r\n    overflow: hidden;\r\n  }\r\n\r\n  .ata-contact-hero::before {\r\n    content: \"\";\r\n    position: absolute;\r\n    inset: 0;\r\n    background: radial-gradient(circle at top right, rgba(255,255,255,0.16), transparent 35%);\r\n    pointer-events: none;\r\n  }\r\n\r\n  .ata-contact-hero h1 {\r\n    margin: 0 0 14px;\r\n    font-size: 42px;\r\n    line-height: 1.2;\r\n    position: relative;\r\n    z-index: 1;\r\n  }\r\n\r\n  .ata-contact-hero p {\r\n    max-width: 760px;\r\n    margin: 0 auto;\r\n    font-size: 17px;\r\n    line-height: 1.8;\r\n    color: rgba(255, 253, 249, 0.92);\r\n    position: relative;\r\n    z-index: 1;\r\n  }\r\n\r\n  .ata-contact-grid {\r\n    display: grid;\r\n    grid-template-columns: 1fr 1fr;\r\n    gap: 24px;\r\n    margin-bottom: 24px;\r\n  }\r\n\r\n  .ata-contact-card,\r\n  .ata-form-card,\r\n  .ata-map-card {\r\n    background: #fffdf9;\r\n    border: 1px solid #eadfce;\r\n    border-radius: 22px;\r\n    padding: 32px;\r\n    box-shadow: 0 10px 28px rgba(80, 58, 40, 0.08);\r\n  }\r\n\r\n  .ata-section-title {\r\n    font-size: 28px;\r\n    margin: 0 0 10px;\r\n    color: #4f3725;\r\n  }\r\n\r\n  .ata-section-text {\r\n    font-size: 15px;\r\n    line-height: 1.8;\r\n    margin-bottom: 24px;\r\n    color: #6a584a;\r\n  }\r\n\r\n  .ata-info-list {\r\n    display: flex;\r\n    flex-direction: column;\r\n    gap: 16px;\r\n  }\r\n\r\n  .ata-info-item {\r\n    display: flex;\r\n    gap: 16px;\r\n    align-items: flex-start;\r\n    background: #f7f0e6;\r\n    border: 1px solid #eadfce;\r\n    border-radius: 16px;\r\n    padding: 16px;\r\n    transition: 0.3s ease;\r\n  }\r\n\r\n  .ata-info-item:hover {\r\n    transform: translateY(-2px);\r\n    box-shadow: 0 10px 20px rgba(111, 78, 55, 0.08);\r\n  }\r\n\r\n  .ata-info-icon {\r\n    width: 50px;\r\n    min-width: 50px;\r\n    height: 50px;\r\n    border-radius: 14px;\r\n    background: linear-gradient(135deg, #b78b58 0%, #8b6a4e 100%);\r\n    color: #fff;\r\n    display: flex;\r\n    align-items: center;\r\n    justify-content: center;\r\n    font-size: 19px;\r\n  }\r\n\r\n  .ata-info-content h3 {\r\n    margin: 0 0 6px;\r\n    font-size: 16px;\r\n    color: #4f3725;\r\n  }\r\n\r\n  .ata-info-content p,\r\n  .ata-info-content a {\r\n    margin: 0;\r\n    font-size: 14px;\r\n    line-height: 1.7;\r\n    color: #675547;\r\n    text-decoration: none;\r\n  }\r\n\r\n  .ata-info-content a:hover {\r\n    color: #8b6a4e;\r\n  }\r\n\r\n  .ata-form-card form {\r\n    display: grid;\r\n    grid-template-columns: 1fr 1fr;\r\n    gap: 16px;\r\n  }\r\n\r\n  .ata-form-group-full {\r\n    grid-column: 1 \/ -1;\r\n  }\r\n\r\n  .ata-form-card input,\r\n  .ata-form-card textarea {\r\n    width: 100%;\r\n    border: 1px solid #dccdb9;\r\n    background: #fffaf3;\r\n    border-radius: 14px;\r\n    padding: 14px 15px;\r\n    font-size: 15px;\r\n    color: #2f241c;\r\n    outline: none;\r\n    transition: 0.3s ease;\r\n  }\r\n\r\n  .ata-form-card input:focus,\r\n  .ata-form-card textarea:focus {\r\n    border-color: #b78b58;\r\n    box-shadow: 0 0 0 4px rgba(183, 139, 88, 0.14);\r\n    background: #ffffff;\r\n  }\r\n\r\n  .ata-form-card textarea {\r\n    min-height: 150px;\r\n    resize: vertical;\r\n  }\r\n\r\n  .ata-submit-btn {\r\n    border: none;\r\n    border-radius: 14px;\r\n    padding: 15px 22px;\r\n    background: linear-gradient(135deg, #8b6a4e 0%, #6f4e37 100%);\r\n    color: #fff;\r\n    font-size: 15px;\r\n    font-weight: 700;\r\n    cursor: pointer;\r\n    transition: 0.3s ease;\r\n  }\r\n\r\n  .ata-submit-btn:hover {\r\n    transform: translateY(-2px);\r\n    box-shadow: 0 12px 22px rgba(79, 55, 37, 0.18);\r\n  }\r\n\r\n  .ata-quick-links {\r\n    display: flex;\r\n    gap: 12px;\r\n    flex-wrap: wrap;\r\n    margin-top: 22px;\r\n  }\r\n\r\n  .ata-quick-btn {\r\n    display: inline-flex;\r\n    align-items: center;\r\n    justify-content: center;\r\n    padding: 13px 20px;\r\n    border-radius: 12px;\r\n    text-decoration: none;\r\n    font-size: 14px;\r\n    font-weight: 700;\r\n    transition: 0.3s ease;\r\n  }\r\n\r\n  .ata-quick-btn-main {\r\n    background: #8b6a4e;\r\n    color: #fff;\r\n  }\r\n\r\n  .ata-quick-btn-main:hover {\r\n    background: #6f4e37;\r\n  }\r\n\r\n  .ata-quick-btn-alt {\r\n    background: #f7f0e6;\r\n    color: #6f4e37;\r\n    border: 1px solid #dccdb9;\r\n  }\r\n\r\n  .ata-quick-btn-alt:hover {\r\n    background: #efe3d2;\r\n  }\r\n\r\n  .ata-map-card iframe {\r\n    width: 100%;\r\n    height: 400px;\r\n    border: none;\r\n    border-radius: 16px;\r\n    display: block;\r\n  }\r\n\r\n  .ata-note {\r\n    margin-top: 16px;\r\n    font-size: 14px;\r\n    line-height: 1.8;\r\n    color: #7a685b;\r\n  }\r\n\r\n  @media (max-width: 991px) {\r\n    .ata-contact-grid {\r\n      grid-template-columns: 1fr;\r\n    }\r\n\r\n    .ata-contact-hero {\r\n      padding: 44px 24px;\r\n    }\r\n\r\n    .ata-contact-hero h1 {\r\n      font-size: 34px;\r\n    }\r\n  }\r\n\r\n  @media (max-width: 767px) {\r\n    .ata-contact-wrap {\r\n      padding: 24px 14px;\r\n    }\r\n\r\n    .ata-contact-card,\r\n    .ata-form-card,\r\n    .ata-map-card {\r\n      padding: 22px;\r\n      border-radius: 18px;\r\n    }\r\n\r\n    .ata-contact-hero h1 {\r\n      font-size: 28px;\r\n    }\r\n\r\n    .ata-contact-hero p {\r\n      font-size: 15px;\r\n    }\r\n\r\n    .ata-form-card form {\r\n      grid-template-columns: 1fr;\r\n    }\r\n\r\n    .ata-section-title {\r\n      font-size: 24px;\r\n    }\r\n  }\r\n<\/style>\r\n\r\n<section class=\"ata-contact-wrap\">\r\n  <div class=\"ata-contact-container\">\r\n\r\n    <div class=\"ata-contact-hero\">\r\n      <h1>Bizimle \u0130leti\u015fime Ge\u00e7in<\/h1>\r\n      <p>\r\n        Ata Antik olarak antika, nostaljik ve koleksiyon de\u011feri ta\u015f\u0131yan \u00f6zel \u00fcr\u00fcnleri sizlerle bulu\u015fturuyoruz.\r\n        \u00dcr\u00fcnler, sipari\u015f s\u00fcreci ve di\u011fer t\u00fcm sorular\u0131n\u0131z i\u00e7in bizimle do\u011frudan ileti\u015fime ge\u00e7ebilirsiniz.\r\n      <\/p>\r\n    <\/div>\r\n\r\n    <div class=\"ata-contact-grid\">\r\n      <div class=\"ata-contact-card\">\r\n        <h2 class=\"ata-section-title\">\u0130leti\u015fim Bilgileri<\/h2>\r\n        <p class=\"ata-section-text\">\r\n          Sipari\u015f, \u00fcr\u00fcn bilgisi, kargo ve genel destek talepleriniz i\u00e7in a\u015fa\u011f\u0131daki kanallardan bize ula\u015fabilirsiniz.\r\n        <\/p>\r\n\r\n        <div class=\"ata-info-list\">\r\n          <div class=\"ata-info-item\">\r\n            <div class=\"ata-info-icon\">\ud83d\udccd<\/div>\r\n            <div class=\"ata-info-content\">\r\n              <h3>Adres<\/h3>\r\n              <p>Hac\u0131lar Meydan\u0131<br>Arif Nihat Asya Sok. No:38<br>Amasya<\/p>\r\n            <\/div>\r\n          <\/div>\r\n\r\n          <div class=\"ata-info-item\">\r\n            <div class=\"ata-info-icon\">\ud83d\udcde<\/div>\r\n            <div class=\"ata-info-content\">\r\n              <h3>Telefon<\/h3>\r\n              <a href=\"tel:05448048905\">0544 804 89 05<\/a>\r\n            <\/div>\r\n          <\/div>\r\n\r\n          <div class=\"ata-info-item\">\r\n            <div class=\"ata-info-icon\">\u2709<\/div>\r\n            <div class=\"ata-info-content\">\r\n              <h3>E-Posta<\/h3>\r\n              <a href=\"mailto:info@ataantik05.com\">info@ataantik05.com<\/a>\r\n            <\/div>\r\n          <\/div>\r\n\r\n          <div class=\"ata-info-item\">\r\n            <div class=\"ata-info-icon\">\ud83c\udf10<\/div>\r\n            <div class=\"ata-info-content\">\r\n              <h3>Web Sitesi<\/h3>\r\n              <a href=\"https:\/\/www.ataantik05.com\" target=\"_blank\">www.ataantik05.com<\/a>\r\n            <\/div>\r\n          <\/div>\r\n        <\/div>\r\n\r\n        <div class=\"ata-quick-links\">\r\n          <a class=\"ata-quick-btn ata-quick-btn-main\" href=\"tel:05448048905\">Hemen Ara<\/a>\r\n          <a class=\"ata-quick-btn ata-quick-btn-alt\" href=\"mailto:info@ataantik05.com\">E-Posta G\u00f6nder<\/a>\r\n        <\/div>\r\n      <\/div>\r\n\r\n      <div class=\"ata-form-card\">\r\n        <h2 class=\"ata-section-title\">Mesaj G\u00f6nderin<\/h2>\r\n        <p class=\"ata-section-text\">\r\n          A\u015fa\u011f\u0131daki form alan\u0131n\u0131 kendi ileti\u015fim eklentinizle ba\u011flayabilir ya da Elementor form yap\u0131s\u0131na uygun \u015fekilde kullanabilirsiniz.\r\n        <\/p>\r\n\r\n        <form action=\"#\" method=\"post\">\r\n          <input type=\"text\" placeholder=\"Ad Soyad\">\r\n          <input type=\"email\" placeholder=\"E-Posta Adresiniz\">\r\n          <input type=\"text\" placeholder=\"Telefon Numaran\u0131z\">\r\n          <input type=\"text\" placeholder=\"Konu\">\r\n          <textarea class=\"ata-form-group-full\" placeholder=\"Mesaj\u0131n\u0131z\u0131 yaz\u0131n...\"><\/textarea>\r\n          <button type=\"submit\" class=\"ata-submit-btn ata-form-group-full\">Mesaj\u0131 G\u00f6nder<\/button>\r\n        <\/form>\r\n\r\n        <div class=\"ata-note\">\r\n          Not: Bu b\u00f6l\u00fcm tasar\u0131m ama\u00e7l\u0131 haz\u0131rlanm\u0131\u015ft\u0131r. Formun aktif \u00e7al\u0131\u015fmas\u0131 i\u00e7in WPForms, Contact Form 7 veya Elementor Form ile ba\u011flanmas\u0131 gerekir.\r\n        <\/div>\r\n      <\/div>\r\n    <\/div>\r\n\r\n    <div class=\"ata-map-card\">\r\n      <h2 class=\"ata-section-title\">Konumumuz<\/h2>\r\n      <p class=\"ata-section-text\">\r\n        Amasya\u2019daki adresimize ula\u015fabilir, \u00fcr\u00fcnler ve sipari\u015f s\u00fcre\u00e7leri hakk\u0131nda do\u011frudan bilgi alabilirsiniz.\r\n      <\/p>\r\n\r\n      <iframe\r\n        src=\"https:\/\/www.google.com\/maps?q=Hac\u0131lar%20Meydan\u0131%20Arif%20Nihat%20Asya%20Sok.%20No:38%20Amasya&output=embed\"\r\n        loading=\"lazy\">\r\n      <\/iframe>\r\n    <\/div>\r\n\r\n  <\/div>\r\n<\/section>\t\t\t\t<\/div>\n\t\t\t\t\t<\/div>\n\t\t\t\t<\/div>\n\t\t\t\t<\/div>\n\t\t","protected":false},"excerpt":{"rendered":"<p>Bizimle \u0130leti\u015fime Ge\u00e7in Ata Antik olarak antika, nostaljik ve koleksiyon de\u011feri ta\u015f\u0131yan \u00f6zel \u00fcr\u00fcnleri sizlerle bulu\u015fturuyoruz. \u00dcr\u00fcnler, sipari\u015f s\u00fcreci ve<\/p>\n","protected":false},"author":4,"featured_media":0,"parent":0,"menu_order":0,"comment_status":"closed","ping_status":"closed","template":"elementor_header_footer","meta":{"footnotes":""},"class_list":["post-29351","page","type-page","status-publish","hentry"],"jetpack_sharing_enabled":true,"_links":{"self":[{"href":"https:\/\/ataantik05.com\/index.php\/wp-json\/wp\/v2\/pages\/29351","targetHints":{"allow":["GET"]}}],"collection":[{"href":"https:\/\/ataantik05.com\/index.php\/wp-json\/wp\/v2\/pages"}],"about":[{"href":"https:\/\/ataantik05.com\/index.php\/wp-json\/wp\/v2\/types\/page"}],"author":[{"embeddable":true,"href":"https:\/\/ataantik05.com\/index.php\/wp-json\/wp\/v2\/users\/4"}],"replies":[{"embeddable":true,"href":"https:\/\/ataantik05.com\/index.php\/wp-json\/wp\/v2\/comments?post=29351"}],"version-history":[{"count":7,"href":"https:\/\/ataantik05.com\/index.php\/wp-json\/wp\/v2\/pages\/29351\/revisions"}],"predecessor-version":[{"id":29359,"href":"https:\/\/ataantik05.com\/index.php\/wp-json\/wp\/v2\/pages\/29351\/revisions\/29359"}],"wp:attachment":[{"href":"https:\/\/ataantik05.com\/index.php\/wp-json\/wp\/v2\/media?parent=29351"}],"curies":[{"name":"wp","href":"https:\/\/api.w.org\/{rel}","templated":true}]}}