{"id":28669,"date":"2026-03-31T02:47:49","date_gmt":"2026-03-31T02:47:49","guid":{"rendered":"https:\/\/ataantik05.com\/?post_type=product&#038;p=28669"},"modified":"2026-03-31T02:47:49","modified_gmt":"2026-03-31T02:47:49","slug":"cengiz-kurtoglu-seviyorum-plak","status":"publish","type":"product","link":"https:\/\/ataantik05.com\/index.php\/urun\/cengiz-kurtoglu-seviyorum-plak\/","title":{"rendered":"Cengiz Kurto\u011flu &#8211; Seviyorum (Plak)"},"content":{"rendered":"<p>33 DEV\u0130R LP<\/p>\n","protected":false},"excerpt":{"rendered":"<p>A Y\u00dcZ\u00dc:<br \/>\n1.UTANMASAM A\u011eLARIM<br \/>\n2.YA\u011eMURLA A\u011eLADIM<br \/>\n3.BEN B\u0130L\u0130R\u0130M<br \/>\n4.SEN \u0130STED\u0130N<br \/>\n5.B\u0130Z\u0130M G\u0130B\u0130<br \/>\n6.AH KIZ<\/p>\n<p>B Y\u00dcZ\u00dc:<br \/>\n1.SEV\u0130YORUM<br \/>\n2.FARKETMEZ ARTIK<br \/>\n3.P\u0130\u015eMAN DE\u011e\u0130L\u0130M<br \/>\n4.DE\u011e\u0130\u015eMED\u0130N HUYUNU<br \/>\n5.DE\u011e\u0130\u015eME SAKIN<br \/>\n6.CANIMIN \u0130\u00c7\u0130<\/p>\n","protected":false},"featured_media":28671,"comment_status":"open","ping_status":"closed","template":"","meta":[],"product_brand":[],"product_cat":[76,84],"product_tag":[],"class_list":{"0":"post-28669","1":"product","2":"type-product","3":"status-publish","4":"has-post-thumbnail","6":"product_cat-plaklar","7":"product_cat-turkce-yeni-baski","9":"first","10":"instock","11":"sale","12":"shipping-taxable","13":"purchasable","14":"product-type-simple"},"jetpack_sharing_enabled":true,"_links":{"self":[{"href":"https:\/\/ataantik05.com\/index.php\/wp-json\/wp\/v2\/product\/28669","targetHints":{"allow":["GET"]}}],"collection":[{"href":"https:\/\/ataantik05.com\/index.php\/wp-json\/wp\/v2\/product"}],"about":[{"href":"https:\/\/ataantik05.com\/index.php\/wp-json\/wp\/v2\/types\/product"}],"replies":[{"embeddable":true,"href":"https:\/\/ataantik05.com\/index.php\/wp-json\/wp\/v2\/comments?post=28669"}],"version-history":[{"count":1,"href":"https:\/\/ataantik05.com\/index.php\/wp-json\/wp\/v2\/product\/28669\/revisions"}],"predecessor-version":[{"id":28673,"href":"https:\/\/ataantik05.com\/index.php\/wp-json\/wp\/v2\/product\/28669\/revisions\/28673"}],"wp:featuredmedia":[{"embeddable":true,"href":"https:\/\/ataantik05.com\/index.php\/wp-json\/wp\/v2\/media\/28671"}],"wp:attachment":[{"href":"https:\/\/ataantik05.com\/index.php\/wp-json\/wp\/v2\/media?parent=28669"}],"wp:term":[{"taxonomy":"product_brand","embeddable":true,"href":"https:\/\/ataantik05.com\/index.php\/wp-json\/wp\/v2\/product_brand?post=28669"},{"taxonomy":"product_cat","embeddable":true,"href":"https:\/\/ataantik05.com\/index.php\/wp-json\/wp\/v2\/product_cat?post=28669"},{"taxonomy":"product_tag","embeddable":true,"href":"https:\/\/ataantik05.com\/index.php\/wp-json\/wp\/v2\/product_tag?post=28669"}],"curies":[{"name":"wp","href":"https:\/\/api.w.org\/{rel}","templated":true}]}}