{"id":28749,"date":"2026-03-31T23:54:00","date_gmt":"2026-03-31T23:54:00","guid":{"rendered":"https:\/\/ataantik05.com\/?post_type=product&#038;p=28749"},"modified":"2026-03-31T23:54:00","modified_gmt":"2026-03-31T23:54:00","slug":"vintage-distelfink-saka-kusu-biblosu-el-boyamasi-koleksiyonluk-9x8-cm","status":"publish","type":"product","link":"https:\/\/ataantik05.com\/index.php\/urun\/vintage-distelfink-saka-kusu-biblosu-el-boyamasi-koleksiyonluk-9x8-cm\/","title":{"rendered":"Vintage Distelfink (Saka Ku\u015fu) Biblosu \u2013 El Boyamas\u0131 Koleksiyonluk (9&#215;8 cm)"},"content":{"rendered":"<div class=\"flex flex-col text-sm pb-25\">\n<section class=\"text-token-text-primary w-full focus:outline-none [--shadow-height:45px] has-data-writing-block:pointer-events-none has-data-writing-block:-mt-(--shadow-height) has-data-writing-block:pt-(--shadow-height) [&amp;:has([data-writing-block])&gt;*]:pointer-events-auto scroll-mt-[calc(var(--header-height)+min(200px,max(70px,20svh)))]\" dir=\"auto\" data-turn-id=\"request-WEB:1d4e35fc-3a12-4f02-a9e3-3cbbc08496ea-10\" data-testid=\"conversation-turn-22\" data-scroll-anchor=\"true\" data-turn=\"assistant\">\n<div class=\"text-base my-auto mx-auto pb-10 [--thread-content-margin:var(--thread-content-margin-xs,calc(var(--spacing)*4))] @w-sm\/main:[--thread-content-margin:var(--thread-content-margin-sm,calc(var(--spacing)*6))] @w-lg\/main:[--thread-content-margin:var(--thread-content-margin-lg,calc(var(--spacing)*16))] px-(--thread-content-margin)\">\n<div class=\"[--thread-content-max-width:40rem] @w-lg\/main:[--thread-content-max-width:48rem] mx-auto max-w-(--thread-content-max-width) flex-1 group\/turn-messages focus-visible:outline-hidden relative flex w-full min-w-0 flex-col agent-turn\">\n<div class=\"flex max-w-full flex-col gap-4 grow\">\n<div class=\"min-h-8 text-message relative flex w-full flex-col items-end gap-2 text-start break-words whitespace-normal outline-none keyboard-focused:focus-ring [.text-message+&amp;]:mt-1\" dir=\"auto\" tabindex=\"0\" data-message-author-role=\"assistant\" data-message-id=\"0f562615-b8c0-43e2-8207-11436c4afa19\" data-message-model-slug=\"gpt-5-3\" data-turn-start-message=\"true\">\n<div class=\"flex w-full flex-col gap-1 empty:hidden\">\n<div class=\"markdown prose dark:prose-invert w-full wrap-break-word light markdown-new-styling\">\n<p data-start=\"784\" data-end=\"1643\" data-is-last-node=\"\" data-is-only-node=\"\">Ataantik05 koleksiyonuna ait bu \u00f6zel Distelfink (saka ku\u015fu) biblosu, canl\u0131 renkleri ve do\u011fadan ilham alan tasar\u0131m\u0131yla \u00f6ne \u00e7\u0131kan bir par\u00e7ad\u0131r. 2003 y\u0131l\u0131 \u00fcretimi olup Bird Collection serisine dahildir ve Andy Pearce taraf\u0131ndan tasarlanm\u0131\u015ft\u0131r. El boyamas\u0131 olmas\u0131 sayesinde ku\u015fun t\u00fcy detaylar\u0131 ve renk ge\u00e7i\u015fleri olduk\u00e7a ger\u00e7ek\u00e7i bir g\u00f6r\u00fcn\u00fcm sunar. Bitki ve tohum detaylar\u0131 ile birlikte tasarlanm\u0131\u015f olmas\u0131 \u00fcr\u00fcne do\u011fal ve estetik bir sahne hissi kazand\u0131rmaktad\u0131r. Alt k\u0131sm\u0131nda bulunan orijinal etiket, \u00fcr\u00fcn\u00fcn koleksiyon de\u011ferini art\u0131ran \u00f6nemli bir unsurdur. Re\u00e7ine\/seramik benzeri malzemeden \u00fcretilmi\u015f olup sa\u011flam ve uzun \u00f6m\u00fcrl\u00fcd\u00fcr. Vitrin, masa veya kitapl\u0131k dekorasyonu i\u00e7in ideal bir par\u00e7ad\u0131r. Koleksiyon yapanlar ve vintage severler i\u00e7in dikkat \u00e7ekici bir \u00fcr\u00fcnd\u00fcr. Etiket k\u0131sm\u0131nda k\u0131smi y\u0131pranma bulunmaktad\u0131r ancak genel durumu temizdir.<\/p>\n<\/div>\n<\/div>\n<\/div>\n<\/div>\n<div class=\"z-0 flex min-h-[46px] justify-start\"><\/div>\n<div class=\"mt-3 w-full empty:hidden\">\n<div class=\"text-center\"><\/div>\n<\/div>\n<\/div>\n<\/div>\n<\/section>\n<\/div>\n<div class=\"pointer-events-none h-px w-px absolute bottom-0\" aria-hidden=\"true\" data-edge=\"true\"><\/div>\n","protected":false},"excerpt":{"rendered":"<p data-start=\"203\" data-end=\"498\">Vintage Distelfink (saka ku\u015fu) fig\u00fcr\u00fc, bitki ve do\u011fal zemin detaylar\u0131yla tasarlanm\u0131\u015f estetik bir dekoratif par\u00e7ad\u0131r.<br data-start=\"353\" data-end=\"356\" \/>Yakla\u015f\u0131k 9&#215;8 cm \u00f6l\u00e7\u00fclerindedir ve koleksiyonluk bir \u00fcr\u00fcnd\u00fcr.<br data-start=\"416\" data-end=\"419\" \/>Alt k\u0131sm\u0131nda orijinal etiketi bulunmaktad\u0131r ve Bird Collection serisine aittir.<\/p>\n<p data-start=\"500\" data-end=\"777\">\u00d6l\u00e7\u00fc: yakla\u015f\u0131k 9 x 8 cm<br data-start=\"523\" data-end=\"526\" \/>Model: Distelfink (Saka Ku\u015fu)<br data-start=\"555\" data-end=\"558\" \/>Koleksiyon: Bird Collection<br data-start=\"585\" data-end=\"588\" \/>Tasar\u0131m: Andy Pearce<br data-start=\"608\" data-end=\"611\" \/>\u00dcretim y\u0131l\u0131: 2003<br data-start=\"628\" data-end=\"631\" \/>El boyamas\u0131 ve el i\u015f\u00e7ili\u011fi<br data-start=\"657\" data-end=\"660\" data-is-only-node=\"\" \/>Alt tabanda orijinal etiket mevcut<br data-start=\"694\" data-end=\"697\" \/>Malzeme: re\u00e7ine \/ seramik benzeri<br data-start=\"730\" data-end=\"733\" \/>Durum: iyi, etikette k\u0131smi y\u0131pranma mevcut<\/p>\n","protected":false},"featured_media":28750,"comment_status":"open","ping_status":"closed","template":"","meta":[],"product_brand":[],"product_cat":[105,78],"product_tag":[],"class_list":{"0":"post-28749","1":"product","2":"type-product","3":"status-publish","4":"has-post-thumbnail","6":"product_cat-biblo","7":"product_cat-porselen-biblo","9":"first","10":"instock","11":"sale","12":"shipping-taxable","13":"purchasable","14":"product-type-simple"},"jetpack_sharing_enabled":true,"_links":{"self":[{"href":"https:\/\/ataantik05.com\/index.php\/wp-json\/wp\/v2\/product\/28749","targetHints":{"allow":["GET"]}}],"collection":[{"href":"https:\/\/ataantik05.com\/index.php\/wp-json\/wp\/v2\/product"}],"about":[{"href":"https:\/\/ataantik05.com\/index.php\/wp-json\/wp\/v2\/types\/product"}],"replies":[{"embeddable":true,"href":"https:\/\/ataantik05.com\/index.php\/wp-json\/wp\/v2\/comments?post=28749"}],"version-history":[{"count":1,"href":"https:\/\/ataantik05.com\/index.php\/wp-json\/wp\/v2\/product\/28749\/revisions"}],"predecessor-version":[{"id":28754,"href":"https:\/\/ataantik05.com\/index.php\/wp-json\/wp\/v2\/product\/28749\/revisions\/28754"}],"wp:featuredmedia":[{"embeddable":true,"href":"https:\/\/ataantik05.com\/index.php\/wp-json\/wp\/v2\/media\/28750"}],"wp:attachment":[{"href":"https:\/\/ataantik05.com\/index.php\/wp-json\/wp\/v2\/media?parent=28749"}],"wp:term":[{"taxonomy":"product_brand","embeddable":true,"href":"https:\/\/ataantik05.com\/index.php\/wp-json\/wp\/v2\/product_brand?post=28749"},{"taxonomy":"product_cat","embeddable":true,"href":"https:\/\/ataantik05.com\/index.php\/wp-json\/wp\/v2\/product_cat?post=28749"},{"taxonomy":"product_tag","embeddable":true,"href":"https:\/\/ataantik05.com\/index.php\/wp-json\/wp\/v2\/product_tag?post=28749"}],"curies":[{"name":"wp","href":"https:\/\/api.w.org\/{rel}","templated":true}]}}