{"id":28755,"date":"2026-04-01T00:19:52","date_gmt":"2026-04-01T00:19:52","guid":{"rendered":"https:\/\/ataantik05.com\/?post_type=product&#038;p=28755"},"modified":"2026-04-01T00:19:52","modified_gmt":"2026-04-01T00:19:52","slug":"asik-mahzuni-serif-benim-neyim-var-plak","status":"publish","type":"product","link":"https:\/\/ataantik05.com\/index.php\/urun\/asik-mahzuni-serif-benim-neyim-var-plak\/","title":{"rendered":"A\u015f\u0131k Mahzuni \u015eerif &#8211; Benim Neyim Var (Plak)"},"content":{"rendered":"<div class=\"teknikDetayItem format\">\n<div class=\"t1\">Format: Long Play (LP)<\/div>\n<\/div>\n<div class=\"teknikDetayItem devir-hizi\">\n<div class=\"t1\">Devir H\u0131z\u0131: 33 Devir<\/div>\n<\/div>\n","protected":false},"excerpt":{"rendered":"<div>A Y\u00fcz\u00fc:<\/div>\n<div>\n<ol>\n<li>Beni Ben Yaratmad\u0131m<\/li>\n<li>Kalemine Kurban Oldu\u011fum Katip<\/li>\n<li>Evlat Peder Olmu\u015f Zamane<\/li>\n<li>Giderim<\/li>\n<li>Mahzuni Duldur<\/li>\n<li>Diyarbak\u0131r Geceleri<\/li>\n<\/ol>\n<\/div>\n<div>B Y\u00fcz\u00fc:<\/div>\n<div>\n<ol>\n<li>Talihsiz Feride<\/li>\n<li>Osmanl\u0131 Kad\u0131s\u0131<\/li>\n<li>Eskisine Benzeme<\/li>\n<li>Dost Uyan<\/li>\n<li>Kargalar\u0131n D\u00fcnyas\u0131<\/li>\n<li>Benim Neyim Var<\/li>\n<li>Vurun Beyler<\/li>\n<\/ol>\n<\/div>\n","protected":false},"featured_media":28756,"comment_status":"open","ping_status":"closed","template":"","meta":[],"product_brand":[],"product_cat":[76,84],"product_tag":[],"class_list":{"0":"post-28755","1":"product","2":"type-product","3":"status-publish","4":"has-post-thumbnail","6":"product_cat-plaklar","7":"product_cat-turkce-yeni-baski","9":"first","10":"instock","11":"sale","12":"shipping-taxable","13":"purchasable","14":"product-type-simple"},"jetpack_sharing_enabled":true,"_links":{"self":[{"href":"https:\/\/ataantik05.com\/index.php\/wp-json\/wp\/v2\/product\/28755","targetHints":{"allow":["GET"]}}],"collection":[{"href":"https:\/\/ataantik05.com\/index.php\/wp-json\/wp\/v2\/product"}],"about":[{"href":"https:\/\/ataantik05.com\/index.php\/wp-json\/wp\/v2\/types\/product"}],"replies":[{"embeddable":true,"href":"https:\/\/ataantik05.com\/index.php\/wp-json\/wp\/v2\/comments?post=28755"}],"version-history":[{"count":1,"href":"https:\/\/ataantik05.com\/index.php\/wp-json\/wp\/v2\/product\/28755\/revisions"}],"predecessor-version":[{"id":28758,"href":"https:\/\/ataantik05.com\/index.php\/wp-json\/wp\/v2\/product\/28755\/revisions\/28758"}],"wp:featuredmedia":[{"embeddable":true,"href":"https:\/\/ataantik05.com\/index.php\/wp-json\/wp\/v2\/media\/28756"}],"wp:attachment":[{"href":"https:\/\/ataantik05.com\/index.php\/wp-json\/wp\/v2\/media?parent=28755"}],"wp:term":[{"taxonomy":"product_brand","embeddable":true,"href":"https:\/\/ataantik05.com\/index.php\/wp-json\/wp\/v2\/product_brand?post=28755"},{"taxonomy":"product_cat","embeddable":true,"href":"https:\/\/ataantik05.com\/index.php\/wp-json\/wp\/v2\/product_cat?post=28755"},{"taxonomy":"product_tag","embeddable":true,"href":"https:\/\/ataantik05.com\/index.php\/wp-json\/wp\/v2\/product_tag?post=28755"}],"curies":[{"name":"wp","href":"https:\/\/api.w.org\/{rel}","templated":true}]}}