{"id":28759,"date":"2026-04-01T00:25:59","date_gmt":"2026-04-01T00:25:59","guid":{"rendered":"https:\/\/ataantik05.com\/?post_type=product&#038;p=28759"},"modified":"2026-04-01T00:25:59","modified_gmt":"2026-04-01T00:25:59","slug":"muslum-gurses-bagri-yanik-plak","status":"publish","type":"product","link":"https:\/\/ataantik05.com\/index.php\/urun\/muslum-gurses-bagri-yanik-plak\/","title":{"rendered":"M\u00fcsl\u00fcm G\u00fcrses &#8211; Ba\u011fr\u0131 Yan\u0131k (Plak)"},"content":{"rendered":"<div class=\"teknikDetayItem format\">\n<div class=\"t1\">Format: Long Play (LP)<\/div>\n<\/div>\n<div class=\"teknikDetayItem devir-hizi\">\n<div class=\"t1\">Devir H\u0131z\u0131: 33 Devir<\/div>\n<\/div>\n","protected":false},"excerpt":{"rendered":"<p><span style=\"font-family: Tahoma;\">A Y\u00fcz\u00fc<\/span><\/p>\n<p><span style=\"font-family: Tahoma;\">1. Ba\u011fr\u0131 Yan\u0131k (Felek)<br \/>\n2. Kalbin Bu Kadar Dolu Mu (A\u015fk\u0131n Kural\u0131)<br \/>\n3. S\u0131r Olmu\u015fsun (Kul Olmu\u015fsun)<br \/>\n4. H\u00fcday\u0131 Tan\u0131masayd\u0131m (Ya Rabbim)<br \/>\n5. Sevenler Anlar<br \/>\n6. Umutsuz Hayat<\/span><\/p>\n<p>&nbsp;<\/p>\n<p>&nbsp;<\/p>\n<p><span style=\"font-family: Tahoma;\">B Y\u00fcz\u00fc<\/span><\/p>\n<p><span style=\"font-family: Tahoma;\">1. Bo\u015f Hayaller (Sahteymi\u015f Sevgin)<br \/>\n2. Nazar (Seni G\u00f6n\u00fclden Sevdim)<br \/>\n3. Ne Hale D\u00fc\u015ft\u00fcm (Eskiden Neydim Ne Hale D\u00fc\u015ft\u00fcm)<br \/>\n4. Ayya\u015f (\u0130\u00e7elim Yava\u015f Yava\u015f)<br \/>\n5. \u00d6l\u00fcrsem Kabrime Gelme \u0130stemem<\/span><\/p>\n","protected":false},"featured_media":28760,"comment_status":"open","ping_status":"closed","template":"","meta":[],"product_brand":[],"product_cat":[76,84],"product_tag":[],"class_list":{"0":"post-28759","1":"product","2":"type-product","3":"status-publish","4":"has-post-thumbnail","6":"product_cat-plaklar","7":"product_cat-turkce-yeni-baski","9":"first","10":"instock","11":"sale","12":"shipping-taxable","13":"purchasable","14":"product-type-simple"},"jetpack_sharing_enabled":true,"_links":{"self":[{"href":"https:\/\/ataantik05.com\/index.php\/wp-json\/wp\/v2\/product\/28759","targetHints":{"allow":["GET"]}}],"collection":[{"href":"https:\/\/ataantik05.com\/index.php\/wp-json\/wp\/v2\/product"}],"about":[{"href":"https:\/\/ataantik05.com\/index.php\/wp-json\/wp\/v2\/types\/product"}],"replies":[{"embeddable":true,"href":"https:\/\/ataantik05.com\/index.php\/wp-json\/wp\/v2\/comments?post=28759"}],"version-history":[{"count":1,"href":"https:\/\/ataantik05.com\/index.php\/wp-json\/wp\/v2\/product\/28759\/revisions"}],"predecessor-version":[{"id":28762,"href":"https:\/\/ataantik05.com\/index.php\/wp-json\/wp\/v2\/product\/28759\/revisions\/28762"}],"wp:featuredmedia":[{"embeddable":true,"href":"https:\/\/ataantik05.com\/index.php\/wp-json\/wp\/v2\/media\/28760"}],"wp:attachment":[{"href":"https:\/\/ataantik05.com\/index.php\/wp-json\/wp\/v2\/media?parent=28759"}],"wp:term":[{"taxonomy":"product_brand","embeddable":true,"href":"https:\/\/ataantik05.com\/index.php\/wp-json\/wp\/v2\/product_brand?post=28759"},{"taxonomy":"product_cat","embeddable":true,"href":"https:\/\/ataantik05.com\/index.php\/wp-json\/wp\/v2\/product_cat?post=28759"},{"taxonomy":"product_tag","embeddable":true,"href":"https:\/\/ataantik05.com\/index.php\/wp-json\/wp\/v2\/product_tag?post=28759"}],"curies":[{"name":"wp","href":"https:\/\/api.w.org\/{rel}","templated":true}]}}