{"id":28767,"date":"2026-04-01T00:49:34","date_gmt":"2026-04-01T00:49:34","guid":{"rendered":"https:\/\/ataantik05.com\/?post_type=product&#038;p=28767"},"modified":"2026-04-01T00:49:34","modified_gmt":"2026-04-01T00:49:34","slug":"ferdi-tayfur-hosca-kal-plak","status":"publish","type":"product","link":"https:\/\/ataantik05.com\/index.php\/urun\/ferdi-tayfur-hosca-kal-plak\/","title":{"rendered":"Ferdi Tayfur &#8211; Ho\u015f\u00e7a Kal (Plak)"},"content":{"rendered":"<p><span style=\"font-family: Tahoma;\"><strong>Ferdi Tayfur\u2019un Efsane Alb\u00fcm\u00fc \u201cHo\u015f\u00e7a Kal\u201d 35 Y\u0131l Sonra, \u0130lk Kez Plak Format\u0131nda Dinleyiciyle Bulu\u015fuyor<\/strong><\/span><\/p>\n<p>&nbsp;<\/p>\n<p><span style=\"font-family: Tahoma;\">T\u00fcrk m\u00fczi\u011finin unutulmaz isimlerinden Ferdi Tayfur\u2019un, 1990 y\u0131l\u0131nda yay\u0131mlanan ve y\u0131llar boyunca haf\u0131zalardaki yerini koruyan alb\u00fcm\u00fc \u201cHo\u015f\u00e7a Kal\u201d, Ferdifon Plak\u00e7\u0131l\u0131k etiketiyle ilk kez plak format\u0131nda m\u00fczikseverlerle bulu\u015fuyor.<\/span><\/p>\n<p>&nbsp;<\/p>\n<p><span style=\"font-family: Tahoma;\">Ferdi Tayfur\u2019un besteci ve yorumcu kimli\u011fini en yal\u0131n ve g\u00fc\u00e7l\u00fc haliyle yans\u0131tan eserleri bir araya getiren bu alb\u00fcmde, s\u00f6zleri A. Sel\u00e7uk \u0130lkan, m\u00fczi\u011fi Sait B\u00fcy\u00fck\u00e7\u0131nar imzas\u0131 ta\u015f\u0131yan \u201cBana Sor\u201d ile yine \u0130lkan\u2019\u0131n s\u00f6zlerini yazd\u0131\u011f\u0131, bestesi Y\u0131lmaz Tatl\u0131ses\u2019e ait olan \u201cHat\u0131ran Yeter\u201d, pla\u011f\u0131n \u00f6ne \u00e7\u0131kan par\u00e7alar\u0131 aras\u0131nda yer al\u0131yor. Alb\u00fcme ad\u0131n\u0131 veren \u201cHo\u015f\u00e7a Kal Leyla\u201d ba\u015fta olmak \u00fczere bir\u00e7ok \u015fark\u0131n\u0131n s\u00f6z ve m\u00fczi\u011fi ise Ferdi Tayfur\u2019un imzas\u0131n\u0131 ta\u015f\u0131yor.<\/span><\/p>\n","protected":false},"excerpt":{"rendered":"<p><span style=\"font-family: Tahoma;\"><strong>Plak A Y\u00fcz\u00fc:<\/strong><\/span><\/p>\n<p>&nbsp;<\/p>\n<ul>\n<li><span style=\"font-family: Tahoma;\"><strong>Ho\u015f\u00e7a Kal Leyla<br \/>\n<\/strong>S\u00f6z &#8211; M\u00fczik: Ferdi Tayfur<\/span><\/li>\n<li><span style=\"font-family: Tahoma;\"><strong>Bir Mucize Yarat<\/strong><br \/>\nS\u00f6z &#8211; M\u00fczik: Ferdi Tayfur<\/span><\/li>\n<li><span style=\"font-family: Tahoma;\"><strong>D\u00f6nd\u00fcm Durdum<\/strong><br \/>\nS\u00f6z &#8211; M\u00fczik: Ferdi Tayfur<\/span><\/li>\n<li><span style=\"font-family: Tahoma;\"><strong>Durup Dururken<\/strong><br \/>\nS\u00f6z &#8211; M\u00fczik: Ferdi Tayfur<\/span><\/li>\n<li><span style=\"font-family: Tahoma;\"><strong>Ba\u015flamak Niye<\/strong><br \/>\nS\u00f6z &#8211; M\u00fczik: Ferdi Tayfur<\/span><\/li>\n<li><span style=\"font-family: Tahoma;\"><strong>\u00c7i\u00e7ekli Fistan<\/strong>\u00a0(Allan\u0131yorsun)<br \/>\nS\u00f6z &#8211; M\u00fczik: Ferdi Tayfur<\/span><\/li>\n<\/ul>\n<p>&nbsp;<\/p>\n<p><span style=\"font-family: Tahoma;\"><strong>Plak B Y\u00fcz\u00fc:<\/strong><\/span><\/p>\n<p>&nbsp;<\/p>\n<ul>\n<li><span style=\"font-family: Tahoma;\"><strong>Bana Sor<\/strong><br \/>\nS\u00f6z: A. Sel\u00e7uk \u0130lkan \/ M\u00fczik: Sait B\u00fcy\u00fck\u00e7\u0131nar<\/span><\/li>\n<li><span style=\"font-family: Tahoma;\"><strong>Hat\u0131ran Yeter<\/strong><br \/>\nS\u00f6z: A. Sel\u00e7uk \u0130lkan \/ M\u00fczik: Y\u0131lmaz Tatl\u0131ses<\/span><\/li>\n<li><span style=\"font-family: Tahoma;\"><strong>Yanm\u0131\u015f\u0131m<\/strong><br \/>\nS\u00f6z &#8211; M\u00fczik: Ferdi Tayfur<\/span><\/li>\n<li><span style=\"font-family: Tahoma;\"><strong>Sevebilseydin<\/strong><br \/>\nS\u00f6z: A. Sel\u00e7uk \u0130lkan \/ M\u00fczik: Hakan Kumru<\/span><\/li>\n<li><span style=\"font-family: Tahoma;\"><strong>Kalbimi<\/strong>\u00a0<strong>\u00c7ald\u0131n<\/strong><br \/>\nS\u00f6z &#8211; M\u00fczik: Ferdi Tayfur<\/span><\/li>\n<\/ul>\n","protected":false},"featured_media":28771,"comment_status":"open","ping_status":"closed","template":"","meta":[],"product_brand":[],"product_cat":[76,84],"product_tag":[],"class_list":{"0":"post-28767","1":"product","2":"type-product","3":"status-publish","4":"has-post-thumbnail","6":"product_cat-plaklar","7":"product_cat-turkce-yeni-baski","9":"first","10":"instock","11":"sale","12":"shipping-taxable","13":"purchasable","14":"product-type-simple"},"jetpack_sharing_enabled":true,"_links":{"self":[{"href":"https:\/\/ataantik05.com\/index.php\/wp-json\/wp\/v2\/product\/28767","targetHints":{"allow":["GET"]}}],"collection":[{"href":"https:\/\/ataantik05.com\/index.php\/wp-json\/wp\/v2\/product"}],"about":[{"href":"https:\/\/ataantik05.com\/index.php\/wp-json\/wp\/v2\/types\/product"}],"replies":[{"embeddable":true,"href":"https:\/\/ataantik05.com\/index.php\/wp-json\/wp\/v2\/comments?post=28767"}],"version-history":[{"count":1,"href":"https:\/\/ataantik05.com\/index.php\/wp-json\/wp\/v2\/product\/28767\/revisions"}],"predecessor-version":[{"id":28770,"href":"https:\/\/ataantik05.com\/index.php\/wp-json\/wp\/v2\/product\/28767\/revisions\/28770"}],"wp:featuredmedia":[{"embeddable":true,"href":"https:\/\/ataantik05.com\/index.php\/wp-json\/wp\/v2\/media\/28771"}],"wp:attachment":[{"href":"https:\/\/ataantik05.com\/index.php\/wp-json\/wp\/v2\/media?parent=28767"}],"wp:term":[{"taxonomy":"product_brand","embeddable":true,"href":"https:\/\/ataantik05.com\/index.php\/wp-json\/wp\/v2\/product_brand?post=28767"},{"taxonomy":"product_cat","embeddable":true,"href":"https:\/\/ataantik05.com\/index.php\/wp-json\/wp\/v2\/product_cat?post=28767"},{"taxonomy":"product_tag","embeddable":true,"href":"https:\/\/ataantik05.com\/index.php\/wp-json\/wp\/v2\/product_tag?post=28767"}],"curies":[{"name":"wp","href":"https:\/\/api.w.org\/{rel}","templated":true}]}}