{"id":28772,"date":"2026-04-01T01:01:23","date_gmt":"2026-04-01T01:01:23","guid":{"rendered":"https:\/\/ataantik05.com\/?post_type=product&#038;p=28772"},"modified":"2026-04-01T01:08:00","modified_gmt":"2026-04-01T01:08:00","slug":"ferdi-tayfur-yakti-beni-plak","status":"publish","type":"product","link":"https:\/\/ataantik05.com\/index.php\/urun\/ferdi-tayfur-yakti-beni-plak\/","title":{"rendered":"Ferdi Tayfur &#8211; Yakt\u0131 Beni (Plak)"},"content":{"rendered":"<div class=\"teknikDetayItem format\">\n<div class=\"t1\">Format: Long Play (LP)<\/div>\n<\/div>\n<div class=\"teknikDetayItem devir-hizi\">\n<div class=\"t1\">Devir H\u0131z\u0131 33 Devir<\/div>\n<\/div>\n","protected":false},"excerpt":{"rendered":"<p><span style=\"font-family: Tahoma;\">Plak A Y\u00fcz\u00fc:<\/span><\/p>\n<p>&nbsp;<\/p>\n<ol>\n<li><span style=\"font-family: Tahoma;\"><strong>Yakt\u0131 Beni<\/strong><br \/>\nS\u00f6z ve M\u00fczik: Ferdi Tayfur\u00a0<\/span><\/li>\n<li><span style=\"font-family: Tahoma;\"><strong>G\u00f6n\u00fcl Yorgunu<br \/>\n<\/strong>S\u00f6z: Yavuz Y\u0131lmaz\u00a0&#8211; Mustafa Sayan\u00a0\u00a0\u00a0\u00a0 M\u00fczik: Mustafa Sayan\u00a0<\/span><\/li>\n<li><span style=\"font-family: Tahoma;\"><strong>Sen Mutlusun Ben Peri\u015fan<\/strong><br \/>\nS\u00f6z ve M\u00fczik: Cengiz Tekin\u00a0<\/span><\/li>\n<li><span style=\"font-family: Tahoma;\"><strong>Sen de Bilirsin<\/strong><br \/>\nS\u00f6z ve M\u00fczik: Ferdi Tayfur\u00a0<\/span><\/li>\n<li><span style=\"font-family: Tahoma;\"><strong>Sana Benziyor<\/strong><br \/>\nS\u00f6z ve M\u00fczik: Ferdi Tayfur<\/span><\/li>\n<\/ol>\n<p>&nbsp;<\/p>\n<p>&nbsp;<\/p>\n<p><span style=\"font-family: Tahoma;\">Plak B Y\u00fcz\u00fc:<\/span><\/p>\n<p>&nbsp;<\/p>\n<ol>\n<li><span style=\"font-family: Tahoma;\"><strong>Sensin Tesellim<\/strong><br \/>\nS\u00f6z ve M\u00fczik: Ferdi Tayfur\u00a0<\/span><\/li>\n<li><span style=\"font-family: Tahoma;\"><strong>S\u00f6yleten Sensin<br \/>\n<\/strong>S\u00f6z: G\u00f6n\u00fcl \u015een\u00a0\u00a0\u00a0\u00a0 M\u00fczik: Mustafa Sayan\u00a0<\/span><\/li>\n<li><span style=\"font-family: Tahoma;\"><strong>\u00c7ok \u0130yi D\u00fc\u015f\u00fcn<\/strong><br \/>\nS\u00f6z ve M\u00fczik: Cengiz Tekin\u00a0<\/span><\/li>\n<li><span style=\"font-family: Tahoma;\"><strong>G\u00fcnah\u0131n Bana Kald\u0131<br \/>\n<\/strong>S\u00f6z: \u0130lkan San\u00a0\u00a0\u00a0\u00a0 M\u00fczik: Mustafa Sayan\u00a0<\/span><\/li>\n<li><span style=\"font-family: Tahoma;\"><strong>Zaman\u0131 m\u0131yd\u0131<br \/>\n<\/strong>S\u00f6z ve M\u00fczik: Cengiz Tekin<\/span><\/li>\n<\/ol>\n","protected":false},"featured_media":28773,"comment_status":"open","ping_status":"closed","template":"","meta":[],"product_brand":[],"product_cat":[76,84],"product_tag":[],"class_list":{"0":"post-28772","1":"product","2":"type-product","3":"status-publish","4":"has-post-thumbnail","6":"product_cat-plaklar","7":"product_cat-turkce-yeni-baski","9":"first","10":"instock","11":"sale","12":"shipping-taxable","13":"purchasable","14":"product-type-simple"},"jetpack_sharing_enabled":true,"_links":{"self":[{"href":"https:\/\/ataantik05.com\/index.php\/wp-json\/wp\/v2\/product\/28772","targetHints":{"allow":["GET"]}}],"collection":[{"href":"https:\/\/ataantik05.com\/index.php\/wp-json\/wp\/v2\/product"}],"about":[{"href":"https:\/\/ataantik05.com\/index.php\/wp-json\/wp\/v2\/types\/product"}],"replies":[{"embeddable":true,"href":"https:\/\/ataantik05.com\/index.php\/wp-json\/wp\/v2\/comments?post=28772"}],"version-history":[{"count":1,"href":"https:\/\/ataantik05.com\/index.php\/wp-json\/wp\/v2\/product\/28772\/revisions"}],"predecessor-version":[{"id":28775,"href":"https:\/\/ataantik05.com\/index.php\/wp-json\/wp\/v2\/product\/28772\/revisions\/28775"}],"wp:featuredmedia":[{"embeddable":true,"href":"https:\/\/ataantik05.com\/index.php\/wp-json\/wp\/v2\/media\/28773"}],"wp:attachment":[{"href":"https:\/\/ataantik05.com\/index.php\/wp-json\/wp\/v2\/media?parent=28772"}],"wp:term":[{"taxonomy":"product_brand","embeddable":true,"href":"https:\/\/ataantik05.com\/index.php\/wp-json\/wp\/v2\/product_brand?post=28772"},{"taxonomy":"product_cat","embeddable":true,"href":"https:\/\/ataantik05.com\/index.php\/wp-json\/wp\/v2\/product_cat?post=28772"},{"taxonomy":"product_tag","embeddable":true,"href":"https:\/\/ataantik05.com\/index.php\/wp-json\/wp\/v2\/product_tag?post=28772"}],"curies":[{"name":"wp","href":"https:\/\/api.w.org\/{rel}","templated":true}]}}