{"id":28776,"date":"2026-04-01T01:06:11","date_gmt":"2026-04-01T01:06:11","guid":{"rendered":"https:\/\/ataantik05.com\/?post_type=product&#038;p=28776"},"modified":"2026-04-01T01:06:11","modified_gmt":"2026-04-01T01:06:11","slug":"ferdi-tayfur-prangalar-plak","status":"publish","type":"product","link":"https:\/\/ataantik05.com\/index.php\/urun\/ferdi-tayfur-prangalar-plak\/","title":{"rendered":"Ferdi Tayfur &#8211; Prangalar (Plak)"},"content":{"rendered":"<div class=\"teknikDetayItem format\">\n<div class=\"t1\">Format: Long Play (LP)<\/div>\n<\/div>\n<div class=\"teknikDetayItem devir-hizi\">\n<div class=\"t1\">Devir H\u0131z\u0131 33 Devir<\/div>\n<\/div>\n","protected":false},"excerpt":{"rendered":"<p><span style=\"font-family: Tahoma;\">Plak A Y\u00fcz\u00fc:<\/span><\/p>\n<p>&nbsp;<\/p>\n<ol dir=\"ltr\">\n<li>\n<div align=\"left\"><span style=\"font-family: Tahoma;\"><strong>Emmo\u011flu<\/strong><br \/>\nS\u00f6z: \u015eemsi Belli\u00a0\u00a0\u00a0\u00a0 M\u00fczik: Ferdi Tayfur<\/span><\/div>\n<\/li>\n<li>\n<div align=\"left\"><span style=\"font-family: Tahoma;\"><strong>Ge\u00e7en Y\u0131l<br \/>\n<\/strong>S\u00f6z ve M\u00fczik: Ferdi Tayfur<\/span><\/div>\n<\/li>\n<li>\n<div align=\"left\"><span style=\"font-family: Tahoma;\"><strong>Dedikodu<\/strong><br \/>\nS\u00f6z ve M\u00fczik: Ferdi Tayfur<\/span><\/div>\n<\/li>\n<li>\n<div align=\"left\"><span style=\"font-family: Tahoma;\"><strong>Prangalar<\/strong><br \/>\nS\u00f6z ve\u00a0M\u00fczik: Ferdi Tayfur<\/span><\/div>\n<\/li>\n<li>\n<div align=\"left\"><span style=\"font-family: Tahoma;\"><strong>Bir Bilsen<br \/>\n<\/strong>S\u00f6z ve M\u00fczik: Ferdi Tayfur<\/span><\/div>\n<\/li>\n<\/ol>\n<p align=\"left\">\n<p><span style=\"font-family: Tahoma;\">Plak\u00a0B Y\u00fcz\u00fc:<\/span><\/p>\n<p>&nbsp;<\/p>\n<ol>\n<li><span style=\"font-family: Tahoma;\"><strong>Kanayan G\u00fcl<\/strong>\u00a0(<strong>Yine Sensiz<\/strong>)<br \/>\nS\u00f6z: Ahmet Sel\u00e7uk \u0130lkan\u00a0\u00a0\u00a0\u00a0\u00a0 M\u00fczik: Sait B\u00fcy\u00fck\u00e7\u0131nar<\/span><\/li>\n<li><span style=\"font-family: Tahoma;\"><strong>Sabah\u00e7\u0131 Kahvesi<br \/>\n<\/strong>S\u00f6z: Ferdi Tayfur \u2013 Ahmet Sel\u00e7uk \u0130lkan\u00a0\u00a0\u00a0\u00a0\u00a0 M\u00fczik: Ferdi Tayfur<\/span><\/li>\n<li><span style=\"font-family: Tahoma;\"><strong>Sen Nerdesin Ben Nerdeyim<\/strong><br \/>\nS\u00f6z: Ahmet Sel\u00e7uk \u0130lkan\u00a0\u00a0\u00a0\u00a0\u00a0 M\u00fczik: Ferdi Tayfur<\/span><\/li>\n<li><span style=\"font-family: Tahoma;\"><strong>Gittin O Gidi\u015f<br \/>\n<\/strong>S\u00f6z: Ahmet Sel\u00e7uk \u0130lkan\u00a0\u00a0\u00a0\u00a0\u00a0 M\u00fczik: Ferdi Tayfur<\/span><\/li>\n<li><span style=\"font-family: Tahoma;\"><strong>Y\u00fcre\u011fimde \u00c7arp\u0131yorsun<\/strong><br \/>\nS\u00f6z ve M\u00fczik: Ferdi Tayfur<\/span><\/li>\n<\/ol>\n","protected":false},"featured_media":28777,"comment_status":"open","ping_status":"closed","template":"","meta":[],"product_brand":[],"product_cat":[76,84],"product_tag":[],"class_list":{"0":"post-28776","1":"product","2":"type-product","3":"status-publish","4":"has-post-thumbnail","6":"product_cat-plaklar","7":"product_cat-turkce-yeni-baski","9":"first","10":"instock","11":"sale","12":"shipping-taxable","13":"purchasable","14":"product-type-simple"},"jetpack_sharing_enabled":true,"_links":{"self":[{"href":"https:\/\/ataantik05.com\/index.php\/wp-json\/wp\/v2\/product\/28776","targetHints":{"allow":["GET"]}}],"collection":[{"href":"https:\/\/ataantik05.com\/index.php\/wp-json\/wp\/v2\/product"}],"about":[{"href":"https:\/\/ataantik05.com\/index.php\/wp-json\/wp\/v2\/types\/product"}],"replies":[{"embeddable":true,"href":"https:\/\/ataantik05.com\/index.php\/wp-json\/wp\/v2\/comments?post=28776"}],"version-history":[{"count":1,"href":"https:\/\/ataantik05.com\/index.php\/wp-json\/wp\/v2\/product\/28776\/revisions"}],"predecessor-version":[{"id":28779,"href":"https:\/\/ataantik05.com\/index.php\/wp-json\/wp\/v2\/product\/28776\/revisions\/28779"}],"wp:featuredmedia":[{"embeddable":true,"href":"https:\/\/ataantik05.com\/index.php\/wp-json\/wp\/v2\/media\/28777"}],"wp:attachment":[{"href":"https:\/\/ataantik05.com\/index.php\/wp-json\/wp\/v2\/media?parent=28776"}],"wp:term":[{"taxonomy":"product_brand","embeddable":true,"href":"https:\/\/ataantik05.com\/index.php\/wp-json\/wp\/v2\/product_brand?post=28776"},{"taxonomy":"product_cat","embeddable":true,"href":"https:\/\/ataantik05.com\/index.php\/wp-json\/wp\/v2\/product_cat?post=28776"},{"taxonomy":"product_tag","embeddable":true,"href":"https:\/\/ataantik05.com\/index.php\/wp-json\/wp\/v2\/product_tag?post=28776"}],"curies":[{"name":"wp","href":"https:\/\/api.w.org\/{rel}","templated":true}]}}