{"id":28781,"date":"2026-04-01T01:20:15","date_gmt":"2026-04-01T01:20:15","guid":{"rendered":"https:\/\/ataantik05.com\/?post_type=product&#038;p=28781"},"modified":"2026-04-01T01:20:15","modified_gmt":"2026-04-01T01:20:15","slug":"selcuk-ural-yillar-sonra-plak","status":"publish","type":"product","link":"https:\/\/ataantik05.com\/index.php\/urun\/selcuk-ural-yillar-sonra-plak\/","title":{"rendered":"Sel\u00e7uk Ural &#8211; Y\u0131llar Sonra (Plak)"},"content":{"rendered":"<div class=\"teknikDetayItem format\">\n<div class=\"t1\">Format: Long Play (LP)<\/div>\n<\/div>\n<div class=\"teknikDetayItem devir-hizi\">\n<div class=\"t1\">Devir H\u0131z\u0131 33 Devir<\/div>\n<\/div>\n","protected":false},"excerpt":{"rendered":"<div><strong>A Y\u00fcz\u00fc:<\/strong><\/div>\n<div><\/div>\n<div><strong>1 Sorma Nas\u0131l\u0131m Diye<\/strong><\/div>\n<div><strong>2 Olmaz B\u00f6yle Sevgili<\/strong><\/div>\n<div><strong>3 Seninle Bir B\u00fct\u00fcn\u00fcz<\/strong><\/div>\n<div><strong>4 Dinle<\/strong><\/div>\n<div><strong>5 Fasa Fiso<\/strong><\/div>\n<div><\/div>\n<div><strong>B Y\u00fcz\u00fc:<\/strong><\/div>\n<div><\/div>\n<div><strong>1 Haydi Gel<\/strong><\/div>\n<div><strong>2 Bir Damla Ya\u015f<\/strong><\/div>\n<div><strong>3 Sana Benden S\u00f6ylemesi<\/strong><\/div>\n<div><strong>4 Hayat Bir Yar\u0131\u015f<\/strong><\/div>\n<div><strong>5 Ne Harika<\/strong><\/div>\n","protected":false},"featured_media":28782,"comment_status":"open","ping_status":"closed","template":"","meta":[],"product_brand":[],"product_cat":[76,84],"product_tag":[],"class_list":{"0":"post-28781","1":"product","2":"type-product","3":"status-publish","4":"has-post-thumbnail","6":"product_cat-plaklar","7":"product_cat-turkce-yeni-baski","9":"first","10":"instock","11":"sale","12":"shipping-taxable","13":"purchasable","14":"product-type-simple"},"jetpack_sharing_enabled":true,"_links":{"self":[{"href":"https:\/\/ataantik05.com\/index.php\/wp-json\/wp\/v2\/product\/28781","targetHints":{"allow":["GET"]}}],"collection":[{"href":"https:\/\/ataantik05.com\/index.php\/wp-json\/wp\/v2\/product"}],"about":[{"href":"https:\/\/ataantik05.com\/index.php\/wp-json\/wp\/v2\/types\/product"}],"replies":[{"embeddable":true,"href":"https:\/\/ataantik05.com\/index.php\/wp-json\/wp\/v2\/comments?post=28781"}],"version-history":[{"count":1,"href":"https:\/\/ataantik05.com\/index.php\/wp-json\/wp\/v2\/product\/28781\/revisions"}],"predecessor-version":[{"id":28784,"href":"https:\/\/ataantik05.com\/index.php\/wp-json\/wp\/v2\/product\/28781\/revisions\/28784"}],"wp:featuredmedia":[{"embeddable":true,"href":"https:\/\/ataantik05.com\/index.php\/wp-json\/wp\/v2\/media\/28782"}],"wp:attachment":[{"href":"https:\/\/ataantik05.com\/index.php\/wp-json\/wp\/v2\/media?parent=28781"}],"wp:term":[{"taxonomy":"product_brand","embeddable":true,"href":"https:\/\/ataantik05.com\/index.php\/wp-json\/wp\/v2\/product_brand?post=28781"},{"taxonomy":"product_cat","embeddable":true,"href":"https:\/\/ataantik05.com\/index.php\/wp-json\/wp\/v2\/product_cat?post=28781"},{"taxonomy":"product_tag","embeddable":true,"href":"https:\/\/ataantik05.com\/index.php\/wp-json\/wp\/v2\/product_tag?post=28781"}],"curies":[{"name":"wp","href":"https:\/\/api.w.org\/{rel}","templated":true}]}}