{"id":28983,"date":"2026-04-07T00:13:54","date_gmt":"2026-04-07T00:13:54","guid":{"rendered":"https:\/\/ataantik05.com\/?post_type=product&#038;p=28983"},"modified":"2026-04-07T00:13:55","modified_gmt":"2026-04-07T00:13:55","slug":"neset-ertas-turkuler-ve-deyisler-plak","status":"publish","type":"product","link":"https:\/\/ataantik05.com\/index.php\/urun\/neset-ertas-turkuler-ve-deyisler-plak\/","title":{"rendered":"Ne\u015fet Erta\u015f &#8211; T\u00fcrk\u00fcler ve Deyi\u015fler (Plak)"},"content":{"rendered":"<div class=\"teknikDetayItem format\">\n<div class=\"t1\">Format: Long Play (LP)<\/div>\n<\/div>\n<div class=\"teknikDetayItem devir-hizi\">\n<div class=\"t1\">Devir H\u0131z\u0131: 33 Devir<\/div>\n<\/div>\n","protected":false},"excerpt":{"rendered":"<p><span style=\"font-family: Tahoma;\">Ne\u015fet Erta\u015f &#8211; T\u00fcrk\u00fcler ve Deyi\u015fler (Plak)\u00a0<\/span><\/p>\n<p>&nbsp;<\/p>\n<p><span style=\"font-family: Tahoma;\">A Y\u00fcz\u00fc<\/span><\/p>\n<p><span style=\"font-family: Tahoma;\">1. Kurban Olam<br \/>\n2. Felek<br \/>\n3. A\u011fla Saz\u0131m<br \/>\n4. Semah<\/span><\/p>\n<p>&nbsp;<\/p>\n<p><span style=\"font-family: Tahoma;\">B Y\u00fcz\u00fc<\/span><\/p>\n<p><span style=\"font-family: Tahoma;\">1. Buras\u0131 Mu\u015ftur<br \/>\n2. Dostlar Muhabbeti<br \/>\n3. Garip<br \/>\n4. Hak Meydan\u0131<\/span><\/p>\n","protected":false},"featured_media":28984,"comment_status":"open","ping_status":"closed","template":"","meta":[],"product_brand":[],"product_cat":[76,84],"product_tag":[],"class_list":{"0":"post-28983","1":"product","2":"type-product","3":"status-publish","4":"has-post-thumbnail","6":"product_cat-plaklar","7":"product_cat-turkce-yeni-baski","9":"first","10":"instock","11":"sale","12":"shipping-taxable","13":"purchasable","14":"product-type-simple"},"jetpack_sharing_enabled":true,"_links":{"self":[{"href":"https:\/\/ataantik05.com\/index.php\/wp-json\/wp\/v2\/product\/28983","targetHints":{"allow":["GET"]}}],"collection":[{"href":"https:\/\/ataantik05.com\/index.php\/wp-json\/wp\/v2\/product"}],"about":[{"href":"https:\/\/ataantik05.com\/index.php\/wp-json\/wp\/v2\/types\/product"}],"replies":[{"embeddable":true,"href":"https:\/\/ataantik05.com\/index.php\/wp-json\/wp\/v2\/comments?post=28983"}],"version-history":[{"count":1,"href":"https:\/\/ataantik05.com\/index.php\/wp-json\/wp\/v2\/product\/28983\/revisions"}],"predecessor-version":[{"id":28986,"href":"https:\/\/ataantik05.com\/index.php\/wp-json\/wp\/v2\/product\/28983\/revisions\/28986"}],"wp:featuredmedia":[{"embeddable":true,"href":"https:\/\/ataantik05.com\/index.php\/wp-json\/wp\/v2\/media\/28984"}],"wp:attachment":[{"href":"https:\/\/ataantik05.com\/index.php\/wp-json\/wp\/v2\/media?parent=28983"}],"wp:term":[{"taxonomy":"product_brand","embeddable":true,"href":"https:\/\/ataantik05.com\/index.php\/wp-json\/wp\/v2\/product_brand?post=28983"},{"taxonomy":"product_cat","embeddable":true,"href":"https:\/\/ataantik05.com\/index.php\/wp-json\/wp\/v2\/product_cat?post=28983"},{"taxonomy":"product_tag","embeddable":true,"href":"https:\/\/ataantik05.com\/index.php\/wp-json\/wp\/v2\/product_tag?post=28983"}],"curies":[{"name":"wp","href":"https:\/\/api.w.org\/{rel}","templated":true}]}}