{"id":29391,"date":"2026-04-27T19:41:45","date_gmt":"2026-04-27T19:41:45","guid":{"rendered":"https:\/\/ataantik05.com\/?post_type=product&#038;p=29391"},"modified":"2026-04-27T19:41:45","modified_gmt":"2026-04-27T19:41:45","slug":"ferdi-tayfur-ferdi-78-plak","status":"publish","type":"product","link":"https:\/\/ataantik05.com\/index.php\/urun\/ferdi-tayfur-ferdi-78-plak\/","title":{"rendered":"Ferdi Tayfur &#8211; Ferdi 78 (Plak)"},"content":{"rendered":"<div class=\"teknikDetayItem format\">\n<div class=\"t1\">Format: Long Play (LP)<\/div>\n<\/div>\n<div class=\"teknikDetayItem devir-hizi\">\n<div class=\"t1\">Devir H\u0131z\u0131: 33 Devir<\/div>\n<\/div>\n","protected":false},"excerpt":{"rendered":"<p><b>A Y\u00fcz\u00fc:<\/b><\/p>\n<div>\n<ol>\n<li>Karabaht\u0131m<\/li>\n<li>Hayat Arkada\u015f\u0131<\/li>\n<li>Ne Sende Ge\u00e7erim<\/li>\n<li>Kaybolan G\u00fcnler<\/li>\n<li>Garipler \u00c7ile \u00c7eker<\/li>\n<li>Sab\u0131r Duas\u0131<\/li>\n<\/ol>\n<\/div>\n<div><b>B Y\u00fcz\u00fc:<\/b><\/div>\n<div>\n<ol>\n<li>Batan G\u00fcne\u015f<\/li>\n<li>A\u015fk\u0131m\u0131 \u0130nkar Ettin<\/li>\n<li>Hat\u0131rlarm\u0131s\u0131n ?<\/li>\n<li>Akl\u0131m\u0131 Ba\u015f\u0131mdan Ald\u0131n<\/li>\n<li>Bekledim Durdum<\/li>\n<li>Olur mu B\u00f6yle Olur mu ?<\/li>\n<\/ol>\n<\/div>\n","protected":false},"featured_media":29392,"comment_status":"open","ping_status":"closed","template":"","meta":[],"product_brand":[],"product_cat":[76,84],"product_tag":[],"class_list":{"0":"post-29391","1":"product","2":"type-product","3":"status-publish","4":"has-post-thumbnail","6":"product_cat-plaklar","7":"product_cat-turkce-yeni-baski","9":"first","10":"instock","11":"shipping-taxable","12":"purchasable","13":"product-type-simple"},"jetpack_sharing_enabled":true,"_links":{"self":[{"href":"https:\/\/ataantik05.com\/index.php\/wp-json\/wp\/v2\/product\/29391","targetHints":{"allow":["GET"]}}],"collection":[{"href":"https:\/\/ataantik05.com\/index.php\/wp-json\/wp\/v2\/product"}],"about":[{"href":"https:\/\/ataantik05.com\/index.php\/wp-json\/wp\/v2\/types\/product"}],"replies":[{"embeddable":true,"href":"https:\/\/ataantik05.com\/index.php\/wp-json\/wp\/v2\/comments?post=29391"}],"version-history":[{"count":1,"href":"https:\/\/ataantik05.com\/index.php\/wp-json\/wp\/v2\/product\/29391\/revisions"}],"predecessor-version":[{"id":29393,"href":"https:\/\/ataantik05.com\/index.php\/wp-json\/wp\/v2\/product\/29391\/revisions\/29393"}],"wp:featuredmedia":[{"embeddable":true,"href":"https:\/\/ataantik05.com\/index.php\/wp-json\/wp\/v2\/media\/29392"}],"wp:attachment":[{"href":"https:\/\/ataantik05.com\/index.php\/wp-json\/wp\/v2\/media?parent=29391"}],"wp:term":[{"taxonomy":"product_brand","embeddable":true,"href":"https:\/\/ataantik05.com\/index.php\/wp-json\/wp\/v2\/product_brand?post=29391"},{"taxonomy":"product_cat","embeddable":true,"href":"https:\/\/ataantik05.com\/index.php\/wp-json\/wp\/v2\/product_cat?post=29391"},{"taxonomy":"product_tag","embeddable":true,"href":"https:\/\/ataantik05.com\/index.php\/wp-json\/wp\/v2\/product_tag?post=29391"}],"curies":[{"name":"wp","href":"https:\/\/api.w.org\/{rel}","templated":true}]}}