{"id":29401,"date":"2026-04-27T20:13:54","date_gmt":"2026-04-27T20:13:54","guid":{"rendered":"https:\/\/ataantik05.com\/?post_type=product&#038;p=29401"},"modified":"2026-04-27T20:13:54","modified_gmt":"2026-04-27T20:13:54","slug":"muslum-gurses-sadece-orijinal-kapak-hediyeli-plak","status":"publish","type":"product","link":"https:\/\/ataantik05.com\/index.php\/urun\/muslum-gurses-sadece-orijinal-kapak-hediyeli-plak\/","title":{"rendered":"M\u00fcsl\u00fcm G\u00fcrses &#8211; Sadece + Orijinal Kapak Hediyeli (Plak)"},"content":{"rendered":"<p>Format: Long Play (LP)<\/p>\n<p>Devir H\u0131z\u0131: 33 Devir<\/p>\n","protected":false},"excerpt":{"rendered":"<p><strong>A Y\u00fcz\u00fc:<\/strong><\/p>\n<p>&nbsp;<\/p>\n<ol>\n<li><strong>Sadece<\/strong>\u00a0S\u00f6z : Ali Tekint\u00fcre &#8211; M\u00fczik: Bergin G\u00fcl<\/li>\n<li><strong>Ne Ye\u015fili Ne Siyah\u0131 (Yalan Y\u0131llar)<\/strong>\u00a0S\u00f6z: Turhan Rag\u0131p O\u011fuzba\u015f &#8211; M\u00fczik: Avni An\u0131l<\/li>\n<li><strong>G\u00f6ky\u00fcz\u00fcnde Yaln\u0131z Gezen Y\u0131ld\u0131zlar<\/strong>\u00a0S\u00f6z: Hikmet M\u00fchir Ebcio\u011flu &#8211; M\u00fczik: Teoman Alpay<\/li>\n<li><strong>Ya\u015fad\u0131n Da Ne G\u00f6rd\u00fcn<\/strong>\u00a0&#8211; S\u00f6z &amp; M\u00fczik: Atilla Alpsakarya<\/li>\n<li><strong>Ac\u0131 Y\u0131llar\u00a0<\/strong>\u00a0S\u00f6z: Halit \u00c7eliko\u011flu &#8211; M\u00fczik: Ziya Ta\u015fkent<\/li>\n<\/ol>\n<p>&nbsp;<\/p>\n<p><strong>B Y\u00fcz\u00fc:<\/strong><\/p>\n<p>&nbsp;<\/p>\n<ol>\n<li><strong>Veda Et Yeter<\/strong>\u00a0 S\u00f6z: G\u00f6n\u00fcl \u015een &#8211; M\u00fczik: Atilla Alpakarya<\/li>\n<li><strong>Neden B\u00f6yle Olduk<\/strong>\u00a0 S\u00f6z: Mehmet Erbulak &#8211; M\u00fczik: Ziya Ta\u015fkent<\/li>\n<li><strong>M\u00fcptelay\u0131 Tabib (Gazel)<\/strong>\u00a0S\u00f6z &amp; M\u00fczik: Anonim<\/li>\n<li><strong>\u0130stemem\u00a0<\/strong>\u00a0\u00a0S\u00f6z &amp; M\u00fczik: Sait Ergen\u00e7<\/li>\n<li><strong>Ay Beyaz Deniz Mavi\u00a0<\/strong>\u00a0S\u00f6z &amp; M\u00fczik: Selahattin Sar\u0131kaya<\/li>\n<\/ol>\n","protected":false},"featured_media":29402,"comment_status":"open","ping_status":"closed","template":"","meta":[],"product_brand":[],"product_cat":[76,84],"product_tag":[],"class_list":{"0":"post-29401","1":"product","2":"type-product","3":"status-publish","4":"has-post-thumbnail","6":"product_cat-plaklar","7":"product_cat-turkce-yeni-baski","9":"first","10":"instock","11":"shipping-taxable","12":"purchasable","13":"product-type-simple"},"jetpack_sharing_enabled":true,"_links":{"self":[{"href":"https:\/\/ataantik05.com\/index.php\/wp-json\/wp\/v2\/product\/29401","targetHints":{"allow":["GET"]}}],"collection":[{"href":"https:\/\/ataantik05.com\/index.php\/wp-json\/wp\/v2\/product"}],"about":[{"href":"https:\/\/ataantik05.com\/index.php\/wp-json\/wp\/v2\/types\/product"}],"replies":[{"embeddable":true,"href":"https:\/\/ataantik05.com\/index.php\/wp-json\/wp\/v2\/comments?post=29401"}],"version-history":[{"count":1,"href":"https:\/\/ataantik05.com\/index.php\/wp-json\/wp\/v2\/product\/29401\/revisions"}],"predecessor-version":[{"id":29404,"href":"https:\/\/ataantik05.com\/index.php\/wp-json\/wp\/v2\/product\/29401\/revisions\/29404"}],"wp:featuredmedia":[{"embeddable":true,"href":"https:\/\/ataantik05.com\/index.php\/wp-json\/wp\/v2\/media\/29402"}],"wp:attachment":[{"href":"https:\/\/ataantik05.com\/index.php\/wp-json\/wp\/v2\/media?parent=29401"}],"wp:term":[{"taxonomy":"product_brand","embeddable":true,"href":"https:\/\/ataantik05.com\/index.php\/wp-json\/wp\/v2\/product_brand?post=29401"},{"taxonomy":"product_cat","embeddable":true,"href":"https:\/\/ataantik05.com\/index.php\/wp-json\/wp\/v2\/product_cat?post=29401"},{"taxonomy":"product_tag","embeddable":true,"href":"https:\/\/ataantik05.com\/index.php\/wp-json\/wp\/v2\/product_tag?post=29401"}],"curies":[{"name":"wp","href":"https:\/\/api.w.org\/{rel}","templated":true}]}}