{"id":29446,"date":"2026-04-27T22:55:57","date_gmt":"2026-04-27T22:55:57","guid":{"rendered":"https:\/\/ataantik05.com\/?post_type=product&#038;p=29446"},"modified":"2026-04-27T22:55:57","modified_gmt":"2026-04-27T22:55:57","slug":"orhan-gencebay-klasikleri-vol-1-3-plak","status":"publish","type":"product","link":"https:\/\/ataantik05.com\/index.php\/urun\/orhan-gencebay-klasikleri-vol-1-3-plak\/","title":{"rendered":"Orhan Gencebay &#8211; Klasikleri Vol.1 (3 Plak)"},"content":{"rendered":"<p>Format: Long Play (LP)<\/p>\n<p>Devir H\u0131z\u0131: 33 Devir<\/p>\n","protected":false},"excerpt":{"rendered":"<p><span><strong>Plak 1 A Y\u00fcz\u00fc:<\/strong><\/span><\/p>\n<ul>\n<li><span>Bats\u0131n Bu D\u00fcnya<br \/>\nS\u00f6z, M\u00fczik ve D\u00fczenleme: Orhan Gencebay<\/span><\/li>\n<li><span>Hatas\u0131z Kul Olmaz<br \/>\nS\u00f6z, M\u00fczik ve D\u00fczenleme: Orhan Gencebay<\/span><\/li>\n<li><span>Bir Teselli Ver<br \/>\nS\u00f6z, M\u00fczik ve D\u00fczenleme: Orhan Gencebay<\/span><\/li>\n<li><span>Yarabbim<br \/>\nS\u00f6z, M\u00fczik ve D\u00fczenleme: Orhan Gencebay<\/span><\/li>\n<\/ul>\n<p><span><strong>Plak 1 B Y\u00fcz\u00fc:<\/strong><\/span><\/p>\n<ul>\n<li><span>Meyhaneci (Musalla Ta\u015f\u0131)<br \/>\nS\u00f6z, M\u00fczik ve D\u00fczenleme: Orhan Gencebay<\/span><\/li>\n<li><span>K\u0131r G\u00f6nl\u00fcn\u00fcn Zincirini<br \/>\nS\u00f6z, M\u00fczik ve D\u00fczenleme: Orhan Gencebay<\/span><\/li>\n<li><span>\u00dcmit \u015eark\u0131s\u0131<br \/>\nS\u00f6z, M\u00fczik ve D\u00fczenleme: Orhan Gencebay<\/span><\/li>\n<li><span>Bunca Y\u0131l Habersiz<br \/>\nS\u00f6z, M\u00fczik ve D\u00fczenleme: Orhan Gencebay<\/span><\/li>\n<\/ul>\n<p>&nbsp;<\/p>\n<p>&nbsp;<\/p>\n<p><span><strong>Plak 2 A Y\u00fcz\u00fc:<\/strong><\/span><\/p>\n<ul>\n<li><span>Beni B\u00f6yle Sev<br \/>\nS\u00f6z, M\u00fczik ve D\u00fczenleme: Orhan Gencebay<\/span><\/li>\n<li><span>Kaderimin Oyunu<br \/>\nS\u00f6z, M\u00fczik ve D\u00fczenleme: Orhan Gencebay<\/span><\/li>\n<li><span>Dertler Benim Olsun<br \/>\nS\u00f6z, M\u00fczik ve D\u00fczenleme: Orhan Gencebay<\/span><\/li>\n<li><span>Yorgun G\u00f6zler<br \/>\nS\u00f6z, M\u00fczik ve D\u00fczenleme: Orhan Gencebay<\/span><\/li>\n<\/ul>\n<p>&nbsp;<\/p>\n<p><span><strong>Plak 2 B Y\u00fcz\u00fc:<\/strong><\/span><\/p>\n<ul>\n<li><span>\u00c7ileke\u015f<br \/>\nS\u00f6z, M\u00fczik ve D\u00fczenleme: Orhan Gencebay<\/span><\/li>\n<li><span>Bir G\u00f6r\u00fc\u015fte A\u015f\u0131k Oldum<br \/>\nS\u00f6z, M\u00fczik ve D\u00fczenleme: Orhan Gencebay<\/span><\/li>\n<li><span>Hor G\u00f6rme Garibi<br \/>\nS\u00f6z, M\u00fczik ve D\u00fczenleme: Orhan Gencebay<\/span><\/li>\n<li><span>Vazge\u00e7 G\u00f6nl\u00fcm<br \/>\nS\u00f6z, M\u00fczik ve D\u00fczenleme: Orhan Gencebay<\/span><\/li>\n<\/ul>\n<p>&nbsp;<\/p>\n<p>&nbsp;<\/p>\n<p><span><strong>Plak 3 A Y\u00fcz\u00fc:<\/strong><\/span><\/p>\n<ul>\n<li><span>A\u015fk P\u0131nar\u0131<br \/>\nS\u00f6z, M\u00fczik ve D\u00fczenleme: Orhan Gencebay<\/span><\/li>\n<li><span>Sen De Bizdensin<br \/>\nS\u00f6z, M\u00fczik ve D\u00fczenleme: Orhan Gencebay<\/span><\/li>\n<li><span>Ak\u015fam G\u00fcne\u015fi<br \/>\nS\u00f6z, M\u00fczik ve D\u00fczenleme: Orhan Gencebay<\/span><\/li>\n<li><span>D\u00f6nmeyen Y\u0131llar<br \/>\nS\u00f6z, M\u00fczik ve D\u00fczenleme: Orhan Gencebay<\/span><\/li>\n<\/ul>\n<p>&nbsp;<\/p>\n<p><span><strong>Plak 3 B Y\u00fcz\u00fc:<\/strong><\/span><\/p>\n<ul>\n<li><span>Benim D\u00fcnyam<br \/>\nS\u00f6z, M\u00fczik ve D\u00fczenleme: Orhan Gencebay<\/span><\/li>\n<li><span>Kabahat Seni Sevende<br \/>\nS\u00f6z, M\u00fczik ve D\u00fczenleme: Orhan Gencebay<\/span><\/li>\n<li><span>Ziyankar<br \/>\nS\u00f6z, M\u00fczik ve D\u00fczenleme: Orhan Gencebay<\/span><\/li>\n<li><span>Bitecek Dertlerimiz<br \/>\nS\u00f6z, M\u00fczik ve D\u00fczenleme: Orhan Gencebay<\/span><\/li>\n<\/ul>\n","protected":false},"featured_media":29447,"comment_status":"open","ping_status":"closed","template":"","meta":[],"product_brand":[],"product_cat":[76,84],"product_tag":[],"class_list":{"0":"post-29446","1":"product","2":"type-product","3":"status-publish","4":"has-post-thumbnail","6":"product_cat-plaklar","7":"product_cat-turkce-yeni-baski","9":"first","10":"instock","11":"shipping-taxable","12":"purchasable","13":"product-type-simple"},"jetpack_sharing_enabled":true,"_links":{"self":[{"href":"https:\/\/ataantik05.com\/index.php\/wp-json\/wp\/v2\/product\/29446","targetHints":{"allow":["GET"]}}],"collection":[{"href":"https:\/\/ataantik05.com\/index.php\/wp-json\/wp\/v2\/product"}],"about":[{"href":"https:\/\/ataantik05.com\/index.php\/wp-json\/wp\/v2\/types\/product"}],"replies":[{"embeddable":true,"href":"https:\/\/ataantik05.com\/index.php\/wp-json\/wp\/v2\/comments?post=29446"}],"version-history":[{"count":1,"href":"https:\/\/ataantik05.com\/index.php\/wp-json\/wp\/v2\/product\/29446\/revisions"}],"predecessor-version":[{"id":29449,"href":"https:\/\/ataantik05.com\/index.php\/wp-json\/wp\/v2\/product\/29446\/revisions\/29449"}],"wp:featuredmedia":[{"embeddable":true,"href":"https:\/\/ataantik05.com\/index.php\/wp-json\/wp\/v2\/media\/29447"}],"wp:attachment":[{"href":"https:\/\/ataantik05.com\/index.php\/wp-json\/wp\/v2\/media?parent=29446"}],"wp:term":[{"taxonomy":"product_brand","embeddable":true,"href":"https:\/\/ataantik05.com\/index.php\/wp-json\/wp\/v2\/product_brand?post=29446"},{"taxonomy":"product_cat","embeddable":true,"href":"https:\/\/ataantik05.com\/index.php\/wp-json\/wp\/v2\/product_cat?post=29446"},{"taxonomy":"product_tag","embeddable":true,"href":"https:\/\/ataantik05.com\/index.php\/wp-json\/wp\/v2\/product_tag?post=29446"}],"curies":[{"name":"wp","href":"https:\/\/api.w.org\/{rel}","templated":true}]}}