{"id":29450,"date":"2026-04-27T23:08:02","date_gmt":"2026-04-27T23:08:02","guid":{"rendered":"https:\/\/ataantik05.com\/?post_type=product&#038;p=29450"},"modified":"2026-04-27T23:08:02","modified_gmt":"2026-04-27T23:08:02","slug":"orhan-gencebay-bir-teselli-ver-plak","status":"publish","type":"product","link":"https:\/\/ataantik05.com\/index.php\/urun\/orhan-gencebay-bir-teselli-ver-plak\/","title":{"rendered":"Orhan Gencebay &#8211; Bir Teselli Ver (Plak)"},"content":{"rendered":"<p>Format: Long Play (LP)<\/p>\n<p>Devir H\u0131z\u0131: 33 Devir<\/p>\n","protected":false},"excerpt":{"rendered":"<div><b>Orhan Gencebay &#8211; Bir Teselli Ver (Plak)<\/b><\/div>\n<div><\/div>\n<div><b>A Y\u00fcz\u00fc:<\/b><\/div>\n<div><\/div>\n<ol>\n<li><b>Bir Teselli Ver<\/b><\/li>\n<li><b>Hor G\u00f6rme Garibi<\/b><\/li>\n<li><b>Sevenler Mesut Olmaz<\/b><\/li>\n<li><b>Beni de Allah Yaratt\u0131<\/b><\/li>\n<li><b>Ben Eski Halimle Daha Mesuttum<\/b><\/li>\n<li><b>Ba\u015fa Gelen \u00c7ekilirmi\u015f<\/b><\/li>\n<\/ol>\n<div><\/div>\n<div><b>B Y\u00fcz\u00fc:<\/b><\/div>\n<div><\/div>\n<ol>\n<li><b>G\u00f6n\u00fcl F\u0131rt\u0131nas\u0131<\/b><\/li>\n<li><b>Vicdan Azab\u0131<\/b><\/li>\n<li><b>Severek Ayr\u0131lal\u0131m<\/b><\/li>\n<li><b>Ba\u011fr\u0131ma Ta\u015f Bast\u0131m<\/b><\/li>\n<li><b>Her Cefa Beni Bulur<\/b><\/li>\n<li><b>\u00dcmitsiz A\u015fk<\/b><\/li>\n<\/ol>\n","protected":false},"featured_media":29451,"comment_status":"open","ping_status":"closed","template":"","meta":[],"product_brand":[],"product_cat":[76,84],"product_tag":[],"class_list":{"0":"post-29450","1":"product","2":"type-product","3":"status-publish","4":"has-post-thumbnail","6":"product_cat-plaklar","7":"product_cat-turkce-yeni-baski","9":"first","10":"instock","11":"shipping-taxable","12":"purchasable","13":"product-type-simple"},"jetpack_sharing_enabled":true,"_links":{"self":[{"href":"https:\/\/ataantik05.com\/index.php\/wp-json\/wp\/v2\/product\/29450","targetHints":{"allow":["GET"]}}],"collection":[{"href":"https:\/\/ataantik05.com\/index.php\/wp-json\/wp\/v2\/product"}],"about":[{"href":"https:\/\/ataantik05.com\/index.php\/wp-json\/wp\/v2\/types\/product"}],"replies":[{"embeddable":true,"href":"https:\/\/ataantik05.com\/index.php\/wp-json\/wp\/v2\/comments?post=29450"}],"version-history":[{"count":1,"href":"https:\/\/ataantik05.com\/index.php\/wp-json\/wp\/v2\/product\/29450\/revisions"}],"predecessor-version":[{"id":29453,"href":"https:\/\/ataantik05.com\/index.php\/wp-json\/wp\/v2\/product\/29450\/revisions\/29453"}],"wp:featuredmedia":[{"embeddable":true,"href":"https:\/\/ataantik05.com\/index.php\/wp-json\/wp\/v2\/media\/29451"}],"wp:attachment":[{"href":"https:\/\/ataantik05.com\/index.php\/wp-json\/wp\/v2\/media?parent=29450"}],"wp:term":[{"taxonomy":"product_brand","embeddable":true,"href":"https:\/\/ataantik05.com\/index.php\/wp-json\/wp\/v2\/product_brand?post=29450"},{"taxonomy":"product_cat","embeddable":true,"href":"https:\/\/ataantik05.com\/index.php\/wp-json\/wp\/v2\/product_cat?post=29450"},{"taxonomy":"product_tag","embeddable":true,"href":"https:\/\/ataantik05.com\/index.php\/wp-json\/wp\/v2\/product_tag?post=29450"}],"curies":[{"name":"wp","href":"https:\/\/api.w.org\/{rel}","templated":true}]}}