{"id":29458,"date":"2026-04-27T23:20:02","date_gmt":"2026-04-27T23:20:02","guid":{"rendered":"https:\/\/ataantik05.com\/?post_type=product&#038;p=29458"},"modified":"2026-04-27T23:20:02","modified_gmt":"2026-04-27T23:20:02","slug":"orhan-gencebay-dil-yarasi-plak","status":"publish","type":"product","link":"https:\/\/ataantik05.com\/index.php\/urun\/orhan-gencebay-dil-yarasi-plak\/","title":{"rendered":"Orhan Gencebay &#8211; Dil Yaras\u0131 (Plak)"},"content":{"rendered":"<p>Format: Long Play (LP)<\/p>\n<p>Devir H\u0131z\u0131: 33 Devir<\/p>\n","protected":false},"excerpt":{"rendered":"<p><strong>A Y\u00fcz\u00fc:<\/strong><\/p>\n<ol>\n<li>Gittide Gitti<\/li>\n<li>Sevecekmi\u015f Gibisin<\/li>\n<li>Dil Yaras\u0131<\/li>\n<li>Kahrolay\u0131m<\/li>\n<li>Sen Sev Beni<\/li>\n<\/ol>\n<p>&nbsp;<\/p>\n<p>B Y\u00fcz\u00fc:<\/p>\n<ol>\n<li>\u0130lk G\u00f6z A\u011fr\u0131m<\/li>\n<li>Zul\u00fcm<\/li>\n<li>Anlatamam Ki<\/li>\n<li>Hangi R\u00fczgar<\/li>\n<li>\u0130zin Ver \u015eu G\u00f6nl\u00fcne<\/li>\n<\/ol>\n","protected":false},"featured_media":29459,"comment_status":"open","ping_status":"closed","template":"","meta":[],"product_brand":[],"product_cat":[76,84],"product_tag":[],"class_list":{"0":"post-29458","1":"product","2":"type-product","3":"status-publish","4":"has-post-thumbnail","6":"product_cat-plaklar","7":"product_cat-turkce-yeni-baski","9":"first","10":"instock","11":"shipping-taxable","12":"purchasable","13":"product-type-simple"},"jetpack_sharing_enabled":true,"_links":{"self":[{"href":"https:\/\/ataantik05.com\/index.php\/wp-json\/wp\/v2\/product\/29458","targetHints":{"allow":["GET"]}}],"collection":[{"href":"https:\/\/ataantik05.com\/index.php\/wp-json\/wp\/v2\/product"}],"about":[{"href":"https:\/\/ataantik05.com\/index.php\/wp-json\/wp\/v2\/types\/product"}],"replies":[{"embeddable":true,"href":"https:\/\/ataantik05.com\/index.php\/wp-json\/wp\/v2\/comments?post=29458"}],"version-history":[{"count":2,"href":"https:\/\/ataantik05.com\/index.php\/wp-json\/wp\/v2\/product\/29458\/revisions"}],"predecessor-version":[{"id":29462,"href":"https:\/\/ataantik05.com\/index.php\/wp-json\/wp\/v2\/product\/29458\/revisions\/29462"}],"wp:featuredmedia":[{"embeddable":true,"href":"https:\/\/ataantik05.com\/index.php\/wp-json\/wp\/v2\/media\/29459"}],"wp:attachment":[{"href":"https:\/\/ataantik05.com\/index.php\/wp-json\/wp\/v2\/media?parent=29458"}],"wp:term":[{"taxonomy":"product_brand","embeddable":true,"href":"https:\/\/ataantik05.com\/index.php\/wp-json\/wp\/v2\/product_brand?post=29458"},{"taxonomy":"product_cat","embeddable":true,"href":"https:\/\/ataantik05.com\/index.php\/wp-json\/wp\/v2\/product_cat?post=29458"},{"taxonomy":"product_tag","embeddable":true,"href":"https:\/\/ataantik05.com\/index.php\/wp-json\/wp\/v2\/product_tag?post=29458"}],"curies":[{"name":"wp","href":"https:\/\/api.w.org\/{rel}","templated":true}]}}