{"id":29465,"date":"2026-04-27T23:28:23","date_gmt":"2026-04-27T23:28:23","guid":{"rendered":"https:\/\/ataantik05.com\/?post_type=product&#038;p=29465"},"modified":"2026-04-27T23:28:23","modified_gmt":"2026-04-27T23:28:23","slug":"orhan-gencebay-yarabbim-plak","status":"publish","type":"product","link":"https:\/\/ataantik05.com\/index.php\/urun\/orhan-gencebay-yarabbim-plak\/","title":{"rendered":"Orhan Gencebay &#8211; Yarabbim (Plak)"},"content":{"rendered":"<p>Format: Long Play (LP)<\/p>\n<p>Devir H\u0131z\u0131: 33 Devir<\/p>\n","protected":false},"excerpt":{"rendered":"<p><b>A Y\u00fcz\u00fc:\u00a0<\/b><\/p>\n<div>\n<ol>\n<li>Yarabbim<\/li>\n<li>\u00c7ileke\u015f<\/li>\n<li>Do\u011fan Bir Pi\u015fman<\/li>\n<li>Felekle Sohbet<\/li>\n<li>Dalga Dalga<\/li>\n<\/ol>\n<\/div>\n<div><b>B Y\u00fcz\u00fc:<\/b><\/div>\n<div>\n<ol>\n<li>A\u015fk De\u011fil<\/li>\n<li>Ac\u0131 G\u00f6zya\u015flar\u0131m<\/li>\n<li>Bir G\u00f6r\u00fc\u015fte<\/li>\n<li>\u00d6ld\u00fcrd\u00fcn Beni<\/li>\n<li>Vaktinde Gel Sevgilim<\/li>\n<\/ol>\n<\/div>\n","protected":false},"featured_media":29466,"comment_status":"open","ping_status":"closed","template":"","meta":[],"product_brand":[],"product_cat":[76,84],"product_tag":[],"class_list":{"0":"post-29465","1":"product","2":"type-product","3":"status-publish","4":"has-post-thumbnail","6":"product_cat-plaklar","7":"product_cat-turkce-yeni-baski","9":"first","10":"instock","11":"shipping-taxable","12":"purchasable","13":"product-type-simple"},"jetpack_sharing_enabled":true,"_links":{"self":[{"href":"https:\/\/ataantik05.com\/index.php\/wp-json\/wp\/v2\/product\/29465","targetHints":{"allow":["GET"]}}],"collection":[{"href":"https:\/\/ataantik05.com\/index.php\/wp-json\/wp\/v2\/product"}],"about":[{"href":"https:\/\/ataantik05.com\/index.php\/wp-json\/wp\/v2\/types\/product"}],"replies":[{"embeddable":true,"href":"https:\/\/ataantik05.com\/index.php\/wp-json\/wp\/v2\/comments?post=29465"}],"version-history":[{"count":1,"href":"https:\/\/ataantik05.com\/index.php\/wp-json\/wp\/v2\/product\/29465\/revisions"}],"predecessor-version":[{"id":29468,"href":"https:\/\/ataantik05.com\/index.php\/wp-json\/wp\/v2\/product\/29465\/revisions\/29468"}],"wp:featuredmedia":[{"embeddable":true,"href":"https:\/\/ataantik05.com\/index.php\/wp-json\/wp\/v2\/media\/29466"}],"wp:attachment":[{"href":"https:\/\/ataantik05.com\/index.php\/wp-json\/wp\/v2\/media?parent=29465"}],"wp:term":[{"taxonomy":"product_brand","embeddable":true,"href":"https:\/\/ataantik05.com\/index.php\/wp-json\/wp\/v2\/product_brand?post=29465"},{"taxonomy":"product_cat","embeddable":true,"href":"https:\/\/ataantik05.com\/index.php\/wp-json\/wp\/v2\/product_cat?post=29465"},{"taxonomy":"product_tag","embeddable":true,"href":"https:\/\/ataantik05.com\/index.php\/wp-json\/wp\/v2\/product_tag?post=29465"}],"curies":[{"name":"wp","href":"https:\/\/api.w.org\/{rel}","templated":true}]}}