{"id":29470,"date":"2026-04-27T23:41:50","date_gmt":"2026-04-27T23:41:50","guid":{"rendered":"https:\/\/ataantik05.com\/?post_type=product&#038;p=29470"},"modified":"2026-04-27T23:41:50","modified_gmt":"2026-04-27T23:41:50","slug":"muzeyyen-senar-divamiz-son-okuduklarim-renkli-plak","status":"publish","type":"product","link":"https:\/\/ataantik05.com\/index.php\/urun\/muzeyyen-senar-divamiz-son-okuduklarim-renkli-plak\/","title":{"rendered":"M\u00fczeyyen Senar Diva&#8217;m\u0131z &#8211; Son Okuduklar\u0131m (Renkli Plak)"},"content":{"rendered":"<p>Format: Long Play (LP)<\/p>\n<p>Devir H\u0131z\u0131: 33 Devir<\/p>\n","protected":false},"excerpt":{"rendered":"<p><span style=\"font-family: Tahoma;\">A Y\u00fcz\u00fc<\/span><\/p>\n<p><span style=\"font-family: Tahoma;\">1. Benzemez Kimse Sana<br \/>\n2. Dalgaland\u0131m da Duruldum<br \/>\n3. Keklik<br \/>\n4. Feraye<br \/>\n5. Vardar Ovas\u0131<\/span><\/p>\n<p>&nbsp;<\/p>\n<p><span style=\"font-family: Tahoma;\">B Y\u00fcz\u00fc<\/span><\/p>\n<p><span style=\"font-family: Tahoma;\">1. \u015eark\u0131lar Seni S\u00f6yler<br \/>\n2. Yan\u0131yor Mu Ye\u015fil K\u00f6\u015fk\u00fcn Lambas\u0131<br \/>\n3. G\u00fcl\u015fen-i H\u00fcsn\u00fcne<br \/>\n4. Benim Yarim Geli\u015finden Bellidir<br \/>\n5. Ormanc\u0131 Maya<\/span><\/p>\n","protected":false},"featured_media":29471,"comment_status":"open","ping_status":"closed","template":"","meta":[],"product_brand":[],"product_cat":[76,84],"product_tag":[],"class_list":{"0":"post-29470","1":"product","2":"type-product","3":"status-publish","4":"has-post-thumbnail","6":"product_cat-plaklar","7":"product_cat-turkce-yeni-baski","9":"first","10":"instock","11":"shipping-taxable","12":"purchasable","13":"product-type-simple"},"jetpack_sharing_enabled":true,"_links":{"self":[{"href":"https:\/\/ataantik05.com\/index.php\/wp-json\/wp\/v2\/product\/29470","targetHints":{"allow":["GET"]}}],"collection":[{"href":"https:\/\/ataantik05.com\/index.php\/wp-json\/wp\/v2\/product"}],"about":[{"href":"https:\/\/ataantik05.com\/index.php\/wp-json\/wp\/v2\/types\/product"}],"replies":[{"embeddable":true,"href":"https:\/\/ataantik05.com\/index.php\/wp-json\/wp\/v2\/comments?post=29470"}],"version-history":[{"count":1,"href":"https:\/\/ataantik05.com\/index.php\/wp-json\/wp\/v2\/product\/29470\/revisions"}],"predecessor-version":[{"id":29473,"href":"https:\/\/ataantik05.com\/index.php\/wp-json\/wp\/v2\/product\/29470\/revisions\/29473"}],"wp:featuredmedia":[{"embeddable":true,"href":"https:\/\/ataantik05.com\/index.php\/wp-json\/wp\/v2\/media\/29471"}],"wp:attachment":[{"href":"https:\/\/ataantik05.com\/index.php\/wp-json\/wp\/v2\/media?parent=29470"}],"wp:term":[{"taxonomy":"product_brand","embeddable":true,"href":"https:\/\/ataantik05.com\/index.php\/wp-json\/wp\/v2\/product_brand?post=29470"},{"taxonomy":"product_cat","embeddable":true,"href":"https:\/\/ataantik05.com\/index.php\/wp-json\/wp\/v2\/product_cat?post=29470"},{"taxonomy":"product_tag","embeddable":true,"href":"https:\/\/ataantik05.com\/index.php\/wp-json\/wp\/v2\/product_tag?post=29470"}],"curies":[{"name":"wp","href":"https:\/\/api.w.org\/{rel}","templated":true}]}}