{"id":29474,"date":"2026-04-27T23:46:53","date_gmt":"2026-04-27T23:46:53","guid":{"rendered":"https:\/\/ataantik05.com\/?post_type=product&#038;p=29474"},"modified":"2026-04-27T23:46:53","modified_gmt":"2026-04-27T23:46:53","slug":"muzeyyen-senar-2-dubleden-sonra-plak","status":"publish","type":"product","link":"https:\/\/ataantik05.com\/index.php\/urun\/muzeyyen-senar-2-dubleden-sonra-plak\/","title":{"rendered":"M\u00fczeyyen Senar &#8211; 2. Dubleden Sonra (Plak)"},"content":{"rendered":"<p>Format: Long Play (LP)<\/p>\n<p>Devir H\u0131z\u0131: 33 Devir<\/p>\n","protected":false},"excerpt":{"rendered":"<p><span style=\"font-family: Tahoma;\">M\u00fczeyyen Senar &#8211; 2. Dubleden Sonra (Plak)\u00a0<\/span><\/p>\n<p>&nbsp;<\/p>\n<p><span style=\"font-family: Tahoma;\">A<\/span><\/p>\n<p><span style=\"font-family: Tahoma;\">1- Telgraf\u0131n Telleri<\/span><\/p>\n<p><span style=\"font-family: Tahoma;\">2- Pencereden Ku\u015f U\u00e7tu<\/span><\/p>\n<p><span style=\"font-family: Tahoma;\">3- Gesi Ba\u011flar\u0131<\/span><\/p>\n<p><span style=\"font-family: Tahoma;\">4- Ye\u015fil \u00d6rdek Gibi<\/span><\/p>\n<p><span style=\"font-family: Tahoma;\">5- \u015eu Da\u011flar\u0131 Delmeli<\/span><\/p>\n<p><span style=\"font-family: Tahoma;\">6- Yan\u0131yor Mu Ye\u015fil K\u00f6\u015fk\u00fcn Lambas\u0131<\/span><\/p>\n<p>&nbsp;<\/p>\n<p>&nbsp;<\/p>\n<p><span style=\"font-family: Tahoma;\">B<\/span><\/p>\n<p><span style=\"font-family: Tahoma;\">1- Farfara<\/span><\/p>\n<p><span style=\"font-family: Tahoma;\">2- Ayva \u00c7i\u00e7ek A\u00e7m\u0131\u015f<\/span><\/p>\n<p><span style=\"font-family: Tahoma;\">3- Sak\u0131n Ge\u00e7 Kalma<\/span><\/p>\n<p><span style=\"font-family: Tahoma;\">4- Fincan\u0131 Ta\u015ftan Oyarlar<\/span><\/p>\n<p><span style=\"font-family: Tahoma;\">5- P\u0131nar Ba\u015f\u0131 Burma Burma<\/span><\/p>\n<p><span style=\"font-family: Tahoma;\">6- \u0130rafa Fincan Koydum<\/span><\/p>\n<p><span style=\"font-family: Tahoma;\">7- Her Sabah Her Seher<\/span><\/p>\n","protected":false},"featured_media":29475,"comment_status":"open","ping_status":"closed","template":"","meta":[],"product_brand":[],"product_cat":[76,84],"product_tag":[],"class_list":{"0":"post-29474","1":"product","2":"type-product","3":"status-publish","4":"has-post-thumbnail","6":"product_cat-plaklar","7":"product_cat-turkce-yeni-baski","9":"first","10":"instock","11":"shipping-taxable","12":"purchasable","13":"product-type-simple"},"jetpack_sharing_enabled":true,"_links":{"self":[{"href":"https:\/\/ataantik05.com\/index.php\/wp-json\/wp\/v2\/product\/29474","targetHints":{"allow":["GET"]}}],"collection":[{"href":"https:\/\/ataantik05.com\/index.php\/wp-json\/wp\/v2\/product"}],"about":[{"href":"https:\/\/ataantik05.com\/index.php\/wp-json\/wp\/v2\/types\/product"}],"replies":[{"embeddable":true,"href":"https:\/\/ataantik05.com\/index.php\/wp-json\/wp\/v2\/comments?post=29474"}],"version-history":[{"count":1,"href":"https:\/\/ataantik05.com\/index.php\/wp-json\/wp\/v2\/product\/29474\/revisions"}],"predecessor-version":[{"id":29477,"href":"https:\/\/ataantik05.com\/index.php\/wp-json\/wp\/v2\/product\/29474\/revisions\/29477"}],"wp:featuredmedia":[{"embeddable":true,"href":"https:\/\/ataantik05.com\/index.php\/wp-json\/wp\/v2\/media\/29475"}],"wp:attachment":[{"href":"https:\/\/ataantik05.com\/index.php\/wp-json\/wp\/v2\/media?parent=29474"}],"wp:term":[{"taxonomy":"product_brand","embeddable":true,"href":"https:\/\/ataantik05.com\/index.php\/wp-json\/wp\/v2\/product_brand?post=29474"},{"taxonomy":"product_cat","embeddable":true,"href":"https:\/\/ataantik05.com\/index.php\/wp-json\/wp\/v2\/product_cat?post=29474"},{"taxonomy":"product_tag","embeddable":true,"href":"https:\/\/ataantik05.com\/index.php\/wp-json\/wp\/v2\/product_tag?post=29474"}],"curies":[{"name":"wp","href":"https:\/\/api.w.org\/{rel}","templated":true}]}}