{"id":29478,"date":"2026-04-27T23:52:45","date_gmt":"2026-04-27T23:52:45","guid":{"rendered":"https:\/\/ataantik05.com\/?post_type=product&#038;p=29478"},"modified":"2026-04-27T23:52:45","modified_gmt":"2026-04-27T23:52:45","slug":"muzeyyen-senar-divamiz-son-okuduklarim-plak","status":"publish","type":"product","link":"https:\/\/ataantik05.com\/index.php\/urun\/muzeyyen-senar-divamiz-son-okuduklarim-plak\/","title":{"rendered":"M\u00fczeyyen Senar Diva&#8217;m\u0131z &#8211; Son Okuduklar\u0131m (Plak)"},"content":{"rendered":"<p>Format: Long Play (LP)<\/p>\n<p>Devir H\u0131z\u0131: 33 Devir<\/p>\n","protected":false},"excerpt":{"rendered":"<div><b>Diva\u2019m\u0131z M\u00fczeyyen Senar &#8211;\u00a0 Son Okuduklar\u0131m (Plak)<\/b><\/div>\n<div><\/div>\n<div><b>A Y\u00fcz\u00fc:<\/b><\/div>\n<p>&nbsp;<\/p>\n<ol>\n<li><b>Benzemez Kimse Sana<\/b><\/li>\n<li><b>Dalgaland\u0131m da Duruldum<\/b><\/li>\n<li><b>Keklik<\/b><\/li>\n<li><b>Feraye<\/b><\/li>\n<li><b>Vardar Ovas\u0131<\/b><\/li>\n<\/ol>\n<div><\/div>\n<div><b>B Y\u00fcz\u00fc:\u00a0<\/b><\/div>\n<div><\/div>\n<ol>\n<li><b>\u015eark\u0131lar Seni S\u00f6yler<\/b><\/li>\n<li><b>Yan\u0131yor Mu Ye\u015fil K\u00f6\u015fk\u00fcn Lambas\u0131<\/b><\/li>\n<li><b>G\u00fcl\u015fen-i H\u00fcsn\u00fcne<\/b><\/li>\n<li><b>Benim Yarim Geli\u015finden Bellidir<\/b><\/li>\n<li><b>Ormanc\u0131 Maya<\/b><\/li>\n<\/ol>\n<div>\n<div><strong>T\u00fcrk Sanat M\u00fczi\u011fi\u2019nin Diva\u2019s\u0131 \u201cSon Okuduklar\u0131m\u201d alb\u00fcm\u00fcnde birbirinden g\u00fczel \u015fark\u0131 ve t\u00fcrk\u00fcleri sizler i\u00e7in s\u00f6yl\u00fcyor\u2026<\/strong><\/div>\n<div><strong>Masterlar\u0131 Londra\u2019daki Abbey Road St\u00fcdyolar\u0131nda haz\u0131rlanan alb\u00fcm\u00fcn plak severler i\u00e7in koleksiyonlar\u0131n\u0131n de\u011fi\u015fmez bir par\u00e7as\u0131 olaca\u011f\u0131 a\u015fikar.<\/strong><\/div>\n<\/div>\n","protected":false},"featured_media":29481,"comment_status":"open","ping_status":"closed","template":"","meta":[],"product_brand":[],"product_cat":[76,84],"product_tag":[],"class_list":{"0":"post-29478","1":"product","2":"type-product","3":"status-publish","4":"has-post-thumbnail","6":"product_cat-plaklar","7":"product_cat-turkce-yeni-baski","9":"first","10":"instock","11":"shipping-taxable","12":"purchasable","13":"product-type-simple"},"jetpack_sharing_enabled":true,"_links":{"self":[{"href":"https:\/\/ataantik05.com\/index.php\/wp-json\/wp\/v2\/product\/29478","targetHints":{"allow":["GET"]}}],"collection":[{"href":"https:\/\/ataantik05.com\/index.php\/wp-json\/wp\/v2\/product"}],"about":[{"href":"https:\/\/ataantik05.com\/index.php\/wp-json\/wp\/v2\/types\/product"}],"replies":[{"embeddable":true,"href":"https:\/\/ataantik05.com\/index.php\/wp-json\/wp\/v2\/comments?post=29478"}],"version-history":[{"count":1,"href":"https:\/\/ataantik05.com\/index.php\/wp-json\/wp\/v2\/product\/29478\/revisions"}],"predecessor-version":[{"id":29482,"href":"https:\/\/ataantik05.com\/index.php\/wp-json\/wp\/v2\/product\/29478\/revisions\/29482"}],"wp:featuredmedia":[{"embeddable":true,"href":"https:\/\/ataantik05.com\/index.php\/wp-json\/wp\/v2\/media\/29481"}],"wp:attachment":[{"href":"https:\/\/ataantik05.com\/index.php\/wp-json\/wp\/v2\/media?parent=29478"}],"wp:term":[{"taxonomy":"product_brand","embeddable":true,"href":"https:\/\/ataantik05.com\/index.php\/wp-json\/wp\/v2\/product_brand?post=29478"},{"taxonomy":"product_cat","embeddable":true,"href":"https:\/\/ataantik05.com\/index.php\/wp-json\/wp\/v2\/product_cat?post=29478"},{"taxonomy":"product_tag","embeddable":true,"href":"https:\/\/ataantik05.com\/index.php\/wp-json\/wp\/v2\/product_tag?post=29478"}],"curies":[{"name":"wp","href":"https:\/\/api.w.org\/{rel}","templated":true}]}}