{"id":29501,"date":"2026-04-28T14:51:18","date_gmt":"2026-04-28T14:51:18","guid":{"rendered":"https:\/\/ataantik05.com\/?post_type=product&#038;p=29501"},"modified":"2026-04-28T14:51:18","modified_gmt":"2026-04-28T14:51:18","slug":"kamuran-akkor-bosver-uzulme-plak","status":"publish","type":"product","link":"https:\/\/ataantik05.com\/index.php\/urun\/kamuran-akkor-bosver-uzulme-plak\/","title":{"rendered":"Kamuran Akkor &#8211; Bo\u015fver \u00dcz\u00fclme (Plak)"},"content":{"rendered":"<p>Format: Long Play (LP)<\/p>\n<p>Devir H\u0131z\u0131: 33 Devir<\/p>\n","protected":false},"excerpt":{"rendered":"<p><strong>A Y\u00fcz\u00fc:<\/strong><br \/>\n1-Bo\u015fver \u00dcz\u00fclme<br \/>\n2-Yorgun<br \/>\n3-Ne Fayda<br \/>\n4-Bu \u015eehri Terkedece\u011fim<br \/>\n5-\u0130ftira<br \/>\nB Y\u00fcz\u00fc:<\/p>\n<p><strong>1-A\u015fk\u0131m\u0131n G\u00fcnah\u0131 Sensin<br \/>\n2-Yaranamad\u0131m<br \/>\n3-Karar\u0131n\u0131 Ver Art\u0131k<br \/>\n4-\u00c7are Sende Allah\u0131m<br \/>\n5-\u00dc\u00e7 G\u00fcn A\u011flars\u0131n<\/strong><\/p>\n<p>Y\u00dcKSEK SES KAL\u0130TES\u0130NDE ORJ\u0130NAL REMASTERED. 33 DEV\u0130R STEREO. 180 GRAM. A\u00c7ILIR KAPAK.<\/p>\n","protected":false},"featured_media":29502,"comment_status":"open","ping_status":"closed","template":"","meta":[],"product_brand":[],"product_cat":[76,84],"product_tag":[],"class_list":{"0":"post-29501","1":"product","2":"type-product","3":"status-publish","4":"has-post-thumbnail","6":"product_cat-plaklar","7":"product_cat-turkce-yeni-baski","9":"first","10":"instock","11":"shipping-taxable","12":"purchasable","13":"product-type-simple"},"jetpack_sharing_enabled":true,"_links":{"self":[{"href":"https:\/\/ataantik05.com\/index.php\/wp-json\/wp\/v2\/product\/29501","targetHints":{"allow":["GET"]}}],"collection":[{"href":"https:\/\/ataantik05.com\/index.php\/wp-json\/wp\/v2\/product"}],"about":[{"href":"https:\/\/ataantik05.com\/index.php\/wp-json\/wp\/v2\/types\/product"}],"replies":[{"embeddable":true,"href":"https:\/\/ataantik05.com\/index.php\/wp-json\/wp\/v2\/comments?post=29501"}],"version-history":[{"count":1,"href":"https:\/\/ataantik05.com\/index.php\/wp-json\/wp\/v2\/product\/29501\/revisions"}],"predecessor-version":[{"id":29504,"href":"https:\/\/ataantik05.com\/index.php\/wp-json\/wp\/v2\/product\/29501\/revisions\/29504"}],"wp:featuredmedia":[{"embeddable":true,"href":"https:\/\/ataantik05.com\/index.php\/wp-json\/wp\/v2\/media\/29502"}],"wp:attachment":[{"href":"https:\/\/ataantik05.com\/index.php\/wp-json\/wp\/v2\/media?parent=29501"}],"wp:term":[{"taxonomy":"product_brand","embeddable":true,"href":"https:\/\/ataantik05.com\/index.php\/wp-json\/wp\/v2\/product_brand?post=29501"},{"taxonomy":"product_cat","embeddable":true,"href":"https:\/\/ataantik05.com\/index.php\/wp-json\/wp\/v2\/product_cat?post=29501"},{"taxonomy":"product_tag","embeddable":true,"href":"https:\/\/ataantik05.com\/index.php\/wp-json\/wp\/v2\/product_tag?post=29501"}],"curies":[{"name":"wp","href":"https:\/\/api.w.org\/{rel}","templated":true}]}}