{"id":29510,"date":"2026-04-28T18:26:12","date_gmt":"2026-04-28T18:26:12","guid":{"rendered":"https:\/\/ataantik05.com\/?post_type=product&#038;p=29510"},"modified":"2026-04-28T18:26:12","modified_gmt":"2026-04-28T18:26:12","slug":"erol-evgin-altin-duetler-plak","status":"publish","type":"product","link":"https:\/\/ataantik05.com\/index.php\/urun\/erol-evgin-altin-duetler-plak\/","title":{"rendered":"Erol Evgin &#8211; Alt\u0131n D\u00fcetler (Plak)"},"content":{"rendered":"<p>Format: Long Play (LP)<\/p>\n<p>Devir H\u0131z\u0131: 33 Devir<\/p>\n","protected":false},"excerpt":{"rendered":"<ol>\n<li>Sevdan Olmasa \/ Erol Evgin &amp; Hande Yener (D\u00fcet)<\/li>\n<li>Ate\u015fle Oynama \/ Erol Evgin &amp; S\u0131la (D\u00fcet)<\/li>\n<li>\u0130\u015fte \u00d6yle Bir \u015eey \/ Erol Evgin &amp; Emel Say\u0131n (D\u00fcet)<\/li>\n<li>Ben \u0130mkans\u0131z A\u015fklar \u0130\u00e7in Yarat\u0131lm\u0131\u015f\u0131m \/ Erol Evgin &amp; Sezen Aksu (D\u00fcet)<\/li>\n<li>Ald\u0131m Ba\u015f\u0131m\u0131 Gidiyorum \/ Erol Evgin &amp; Candan Er\u00e7etin (D\u00fcet)<\/li>\n<li>S\u00f6yle Can\u0131m \/ Erol Evgin &amp; A\u015fk\u0131n Nur Yengi (D\u00fcet)<\/li>\n<li>Bir De Bana Sor \/ Erol Evgin &amp; N\u00fckhet Duru (D\u00fcet)<\/li>\n<li>Hep B\u00f6yle Kal \/ Erol Evgin &amp; Zuhal Olcay (D\u00fcet)<\/li>\n<li>Neydi O Y\u0131llar \/ Erol Evgin &amp; \u015eevval Sam (D\u00fcet)<\/li>\n<li>R\u00fcya \/ Erol Evgin &amp; G\u00f6ksel (D\u00fcet)<\/li>\n<\/ol>\n","protected":false},"featured_media":29511,"comment_status":"open","ping_status":"closed","template":"","meta":[],"product_brand":[],"product_cat":[76,84],"product_tag":[],"class_list":{"0":"post-29510","1":"product","2":"type-product","3":"status-publish","4":"has-post-thumbnail","6":"product_cat-plaklar","7":"product_cat-turkce-yeni-baski","9":"first","10":"instock","11":"shipping-taxable","12":"purchasable","13":"product-type-simple"},"jetpack_sharing_enabled":true,"_links":{"self":[{"href":"https:\/\/ataantik05.com\/index.php\/wp-json\/wp\/v2\/product\/29510","targetHints":{"allow":["GET"]}}],"collection":[{"href":"https:\/\/ataantik05.com\/index.php\/wp-json\/wp\/v2\/product"}],"about":[{"href":"https:\/\/ataantik05.com\/index.php\/wp-json\/wp\/v2\/types\/product"}],"replies":[{"embeddable":true,"href":"https:\/\/ataantik05.com\/index.php\/wp-json\/wp\/v2\/comments?post=29510"}],"version-history":[{"count":1,"href":"https:\/\/ataantik05.com\/index.php\/wp-json\/wp\/v2\/product\/29510\/revisions"}],"predecessor-version":[{"id":29512,"href":"https:\/\/ataantik05.com\/index.php\/wp-json\/wp\/v2\/product\/29510\/revisions\/29512"}],"wp:featuredmedia":[{"embeddable":true,"href":"https:\/\/ataantik05.com\/index.php\/wp-json\/wp\/v2\/media\/29511"}],"wp:attachment":[{"href":"https:\/\/ataantik05.com\/index.php\/wp-json\/wp\/v2\/media?parent=29510"}],"wp:term":[{"taxonomy":"product_brand","embeddable":true,"href":"https:\/\/ataantik05.com\/index.php\/wp-json\/wp\/v2\/product_brand?post=29510"},{"taxonomy":"product_cat","embeddable":true,"href":"https:\/\/ataantik05.com\/index.php\/wp-json\/wp\/v2\/product_cat?post=29510"},{"taxonomy":"product_tag","embeddable":true,"href":"https:\/\/ataantik05.com\/index.php\/wp-json\/wp\/v2\/product_tag?post=29510"}],"curies":[{"name":"wp","href":"https:\/\/api.w.org\/{rel}","templated":true}]}}