{"id":29513,"date":"2026-04-28T18:31:41","date_gmt":"2026-04-28T18:31:41","guid":{"rendered":"https:\/\/ataantik05.com\/?post_type=product&#038;p=29513"},"modified":"2026-04-28T18:31:42","modified_gmt":"2026-04-28T18:31:42","slug":"murat-gogebakan-merhaba-unutulmayanlar-plak","status":"publish","type":"product","link":"https:\/\/ataantik05.com\/index.php\/urun\/murat-gogebakan-merhaba-unutulmayanlar-plak\/","title":{"rendered":"Murat G\u00f6\u011febakan &#8211; Merhaba \/ Unutulmayanlar (Plak)"},"content":{"rendered":"<p>Format: Long Play (LP)<\/p>\n<p>Devir H\u0131z\u0131: 33 Devir<\/p>\n","protected":false},"excerpt":{"rendered":"<p><span style=\"font-family: Tahoma;\">Plak A Y\u00fcz\u00fc:<\/span><\/p>\n<p>&nbsp;<\/p>\n<ol>\n<li><span style=\"font-family: Tahoma;\"><strong>Merhaba<\/strong><br \/>\nS\u00f6z: Ya\u015far Kemal \/ M\u00fczik: Z\u00fclf\u00fc Livaneli<\/span><\/li>\n<li><span style=\"font-family: Tahoma;\"><strong>Geceler<\/strong><br \/>\nS\u00f6z &amp; M\u00fczik: Murat G\u00f6\u011febakan<\/span><\/li>\n<li><span style=\"font-family: Tahoma;\"><strong>Korkirem<\/strong><br \/>\nS\u00f6z: Mirza Elekber Sabir \/ M\u00fczik: Yavuz Top<\/span><\/li>\n<li><span style=\"font-family: Tahoma;\"><strong>Yeminin Mi Var<\/strong><br \/>\nS\u00f6z &amp; M\u00fczik: Levent Filiz<\/span><\/li>\n<li><span style=\"font-family: Tahoma;\"><strong>Sevda T\u00fcrk\u00fcs\u00fc<\/strong><br \/>\nS\u00f6z: Sami Hazinses &amp; Murat G\u00f6\u011febakan \/ M\u00fczik: Murat G\u00f6\u011febakan<\/span><\/li>\n<\/ol>\n<p>&nbsp;<\/p>\n<p><span style=\"font-family: Tahoma;\">Plak B Y\u00fcz\u00fc:<\/span><\/p>\n<p>&nbsp;<\/p>\n<ol>\n<li><span style=\"font-family: Tahoma;\"><strong>Gitme Turnam<\/strong><br \/>\nS\u00f6z &amp; M\u00fczik: Anonim<\/span><\/li>\n<li><span style=\"font-family: Tahoma;\"><strong>Yar<\/strong><br \/>\nS\u00f6z &amp; M\u00fczik: Murat G\u00f6\u011febakan<\/span><\/li>\n<li><span style=\"font-family: Tahoma;\"><strong>A\u011flarsa Anam A\u011flar<\/strong><br \/>\nS\u00f6z &amp; M\u00fczik: Feridun H\u00fcrel<\/span><\/li>\n<li><span style=\"font-family: Tahoma;\"><strong>Erenler Sofras\u0131<\/strong><br \/>\nS\u00f6z &amp; M\u00fczik: Murat G\u00f6\u011febakan<\/span><\/li>\n<li><span style=\"font-family: Tahoma;\"><strong>Yekte<\/strong><br \/>\nS\u00f6z &amp; M\u00fczik: Anonim<\/span><\/li>\n<\/ol>\n","protected":false},"featured_media":29515,"comment_status":"open","ping_status":"closed","template":"","meta":[],"product_brand":[],"product_cat":[76,84],"product_tag":[],"class_list":{"0":"post-29513","1":"product","2":"type-product","3":"status-publish","4":"has-post-thumbnail","6":"product_cat-plaklar","7":"product_cat-turkce-yeni-baski","9":"first","10":"instock","11":"shipping-taxable","12":"purchasable","13":"product-type-simple"},"jetpack_sharing_enabled":true,"_links":{"self":[{"href":"https:\/\/ataantik05.com\/index.php\/wp-json\/wp\/v2\/product\/29513","targetHints":{"allow":["GET"]}}],"collection":[{"href":"https:\/\/ataantik05.com\/index.php\/wp-json\/wp\/v2\/product"}],"about":[{"href":"https:\/\/ataantik05.com\/index.php\/wp-json\/wp\/v2\/types\/product"}],"replies":[{"embeddable":true,"href":"https:\/\/ataantik05.com\/index.php\/wp-json\/wp\/v2\/comments?post=29513"}],"version-history":[{"count":1,"href":"https:\/\/ataantik05.com\/index.php\/wp-json\/wp\/v2\/product\/29513\/revisions"}],"predecessor-version":[{"id":29517,"href":"https:\/\/ataantik05.com\/index.php\/wp-json\/wp\/v2\/product\/29513\/revisions\/29517"}],"wp:featuredmedia":[{"embeddable":true,"href":"https:\/\/ataantik05.com\/index.php\/wp-json\/wp\/v2\/media\/29515"}],"wp:attachment":[{"href":"https:\/\/ataantik05.com\/index.php\/wp-json\/wp\/v2\/media?parent=29513"}],"wp:term":[{"taxonomy":"product_brand","embeddable":true,"href":"https:\/\/ataantik05.com\/index.php\/wp-json\/wp\/v2\/product_brand?post=29513"},{"taxonomy":"product_cat","embeddable":true,"href":"https:\/\/ataantik05.com\/index.php\/wp-json\/wp\/v2\/product_cat?post=29513"},{"taxonomy":"product_tag","embeddable":true,"href":"https:\/\/ataantik05.com\/index.php\/wp-json\/wp\/v2\/product_tag?post=29513"}],"curies":[{"name":"wp","href":"https:\/\/api.w.org\/{rel}","templated":true}]}}