{"id":29518,"date":"2026-04-28T18:43:00","date_gmt":"2026-04-28T18:43:00","guid":{"rendered":"https:\/\/ataantik05.com\/?post_type=product&#038;p=29518"},"modified":"2026-05-01T01:58:23","modified_gmt":"2026-05-01T01:58:23","slug":"muzeyyen-senar-yayinlanmamis-sarkilar-plak","status":"publish","type":"product","link":"https:\/\/ataantik05.com\/index.php\/urun\/muzeyyen-senar-yayinlanmamis-sarkilar-plak\/","title":{"rendered":"M\u00fczeyyen Senar &#8211; Yay\u0131nlanmam\u0131\u015f \u015eark\u0131lar (Plak)"},"content":{"rendered":"<p>Format: Long Play (LP)<\/p>\n<p>Devir H\u0131z\u0131: 33 Devir<\/p>\n","protected":false},"excerpt":{"rendered":"<p><strong>A)<\/strong><\/p>\n<ol>\n<li>Bir \u0130htimal Daha Var<\/li>\n<li>Yine Bu Y\u0131l Ada Sensiz<\/li>\n<li>Ben K\u00fcsk\u00fcn\u00fcm Fele\u011fe<\/li>\n<li>Nihans\u0131n Dideden<\/li>\n<li>Kimseye Etmem \u015eikayet<\/li>\n<\/ol>\n<p><strong>B)<\/strong><\/p>\n<ol>\n<li>Kader B\u00f6yle \u0130mi\u015f<\/li>\n<li>Gelse O \u015euh Meclise<\/li>\n<li>Karl\u0131 Da\u011f\u0131 A\u015ft\u0131m Geldim<\/li>\n<li>Aman Cana Beni \u015eadet<\/li>\n<li>Habu Gah-i Yare Girdim<\/li>\n<li>G\u00f6n\u00fcl Nedir Bilene<\/li>\n<\/ol>\n","protected":false},"featured_media":29519,"comment_status":"open","ping_status":"closed","template":"","meta":[],"product_brand":[],"product_cat":[76,84],"product_tag":[],"class_list":{"0":"post-29518","1":"product","2":"type-product","3":"status-publish","4":"has-post-thumbnail","6":"product_cat-plaklar","7":"product_cat-turkce-yeni-baski","9":"first","10":"instock","11":"shipping-taxable","12":"purchasable","13":"product-type-simple"},"jetpack_sharing_enabled":true,"_links":{"self":[{"href":"https:\/\/ataantik05.com\/index.php\/wp-json\/wp\/v2\/product\/29518","targetHints":{"allow":["GET"]}}],"collection":[{"href":"https:\/\/ataantik05.com\/index.php\/wp-json\/wp\/v2\/product"}],"about":[{"href":"https:\/\/ataantik05.com\/index.php\/wp-json\/wp\/v2\/types\/product"}],"replies":[{"embeddable":true,"href":"https:\/\/ataantik05.com\/index.php\/wp-json\/wp\/v2\/comments?post=29518"}],"version-history":[{"count":1,"href":"https:\/\/ataantik05.com\/index.php\/wp-json\/wp\/v2\/product\/29518\/revisions"}],"predecessor-version":[{"id":29520,"href":"https:\/\/ataantik05.com\/index.php\/wp-json\/wp\/v2\/product\/29518\/revisions\/29520"}],"wp:featuredmedia":[{"embeddable":true,"href":"https:\/\/ataantik05.com\/index.php\/wp-json\/wp\/v2\/media\/29519"}],"wp:attachment":[{"href":"https:\/\/ataantik05.com\/index.php\/wp-json\/wp\/v2\/media?parent=29518"}],"wp:term":[{"taxonomy":"product_brand","embeddable":true,"href":"https:\/\/ataantik05.com\/index.php\/wp-json\/wp\/v2\/product_brand?post=29518"},{"taxonomy":"product_cat","embeddable":true,"href":"https:\/\/ataantik05.com\/index.php\/wp-json\/wp\/v2\/product_cat?post=29518"},{"taxonomy":"product_tag","embeddable":true,"href":"https:\/\/ataantik05.com\/index.php\/wp-json\/wp\/v2\/product_tag?post=29518"}],"curies":[{"name":"wp","href":"https:\/\/api.w.org\/{rel}","templated":true}]}}