{"id":29521,"date":"2026-04-28T18:47:37","date_gmt":"2026-04-28T18:47:37","guid":{"rendered":"https:\/\/ataantik05.com\/?post_type=product&#038;p=29521"},"modified":"2026-04-28T18:47:37","modified_gmt":"2026-04-28T18:47:37","slug":"cem-karaca-the-best-of-4-plak","status":"publish","type":"product","link":"https:\/\/ataantik05.com\/index.php\/urun\/cem-karaca-the-best-of-4-plak\/","title":{"rendered":"Cem Karaca &#8211; The Best Of 4 (Plak)"},"content":{"rendered":"<p>Format: Long Play (LP)<\/p>\n<p>Devir H\u0131z\u0131: 33 Devir<\/p>\n","protected":false},"excerpt":{"rendered":"<p><span style=\"font-family: Tahoma;\">A Y\u00fcz\u00fc<\/span><\/p>\n<p><span style=\"font-family: Tahoma;\">1-Nem Kald\u0131<br \/>\n2-Adilo\u015f Bebe<br \/>\n3-Oy Bana Bana<br \/>\n4-Neredesin<br \/>\n5-Oy G\u00fcl\u00fcm Oy<br \/>\n6-\u0130htiyar Oldum<\/span><\/p>\n<p>&nbsp;<\/p>\n<p><span style=\"font-family: Tahoma;\">B Y\u00fcz\u00fc<\/span><\/p>\n<p><span style=\"font-family: Tahoma;\">1-Mutlaka Yavrum<br \/>\n2-Kerem Gibi<br \/>\n3-Kara Sevda<br \/>\n4-Unutamad\u0131\u011f\u0131m<br \/>\n5-Yi\u011fitler<br \/>\n6-\u00c7\u00f6kertme<\/span><\/p>\n","protected":false},"featured_media":29523,"comment_status":"open","ping_status":"closed","template":"","meta":[],"product_brand":[],"product_cat":[76,84],"product_tag":[],"class_list":{"0":"post-29521","1":"product","2":"type-product","3":"status-publish","4":"has-post-thumbnail","6":"product_cat-plaklar","7":"product_cat-turkce-yeni-baski","9":"first","10":"instock","11":"shipping-taxable","12":"purchasable","13":"product-type-simple"},"jetpack_sharing_enabled":true,"_links":{"self":[{"href":"https:\/\/ataantik05.com\/index.php\/wp-json\/wp\/v2\/product\/29521","targetHints":{"allow":["GET"]}}],"collection":[{"href":"https:\/\/ataantik05.com\/index.php\/wp-json\/wp\/v2\/product"}],"about":[{"href":"https:\/\/ataantik05.com\/index.php\/wp-json\/wp\/v2\/types\/product"}],"replies":[{"embeddable":true,"href":"https:\/\/ataantik05.com\/index.php\/wp-json\/wp\/v2\/comments?post=29521"}],"version-history":[{"count":1,"href":"https:\/\/ataantik05.com\/index.php\/wp-json\/wp\/v2\/product\/29521\/revisions"}],"predecessor-version":[{"id":29525,"href":"https:\/\/ataantik05.com\/index.php\/wp-json\/wp\/v2\/product\/29521\/revisions\/29525"}],"wp:featuredmedia":[{"embeddable":true,"href":"https:\/\/ataantik05.com\/index.php\/wp-json\/wp\/v2\/media\/29523"}],"wp:attachment":[{"href":"https:\/\/ataantik05.com\/index.php\/wp-json\/wp\/v2\/media?parent=29521"}],"wp:term":[{"taxonomy":"product_brand","embeddable":true,"href":"https:\/\/ataantik05.com\/index.php\/wp-json\/wp\/v2\/product_brand?post=29521"},{"taxonomy":"product_cat","embeddable":true,"href":"https:\/\/ataantik05.com\/index.php\/wp-json\/wp\/v2\/product_cat?post=29521"},{"taxonomy":"product_tag","embeddable":true,"href":"https:\/\/ataantik05.com\/index.php\/wp-json\/wp\/v2\/product_tag?post=29521"}],"curies":[{"name":"wp","href":"https:\/\/api.w.org\/{rel}","templated":true}]}}