{"id":29526,"date":"2026-04-28T18:51:21","date_gmt":"2026-04-28T18:51:21","guid":{"rendered":"https:\/\/ataantik05.com\/?post_type=product&#038;p=29526"},"modified":"2026-04-28T18:51:21","modified_gmt":"2026-04-28T18:51:21","slug":"cem-karaca-the-best-of-vol-2-plak","status":"publish","type":"product","link":"https:\/\/ataantik05.com\/index.php\/urun\/cem-karaca-the-best-of-vol-2-plak\/","title":{"rendered":"Cem Karaca &#8211; The Best Of Vol.2 (Plak)"},"content":{"rendered":"<p>Format: Long Play (LP)<\/p>\n<p>Devir H\u0131z\u0131: 33 Devir<\/p>\n","protected":false},"excerpt":{"rendered":"<p><strong>A Y\u00fcz\u00fc:<\/strong><\/p>\n<p>&nbsp;<\/p>\n<p>1- Beni Siz Delirttiniz<\/p>\n<p>2- Parka<br \/>\n3- Demedim M\u0130<br \/>\n4- Asri Gurbet<br \/>\n5- Askaros Deresi<br \/>\n6- Bir Mirasyediye A\u011f\u0131t<br \/>\n7- \u00dcz\u00fcm Kald\u0131<\/p>\n<p>&nbsp;<\/p>\n<p>B Y\u00fcz\u00fc:<\/p>\n<p>&nbsp;<\/p>\n<p><strong>1- Emmio\u011flu<br \/>\n2- \u0130htarname<br \/>\n3- Kazak Abdal<br \/>\n4- Kara Y\u0131lan<br \/>\n5- Zeyno<br \/>\n6- Erenler<br \/>\n7- Kara \u00dcz\u00fcm<br \/>\n8- Hasan Kalesi<\/strong><\/p>\n","protected":false},"featured_media":29527,"comment_status":"open","ping_status":"closed","template":"","meta":[],"product_brand":[],"product_cat":[76,84],"product_tag":[],"class_list":{"0":"post-29526","1":"product","2":"type-product","3":"status-publish","4":"has-post-thumbnail","6":"product_cat-plaklar","7":"product_cat-turkce-yeni-baski","9":"first","10":"instock","11":"shipping-taxable","12":"purchasable","13":"product-type-simple"},"jetpack_sharing_enabled":true,"_links":{"self":[{"href":"https:\/\/ataantik05.com\/index.php\/wp-json\/wp\/v2\/product\/29526","targetHints":{"allow":["GET"]}}],"collection":[{"href":"https:\/\/ataantik05.com\/index.php\/wp-json\/wp\/v2\/product"}],"about":[{"href":"https:\/\/ataantik05.com\/index.php\/wp-json\/wp\/v2\/types\/product"}],"replies":[{"embeddable":true,"href":"https:\/\/ataantik05.com\/index.php\/wp-json\/wp\/v2\/comments?post=29526"}],"version-history":[{"count":1,"href":"https:\/\/ataantik05.com\/index.php\/wp-json\/wp\/v2\/product\/29526\/revisions"}],"predecessor-version":[{"id":29529,"href":"https:\/\/ataantik05.com\/index.php\/wp-json\/wp\/v2\/product\/29526\/revisions\/29529"}],"wp:featuredmedia":[{"embeddable":true,"href":"https:\/\/ataantik05.com\/index.php\/wp-json\/wp\/v2\/media\/29527"}],"wp:attachment":[{"href":"https:\/\/ataantik05.com\/index.php\/wp-json\/wp\/v2\/media?parent=29526"}],"wp:term":[{"taxonomy":"product_brand","embeddable":true,"href":"https:\/\/ataantik05.com\/index.php\/wp-json\/wp\/v2\/product_brand?post=29526"},{"taxonomy":"product_cat","embeddable":true,"href":"https:\/\/ataantik05.com\/index.php\/wp-json\/wp\/v2\/product_cat?post=29526"},{"taxonomy":"product_tag","embeddable":true,"href":"https:\/\/ataantik05.com\/index.php\/wp-json\/wp\/v2\/product_tag?post=29526"}],"curies":[{"name":"wp","href":"https:\/\/api.w.org\/{rel}","templated":true}]}}