{"id":29530,"date":"2026-04-28T18:54:58","date_gmt":"2026-04-28T18:54:58","guid":{"rendered":"https:\/\/ataantik05.com\/?post_type=product&#038;p=29530"},"modified":"2026-04-28T18:54:58","modified_gmt":"2026-04-28T18:54:58","slug":"cem-karaca-the-best-of-plak","status":"publish","type":"product","link":"https:\/\/ataantik05.com\/index.php\/urun\/cem-karaca-the-best-of-plak\/","title":{"rendered":"Cem Karaca &#8211; The Best Of (Plak)"},"content":{"rendered":"<p>Format: Long Play (LP)<\/p>\n<p>Devir H\u0131z\u0131: 33 Devir<\/p>\n","protected":false},"excerpt":{"rendered":"<p><strong>A Y\u00fcz\u00fc:<\/strong><\/p>\n<ol>\n<li>Naamus Belas\u0131 &#8211; S\u00f6z M\u00fczik: Cem Karaca<\/li>\n<li>Gel Gel &#8211; S\u00f6z M\u00fczik: Cem Karaca<\/li>\n<li>Kendim Ettim Kendim Buldum &#8211; S\u00f6z M\u00fczik: Ne\u015fet Erta\u015f<\/li>\n<li>\u0130stanbul\u2019u Dinliyorum &#8211; S\u00f6z: Orhan Veli Kan\u0131k \/ M\u00fczik: Cem Karaca<\/li>\n<li>O Leyli &#8211; S\u00f6z: Erzurumlu A\u015f\u0131k Emrah \/ M\u00fczik: Cem Karaca<\/li>\n<li>Edal\u0131 Gelin &#8211; S\u00f6z M\u00fczik: Mahmut \u00d6z\u00e7ift\u00e7i<\/li>\n<\/ol>\n<p>B Y\u00fcz\u00fc:<\/p>\n<ol>\n<li>Tamirci \u00c7\u0131ra\u011f\u0131 &#8211; S\u00f6z M\u00fczik: Cem Karaca<\/li>\n<li>Obur D\u00fcnya &#8211; S\u00f6z: Muhlis Akarsu \/ M\u00fczik: Cem Karaca<\/li>\n<li>Niksar &#8211; S\u00f6z M\u00fczik: Anonim<\/li>\n<li>Karacao\u011flan &#8211; S\u00f6z: Karacao\u011flan \/ M\u00fczik: Cem Karaca<\/li>\n<li>\u00dcryan Geldim &#8211; S\u00f6z: Karacao\u011flan \/ M\u00fczik: Cem Karaca<\/li>\n<li>O\u011fluma &#8211; \u00a0S\u00f6z M\u00fczik: Cem Karaca<\/li>\n<\/ol>\n","protected":false},"featured_media":29531,"comment_status":"open","ping_status":"closed","template":"","meta":[],"product_brand":[],"product_cat":[76,84],"product_tag":[],"class_list":{"0":"post-29530","1":"product","2":"type-product","3":"status-publish","4":"has-post-thumbnail","6":"product_cat-plaklar","7":"product_cat-turkce-yeni-baski","9":"first","10":"instock","11":"shipping-taxable","12":"purchasable","13":"product-type-simple"},"jetpack_sharing_enabled":true,"_links":{"self":[{"href":"https:\/\/ataantik05.com\/index.php\/wp-json\/wp\/v2\/product\/29530","targetHints":{"allow":["GET"]}}],"collection":[{"href":"https:\/\/ataantik05.com\/index.php\/wp-json\/wp\/v2\/product"}],"about":[{"href":"https:\/\/ataantik05.com\/index.php\/wp-json\/wp\/v2\/types\/product"}],"replies":[{"embeddable":true,"href":"https:\/\/ataantik05.com\/index.php\/wp-json\/wp\/v2\/comments?post=29530"}],"version-history":[{"count":1,"href":"https:\/\/ataantik05.com\/index.php\/wp-json\/wp\/v2\/product\/29530\/revisions"}],"predecessor-version":[{"id":29533,"href":"https:\/\/ataantik05.com\/index.php\/wp-json\/wp\/v2\/product\/29530\/revisions\/29533"}],"wp:featuredmedia":[{"embeddable":true,"href":"https:\/\/ataantik05.com\/index.php\/wp-json\/wp\/v2\/media\/29531"}],"wp:attachment":[{"href":"https:\/\/ataantik05.com\/index.php\/wp-json\/wp\/v2\/media?parent=29530"}],"wp:term":[{"taxonomy":"product_brand","embeddable":true,"href":"https:\/\/ataantik05.com\/index.php\/wp-json\/wp\/v2\/product_brand?post=29530"},{"taxonomy":"product_cat","embeddable":true,"href":"https:\/\/ataantik05.com\/index.php\/wp-json\/wp\/v2\/product_cat?post=29530"},{"taxonomy":"product_tag","embeddable":true,"href":"https:\/\/ataantik05.com\/index.php\/wp-json\/wp\/v2\/product_tag?post=29530"}],"curies":[{"name":"wp","href":"https:\/\/api.w.org\/{rel}","templated":true}]}}