{"id":29539,"date":"2026-04-28T19:01:39","date_gmt":"2026-04-28T19:01:39","guid":{"rendered":"https:\/\/ataantik05.com\/?post_type=product&#038;p=29539"},"modified":"2026-04-28T19:01:39","modified_gmt":"2026-04-28T19:01:39","slug":"cem-karaca-merhaba-gencler-plak","status":"publish","type":"product","link":"https:\/\/ataantik05.com\/index.php\/urun\/cem-karaca-merhaba-gencler-plak\/","title":{"rendered":"Cem Karaca &#8211; Merhaba Gen\u00e7ler (Plak)"},"content":{"rendered":"<p>Format: Long Play (LP)<\/p>\n<p>Devir H\u0131z\u0131: 33 Devir<\/p>\n","protected":false},"excerpt":{"rendered":"<p><u>A:<\/u><\/p>\n<ol>\n<li>Bedava Ya\u015f\u0131yoruz<br \/>\nS\u00f6z: Orhan Veli\u00a0\u00a0\u00a0\u00a0 M\u00fczik: Cem Karaca<\/li>\n<li>\u0130\u015fte Geldik Gidiyoruz<br \/>\nS\u00f6z &amp; M\u00fczik: Cem Karaca<\/li>\n<li>Can\u0131m Benim<br \/>\nS\u00f6z &amp; M\u00fczik: Cem Karaca<\/li>\n<li>Yar\u0131m Porsiyon Ayd\u0131nl\u0131k<br \/>\nS\u00f6z &amp; M\u00fczik: Cem Karaca<\/li>\n<\/ol>\n<p><u>B:<\/u><\/p>\n<ol>\n<li>Ceviz A\u011fac\u0131<br \/>\nS\u00f6z: Naz\u0131m Hikmet\u00a0\u00a0\u00a0\u00a0 M\u00fczik: Cem Karaca<\/li>\n<li>\u00c7ok Yorgunum<br \/>\nS\u00f6z: Naz\u0131m Hikmet\u00a0\u00a0\u00a0\u00a0 M\u00fczik: Cem Karaca<\/li>\n<li>Hep Kah\u0131r<br \/>\nS\u00f6z &amp; M\u00fczik: Cem Karaca<\/li>\n<li>Karadut<br \/>\nS\u00f6z: B.R Ey\u00fcbo\u011flu\u00a0\u00a0\u00a0\u00a0 M\u00fczik: Cem Karaca<\/li>\n<li>\u00c7ark-\u0131 Felek<br \/>\nS\u00f6z: \u00d6mer Hayyam\u00a0\u00a0\u00a0\u00a0 M\u00fczik: Cem Karaca<\/li>\n<\/ol>\n","protected":false},"featured_media":29540,"comment_status":"open","ping_status":"closed","template":"","meta":[],"product_brand":[],"product_cat":[76,84],"product_tag":[],"class_list":{"0":"post-29539","1":"product","2":"type-product","3":"status-publish","4":"has-post-thumbnail","6":"product_cat-plaklar","7":"product_cat-turkce-yeni-baski","9":"first","10":"instock","11":"shipping-taxable","12":"purchasable","13":"product-type-simple"},"jetpack_sharing_enabled":true,"_links":{"self":[{"href":"https:\/\/ataantik05.com\/index.php\/wp-json\/wp\/v2\/product\/29539","targetHints":{"allow":["GET"]}}],"collection":[{"href":"https:\/\/ataantik05.com\/index.php\/wp-json\/wp\/v2\/product"}],"about":[{"href":"https:\/\/ataantik05.com\/index.php\/wp-json\/wp\/v2\/types\/product"}],"replies":[{"embeddable":true,"href":"https:\/\/ataantik05.com\/index.php\/wp-json\/wp\/v2\/comments?post=29539"}],"version-history":[{"count":1,"href":"https:\/\/ataantik05.com\/index.php\/wp-json\/wp\/v2\/product\/29539\/revisions"}],"predecessor-version":[{"id":29542,"href":"https:\/\/ataantik05.com\/index.php\/wp-json\/wp\/v2\/product\/29539\/revisions\/29542"}],"wp:featuredmedia":[{"embeddable":true,"href":"https:\/\/ataantik05.com\/index.php\/wp-json\/wp\/v2\/media\/29540"}],"wp:attachment":[{"href":"https:\/\/ataantik05.com\/index.php\/wp-json\/wp\/v2\/media?parent=29539"}],"wp:term":[{"taxonomy":"product_brand","embeddable":true,"href":"https:\/\/ataantik05.com\/index.php\/wp-json\/wp\/v2\/product_brand?post=29539"},{"taxonomy":"product_cat","embeddable":true,"href":"https:\/\/ataantik05.com\/index.php\/wp-json\/wp\/v2\/product_cat?post=29539"},{"taxonomy":"product_tag","embeddable":true,"href":"https:\/\/ataantik05.com\/index.php\/wp-json\/wp\/v2\/product_tag?post=29539"}],"curies":[{"name":"wp","href":"https:\/\/api.w.org\/{rel}","templated":true}]}}