{"id":29543,"date":"2026-04-28T19:05:03","date_gmt":"2026-04-28T19:05:03","guid":{"rendered":"https:\/\/ataantik05.com\/?post_type=product&#038;p=29543"},"modified":"2026-04-28T19:05:03","modified_gmt":"2026-04-28T19:05:03","slug":"baris-manco-mancoloji-1-plak","status":"publish","type":"product","link":"https:\/\/ataantik05.com\/index.php\/urun\/baris-manco-mancoloji-1-plak\/","title":{"rendered":"Bar\u0131\u015f Man\u00e7o &#8211; Man\u00e7oloji 1 (Plak)"},"content":{"rendered":"<p>Format: Long Play (LP)<\/p>\n<p>Devir H\u0131z\u0131: 33 Devir<\/p>\n","protected":false},"excerpt":{"rendered":"<p><u><strong>A:<\/strong><\/u><\/p>\n<ol>\n<li>Da\u011flar Da\u011flar<br \/>\nS\u00f6z &amp; M\u00fczik: Bar\u0131\u015f Man\u00e7o<\/li>\n<li>\u0130\u015fte Hendek \u0130\u015fte Deve<br \/>\nS\u00f6z &amp; M\u00fczik: Bar\u0131\u015f Man\u00e7o<\/li>\n<li>Sar\u0131 \u00c7izmeli Mehmet A\u011fa<br \/>\nS\u00f6z &amp; M\u00fczik: Bar\u0131\u015f Man\u00e7o<\/li>\n<li>Kara Sevda<br \/>\nS\u00f6z &amp; M\u00fczik: Bar\u0131\u015f Man\u00e7o<\/li>\n<li>Hal Hal<br \/>\nS\u00f6z &amp; M\u00fczik: Bar\u0131\u015f Man\u00e7o<\/li>\n<li>Kol D\u00fc\u011fmeleri<br \/>\nS\u00f6z &amp; M\u00fczik: Bar\u0131\u015f Man\u00e7o<\/li>\n<\/ol>\n<p><strong><u>B:<\/u><\/strong><\/p>\n<ol>\n<li>G\u00fcl Pembe<br \/>\nS\u00f6z: Bar\u0131\u015f Man\u00e7o\u00a0\u00a0\u00a0\u00a0 M\u00fczik: Ahmet G\u00fcven\u00e7<\/li>\n<li>Unutamad\u0131m<br \/>\nS\u00f6z &amp; M\u00fczik: Bar\u0131\u015f Man\u00e7o<\/li>\n<li>Aynal\u0131 Kemer<br \/>\nS\u00f6z &amp; M\u00fczik: Bar\u0131\u015f Man\u00e7o<\/li>\n<li>Nazar Eyle<br \/>\nS\u00f6z &amp; M\u00fczik: Bar\u0131\u015f Man\u00e7o<\/li>\n<li>Can Bedenden \u00c7\u0131kmay\u0131nca<br \/>\nS\u00f6z &amp; M\u00fczik: Bar\u0131\u015f Man\u00e7o<\/li>\n<\/ol>\n","protected":false},"featured_media":29544,"comment_status":"open","ping_status":"closed","template":"","meta":[],"product_brand":[],"product_cat":[76,84],"product_tag":[],"class_list":{"0":"post-29543","1":"product","2":"type-product","3":"status-publish","4":"has-post-thumbnail","6":"product_cat-plaklar","7":"product_cat-turkce-yeni-baski","9":"first","10":"instock","11":"shipping-taxable","12":"purchasable","13":"product-type-simple"},"jetpack_sharing_enabled":true,"_links":{"self":[{"href":"https:\/\/ataantik05.com\/index.php\/wp-json\/wp\/v2\/product\/29543","targetHints":{"allow":["GET"]}}],"collection":[{"href":"https:\/\/ataantik05.com\/index.php\/wp-json\/wp\/v2\/product"}],"about":[{"href":"https:\/\/ataantik05.com\/index.php\/wp-json\/wp\/v2\/types\/product"}],"replies":[{"embeddable":true,"href":"https:\/\/ataantik05.com\/index.php\/wp-json\/wp\/v2\/comments?post=29543"}],"version-history":[{"count":1,"href":"https:\/\/ataantik05.com\/index.php\/wp-json\/wp\/v2\/product\/29543\/revisions"}],"predecessor-version":[{"id":29546,"href":"https:\/\/ataantik05.com\/index.php\/wp-json\/wp\/v2\/product\/29543\/revisions\/29546"}],"wp:featuredmedia":[{"embeddable":true,"href":"https:\/\/ataantik05.com\/index.php\/wp-json\/wp\/v2\/media\/29544"}],"wp:attachment":[{"href":"https:\/\/ataantik05.com\/index.php\/wp-json\/wp\/v2\/media?parent=29543"}],"wp:term":[{"taxonomy":"product_brand","embeddable":true,"href":"https:\/\/ataantik05.com\/index.php\/wp-json\/wp\/v2\/product_brand?post=29543"},{"taxonomy":"product_cat","embeddable":true,"href":"https:\/\/ataantik05.com\/index.php\/wp-json\/wp\/v2\/product_cat?post=29543"},{"taxonomy":"product_tag","embeddable":true,"href":"https:\/\/ataantik05.com\/index.php\/wp-json\/wp\/v2\/product_tag?post=29543"}],"curies":[{"name":"wp","href":"https:\/\/api.w.org\/{rel}","templated":true}]}}