{"id":29547,"date":"2026-04-28T19:08:38","date_gmt":"2026-04-28T19:08:38","guid":{"rendered":"https:\/\/ataantik05.com\/?post_type=product&#038;p=29547"},"modified":"2026-04-28T19:08:38","modified_gmt":"2026-04-28T19:08:38","slug":"baris-manco-mancoloji-vol-2-plak","status":"publish","type":"product","link":"https:\/\/ataantik05.com\/index.php\/urun\/baris-manco-mancoloji-vol-2-plak\/","title":{"rendered":"Bar\u0131\u015f Man\u00e7o &#8211; Man\u00e7oloji Vol.2 (Plak)"},"content":{"rendered":"<p>Format: Long Play (LP)<\/p>\n<p>Devir H\u0131z\u0131: 33 Devir<\/p>\n","protected":false},"excerpt":{"rendered":"<p><u><strong>A:<\/strong><\/u><\/p>\n<ol>\n<li>D\u00f6nence<br \/>\nS\u00f6z: Bar\u0131\u015f Man\u00e7o\u00a0\u00a0\u00a0\u00a0 M\u00fczik: Ahmet G\u00fcven\u00e7<\/li>\n<li>Anl\u0131yorsun De\u011filmi<br \/>\nS\u00f6z &amp; M\u00fczik: Bar\u0131\u015f Man\u00e7o<\/li>\n<li>G\u00fcl Bebe\u011fim<br \/>\nS\u00f6z &amp; M\u00fczik: Bar\u0131\u015f Man\u00e7o<\/li>\n<li>Halil \u0130brahim Sofras\u0131<br \/>\nS\u00f6z &amp; M\u00fczik: Bar\u0131\u015f Man\u00e7o<\/li>\n<li>Yolla Yarim<br \/>\nS\u00f6z &amp; M\u00fczik: Bar\u0131\u015f Man\u00e7o<\/li>\n<\/ol>\n<p><u><strong>B:<\/strong><\/u><\/p>\n<ol>\n<li>Nick The Chopper<br \/>\nS\u00f6z &amp; M\u00fczik: Bar\u0131\u015f Man\u00e7o<\/li>\n<li>Alla Beni Pulla Beni<br \/>\nS\u00f6z &amp; M\u00fczik: Bar\u0131\u015f Man\u00e7o<\/li>\n<li>Domates, Biber, Patl\u0131can<br \/>\nS\u00f6z &amp; M\u00fczik: Bar\u0131\u015f Man\u00e7o<\/li>\n<li>Ben Bilirim<br \/>\nS\u00f6z &amp; M\u00fczik: Bar\u0131\u015f Man\u00e7o<\/li>\n<li>Gibi Gibi<br \/>\nS\u00f6z &amp; M\u00fczik: Bar\u0131\u015f Man\u00e7o<\/li>\n<\/ol>\n","protected":false},"featured_media":29548,"comment_status":"open","ping_status":"closed","template":"","meta":[],"product_brand":[],"product_cat":[76,84],"product_tag":[],"class_list":{"0":"post-29547","1":"product","2":"type-product","3":"status-publish","4":"has-post-thumbnail","6":"product_cat-plaklar","7":"product_cat-turkce-yeni-baski","9":"first","10":"instock","11":"shipping-taxable","12":"purchasable","13":"product-type-simple"},"jetpack_sharing_enabled":true,"_links":{"self":[{"href":"https:\/\/ataantik05.com\/index.php\/wp-json\/wp\/v2\/product\/29547","targetHints":{"allow":["GET"]}}],"collection":[{"href":"https:\/\/ataantik05.com\/index.php\/wp-json\/wp\/v2\/product"}],"about":[{"href":"https:\/\/ataantik05.com\/index.php\/wp-json\/wp\/v2\/types\/product"}],"replies":[{"embeddable":true,"href":"https:\/\/ataantik05.com\/index.php\/wp-json\/wp\/v2\/comments?post=29547"}],"version-history":[{"count":1,"href":"https:\/\/ataantik05.com\/index.php\/wp-json\/wp\/v2\/product\/29547\/revisions"}],"predecessor-version":[{"id":29550,"href":"https:\/\/ataantik05.com\/index.php\/wp-json\/wp\/v2\/product\/29547\/revisions\/29550"}],"wp:featuredmedia":[{"embeddable":true,"href":"https:\/\/ataantik05.com\/index.php\/wp-json\/wp\/v2\/media\/29548"}],"wp:attachment":[{"href":"https:\/\/ataantik05.com\/index.php\/wp-json\/wp\/v2\/media?parent=29547"}],"wp:term":[{"taxonomy":"product_brand","embeddable":true,"href":"https:\/\/ataantik05.com\/index.php\/wp-json\/wp\/v2\/product_brand?post=29547"},{"taxonomy":"product_cat","embeddable":true,"href":"https:\/\/ataantik05.com\/index.php\/wp-json\/wp\/v2\/product_cat?post=29547"},{"taxonomy":"product_tag","embeddable":true,"href":"https:\/\/ataantik05.com\/index.php\/wp-json\/wp\/v2\/product_tag?post=29547"}],"curies":[{"name":"wp","href":"https:\/\/api.w.org\/{rel}","templated":true}]}}