{"id":29552,"date":"2026-04-28T19:12:20","date_gmt":"2026-04-28T19:12:20","guid":{"rendered":"https:\/\/ataantik05.com\/?post_type=product&#038;p=29552"},"modified":"2026-04-28T19:12:20","modified_gmt":"2026-04-28T19:12:20","slug":"baris-manco-hal-hal-2-plak","status":"publish","type":"product","link":"https:\/\/ataantik05.com\/index.php\/urun\/baris-manco-hal-hal-2-plak\/","title":{"rendered":"Bar\u0131\u015f Man\u00e7o &#8211; Hal Hal (2 Plak)"},"content":{"rendered":"<p>Format: Long Play (LP)<\/p>\n<p>Devir H\u0131z\u0131: 33 Devir<\/p>\n","protected":false},"excerpt":{"rendered":"<p><span style=\"font-family: Tahoma;\">Bar\u0131\u015f Man\u00e7o &#8211; Hal Hal\u00a0 (2 Plak)\u00a0<\/span><\/p>\n<p>&nbsp;<\/p>\n<p><span style=\"font-family: Tahoma;\">LP1<\/span><\/p>\n<p><span style=\"font-family: Tahoma;\">A Y\u00fcz\u00fc<\/span><\/p>\n<p><span style=\"font-family: Tahoma;\">1. Hal Hal<br \/>\n2. D\u00f6nence<br \/>\n3. Alla Beni Pulla Beni<br \/>\n4. Ademo\u011flu K\u0131zg\u0131n F\u0131r\u0131n<\/span><\/p>\n<p>&nbsp;<\/p>\n<p><span style=\"font-family: Tahoma;\">B Y\u00fcz\u00fc<\/span><\/p>\n<p><span style=\"font-family: Tahoma;\">1. Ali Yazar Veli Bozar<br \/>\n2. Bah\u00e7ede Han\u0131meli<br \/>\n3. G\u00fclpembe<br \/>\n4. Halil \u0130brahim Sofras\u0131<\/span><\/p>\n<p>&nbsp;<\/p>\n<p><span style=\"font-family: Tahoma;\">LP2<\/span><\/p>\n<p><span style=\"font-family: Tahoma;\">A Y\u00fcz\u00fc<\/span><\/p>\n<p><span style=\"font-family: Tahoma;\">1. Ge\u00e7ti Dost Kervan\u0131<br \/>\n2. Kazma<br \/>\n3. Bal Sultan<br \/>\n4. Aman Yava\u015f Aheste<\/span><\/p>\n<p>&nbsp;<\/p>\n<p><span style=\"font-family: Tahoma;\">B Y\u00fcz\u00fc<\/span><\/p>\n<p><span style=\"font-family: Tahoma;\">1. Kol D\u00fc\u011fmeleri<br \/>\n2. Eski Bir Fincan<br \/>\n3. \u00c7\u0131t \u00c7\u0131t \u00c7edene<br \/>\n4. Arkada\u015f\u0131m E\u015f\u00a0 \u015fek<\/span><\/p>\n","protected":false},"featured_media":29553,"comment_status":"open","ping_status":"closed","template":"","meta":[],"product_brand":[],"product_cat":[76,84],"product_tag":[],"class_list":{"0":"post-29552","1":"product","2":"type-product","3":"status-publish","4":"has-post-thumbnail","6":"product_cat-plaklar","7":"product_cat-turkce-yeni-baski","9":"first","10":"instock","11":"shipping-taxable","12":"purchasable","13":"product-type-simple"},"jetpack_sharing_enabled":true,"_links":{"self":[{"href":"https:\/\/ataantik05.com\/index.php\/wp-json\/wp\/v2\/product\/29552","targetHints":{"allow":["GET"]}}],"collection":[{"href":"https:\/\/ataantik05.com\/index.php\/wp-json\/wp\/v2\/product"}],"about":[{"href":"https:\/\/ataantik05.com\/index.php\/wp-json\/wp\/v2\/types\/product"}],"replies":[{"embeddable":true,"href":"https:\/\/ataantik05.com\/index.php\/wp-json\/wp\/v2\/comments?post=29552"}],"version-history":[{"count":1,"href":"https:\/\/ataantik05.com\/index.php\/wp-json\/wp\/v2\/product\/29552\/revisions"}],"predecessor-version":[{"id":29555,"href":"https:\/\/ataantik05.com\/index.php\/wp-json\/wp\/v2\/product\/29552\/revisions\/29555"}],"wp:featuredmedia":[{"embeddable":true,"href":"https:\/\/ataantik05.com\/index.php\/wp-json\/wp\/v2\/media\/29553"}],"wp:attachment":[{"href":"https:\/\/ataantik05.com\/index.php\/wp-json\/wp\/v2\/media?parent=29552"}],"wp:term":[{"taxonomy":"product_brand","embeddable":true,"href":"https:\/\/ataantik05.com\/index.php\/wp-json\/wp\/v2\/product_brand?post=29552"},{"taxonomy":"product_cat","embeddable":true,"href":"https:\/\/ataantik05.com\/index.php\/wp-json\/wp\/v2\/product_cat?post=29552"},{"taxonomy":"product_tag","embeddable":true,"href":"https:\/\/ataantik05.com\/index.php\/wp-json\/wp\/v2\/product_tag?post=29552"}],"curies":[{"name":"wp","href":"https:\/\/api.w.org\/{rel}","templated":true}]}}