{"id":29563,"date":"2026-04-28T20:56:52","date_gmt":"2026-04-28T20:56:52","guid":{"rendered":"https:\/\/ataantik05.com\/?post_type=product&#038;p=29563"},"modified":"2026-04-28T20:56:52","modified_gmt":"2026-04-28T20:56:52","slug":"zeki-muren-batmayan-gunes-plak","status":"publish","type":"product","link":"https:\/\/ataantik05.com\/index.php\/urun\/zeki-muren-batmayan-gunes-plak\/","title":{"rendered":"Zeki M\u00fcren &#8211; Batmayan G\u00fcne\u015f (Plak)"},"content":{"rendered":"<p>Format: Long Play (LP)<\/p>\n<p>Devir H\u0131z\u0131: 33 Devir<\/p>\n","protected":false},"excerpt":{"rendered":"<p><strong>A Y\u00fcz\u00fc:<\/strong><\/p>\n<p>&nbsp;<\/p>\n<p>&nbsp;<\/p>\n<p>1- G\u00f6zlerin Do\u011fuyor Gecelerime<\/p>\n<p>2- Sorma Ne Haldeyim<\/p>\n<p>3- Belal\u0131m<\/p>\n<p>4- R\u00fczgar Susmu\u015f Ses Vermiyor<\/p>\n<p>5- Dediler Zamanla Hep Azal\u0131rm\u0131\u015f Sevgiler<\/p>\n<p>&nbsp;<\/p>\n<p>&nbsp;<\/p>\n<p>B Y\u00fcz\u00fc:<\/p>\n<p>&nbsp;<\/p>\n<p>1- \u0130ki G\u00f6z\u00fcm \u0130ki \u00c7e\u015fme<\/p>\n<p>2- \u00dczme Beni<\/p>\n<p>3- Dilek \u00c7e\u015fmesi (Seni Diledim)<\/p>\n<p>4- \u00d6yle \u00d6zledim Ki<\/p>\n<p>5- Gayr\u0131 Dayanamam Ben Bu Hasrete<\/p>\n<p>6- Ak\u015fam Olunca Yarelerim S\u0131zlar<\/p>\n<p><strong>7- \u015ea\u015ft\u0131m Allah&#8217;\u0131m Da \u015ea\u015ft\u0131m<\/strong><\/p>\n","protected":false},"featured_media":29564,"comment_status":"open","ping_status":"closed","template":"","meta":[],"product_brand":[],"product_cat":[76,84],"product_tag":[],"class_list":{"0":"post-29563","1":"product","2":"type-product","3":"status-publish","4":"has-post-thumbnail","6":"product_cat-plaklar","7":"product_cat-turkce-yeni-baski","9":"first","10":"instock","11":"shipping-taxable","12":"purchasable","13":"product-type-simple"},"jetpack_sharing_enabled":true,"_links":{"self":[{"href":"https:\/\/ataantik05.com\/index.php\/wp-json\/wp\/v2\/product\/29563","targetHints":{"allow":["GET"]}}],"collection":[{"href":"https:\/\/ataantik05.com\/index.php\/wp-json\/wp\/v2\/product"}],"about":[{"href":"https:\/\/ataantik05.com\/index.php\/wp-json\/wp\/v2\/types\/product"}],"replies":[{"embeddable":true,"href":"https:\/\/ataantik05.com\/index.php\/wp-json\/wp\/v2\/comments?post=29563"}],"version-history":[{"count":1,"href":"https:\/\/ataantik05.com\/index.php\/wp-json\/wp\/v2\/product\/29563\/revisions"}],"predecessor-version":[{"id":29566,"href":"https:\/\/ataantik05.com\/index.php\/wp-json\/wp\/v2\/product\/29563\/revisions\/29566"}],"wp:featuredmedia":[{"embeddable":true,"href":"https:\/\/ataantik05.com\/index.php\/wp-json\/wp\/v2\/media\/29564"}],"wp:attachment":[{"href":"https:\/\/ataantik05.com\/index.php\/wp-json\/wp\/v2\/media?parent=29563"}],"wp:term":[{"taxonomy":"product_brand","embeddable":true,"href":"https:\/\/ataantik05.com\/index.php\/wp-json\/wp\/v2\/product_brand?post=29563"},{"taxonomy":"product_cat","embeddable":true,"href":"https:\/\/ataantik05.com\/index.php\/wp-json\/wp\/v2\/product_cat?post=29563"},{"taxonomy":"product_tag","embeddable":true,"href":"https:\/\/ataantik05.com\/index.php\/wp-json\/wp\/v2\/product_tag?post=29563"}],"curies":[{"name":"wp","href":"https:\/\/api.w.org\/{rel}","templated":true}]}}