{"id":29567,"date":"2026-04-28T20:59:42","date_gmt":"2026-04-28T20:59:42","guid":{"rendered":"https:\/\/ataantik05.com\/?post_type=product&#038;p=29567"},"modified":"2026-04-28T20:59:42","modified_gmt":"2026-04-28T20:59:42","slug":"zeki-muren-eskimeyen-dost-renkli-plak","status":"publish","type":"product","link":"https:\/\/ataantik05.com\/index.php\/urun\/zeki-muren-eskimeyen-dost-renkli-plak\/","title":{"rendered":"Zeki M\u00fcren &#8211; Eskimeyen Dost (Renkli Plak)"},"content":{"rendered":"<p>Format: Long Play (LP)<\/p>\n<p>Devir H\u0131z\u0131: 33 Devir<\/p>\n","protected":false},"excerpt":{"rendered":"<p><span style=\"font-family: Tahoma;\">Zeki M\u00fcren &#8211; Eskimeyen Dost (Renkli Plak)\u00a0<\/span><\/p>\n<p>&nbsp;<\/p>\n<p><span style=\"font-family: Tahoma;\">A Y\u00fcz\u00fc:<\/span><\/p>\n<p><span style=\"font-family: Tahoma;\">1. Sev Beni Beni<br \/>\nS\u00f6z-M\u00fczik:Selami \u015eahin<br \/>\n2. Eskimeyen Dost<br \/>\nS\u00f6z:\u00dclk\u00fc Aker &#8211; M\u00fczik:Selami \u015eahin<br \/>\n3. Seni Nas\u0131l Sevdim<br \/>\nS\u00f6z:Ali Tekin T\u00fcre M\u00fczik:Selami \u015eahin<br \/>\n4. \u015eimdi Uzaklardas\u0131n<br \/>\nS\u00f6z-M\u00fczik:Zeki M\u00fcren<br \/>\n5. Ak\u015fam Olur Gizli Gizli A\u011flar\u0131m<br \/>\nS\u00f6z:Halil Soyuer\u00a0 &#8211; M\u00fczik:Suat Say\u0131n<\/span><\/p>\n<p>&nbsp;<\/p>\n<p><span style=\"font-family: Tahoma;\">B Y\u00fcz\u00fc:<\/span><\/p>\n<p><span style=\"font-family: Tahoma;\">1. Gitme Sana Muhtac\u0131m<br \/>\nS\u00f6z-M\u00fczik.Selami \u015eahin<br \/>\n2. A\u015fk\u0131m\u0131z Eski Bir Roman<br \/>\nS\u00f6z:Ahmet Selcuk \u0130lkan\u00a0 M\u00fczik:Ali \u0130hsan K\u0131sa\u00e7<br \/>\n3. Mihrah\u0131m Diyerek<br \/>\nS\u00f6z:Turgut Yark\u0131nt\u00a0\u00a0 M\u00fczik:Avni An\u0131l<br \/>\n4. Bu Sensiz \u0130lk Gecem<br \/>\nS\u00f6z:Ali Tekint\u00fcre M\u00fczik:R\u0131fat \u015eanl\u0131el<\/span><\/p>\n","protected":false},"featured_media":29568,"comment_status":"open","ping_status":"closed","template":"","meta":[],"product_brand":[],"product_cat":[76,84],"product_tag":[],"class_list":{"0":"post-29567","1":"product","2":"type-product","3":"status-publish","4":"has-post-thumbnail","6":"product_cat-plaklar","7":"product_cat-turkce-yeni-baski","9":"first","10":"instock","11":"shipping-taxable","12":"purchasable","13":"product-type-simple"},"jetpack_sharing_enabled":true,"_links":{"self":[{"href":"https:\/\/ataantik05.com\/index.php\/wp-json\/wp\/v2\/product\/29567","targetHints":{"allow":["GET"]}}],"collection":[{"href":"https:\/\/ataantik05.com\/index.php\/wp-json\/wp\/v2\/product"}],"about":[{"href":"https:\/\/ataantik05.com\/index.php\/wp-json\/wp\/v2\/types\/product"}],"replies":[{"embeddable":true,"href":"https:\/\/ataantik05.com\/index.php\/wp-json\/wp\/v2\/comments?post=29567"}],"version-history":[{"count":1,"href":"https:\/\/ataantik05.com\/index.php\/wp-json\/wp\/v2\/product\/29567\/revisions"}],"predecessor-version":[{"id":29570,"href":"https:\/\/ataantik05.com\/index.php\/wp-json\/wp\/v2\/product\/29567\/revisions\/29570"}],"wp:featuredmedia":[{"embeddable":true,"href":"https:\/\/ataantik05.com\/index.php\/wp-json\/wp\/v2\/media\/29568"}],"wp:attachment":[{"href":"https:\/\/ataantik05.com\/index.php\/wp-json\/wp\/v2\/media?parent=29567"}],"wp:term":[{"taxonomy":"product_brand","embeddable":true,"href":"https:\/\/ataantik05.com\/index.php\/wp-json\/wp\/v2\/product_brand?post=29567"},{"taxonomy":"product_cat","embeddable":true,"href":"https:\/\/ataantik05.com\/index.php\/wp-json\/wp\/v2\/product_cat?post=29567"},{"taxonomy":"product_tag","embeddable":true,"href":"https:\/\/ataantik05.com\/index.php\/wp-json\/wp\/v2\/product_tag?post=29567"}],"curies":[{"name":"wp","href":"https:\/\/api.w.org\/{rel}","templated":true}]}}