{"id":29571,"date":"2026-04-28T21:02:57","date_gmt":"2026-04-28T21:02:57","guid":{"rendered":"https:\/\/ataantik05.com\/?post_type=product&#038;p=29571"},"modified":"2026-04-28T21:02:57","modified_gmt":"2026-04-28T21:02:57","slug":"zeki-muren-klasikler-5-plak","status":"publish","type":"product","link":"https:\/\/ataantik05.com\/index.php\/urun\/zeki-muren-klasikler-5-plak\/","title":{"rendered":"Zeki M\u00fcren &#8211; Klasikler 5 (Plak)"},"content":{"rendered":"<p>Format: Long Play (LP) Devir H\u0131z\u0131: 33 Devir<\/p>\n","protected":false},"excerpt":{"rendered":"<p><strong>Zeki M\u00fcren &#8211; Klasikler 5\u00a0<\/strong><strong>\/ An\u0131lar\u0131m (Plak)<\/strong><\/p>\n<p>&nbsp;<\/p>\n<p><span style=\"color: #666666;\"><strong>A Y\u00fcz\u00fc:<\/strong><\/span><\/p>\n<p>&nbsp;<\/p>\n<ol>\n<li><strong><span style=\"color: #666666;\">Sevemez Kimse Seni<\/span><\/strong><\/li>\n<li><strong><span style=\"color: #666666;\">Bir Yang\u0131n\u0131n K\u00fcl\u00fcn\u00fc<\/span><\/strong><\/li>\n<li><strong><span style=\"color: #666666;\">Yar\u0131m Kalan A\u015fk<\/span><\/strong><\/li>\n<li><strong><span style=\"color: #666666;\">Benimde Can\u0131m Var<\/span><\/strong><\/li>\n<li><strong><span style=\"color: #666666;\">A\u015fk\u0131n Kanunu<\/span><\/strong><\/li>\n<li><strong><span style=\"color: #666666;\">Ar\u0131m Bal\u0131m Pete\u011fim<\/span><\/strong><\/li>\n<\/ol>\n<p>&nbsp;<\/p>\n<p><strong><span style=\"color: #666666;\">B Y\u00fcz\u00fc:<\/span><\/strong><\/p>\n<p>&nbsp;<\/p>\n<ol>\n<li><strong><span style=\"color: #666666;\">Ne \u00c7\u0131kar Baht\u0131m\u0131zda<\/span><\/strong><\/li>\n<li><strong><span style=\"color: #666666;\">K\u0131skan\u0131r\u0131m<\/span><\/strong><\/li>\n<li><strong><span style=\"color: #666666;\">G\u00f6ky\u00fcz\u00fcnde Yaln\u0131z Gezen Y\u0131ld\u0131zlar<\/span><\/strong><\/li>\n<li><strong><span style=\"color: #666666;\">\u00d6mr\u00fcmce Hep Ad\u0131m Ad\u0131m<\/span><\/strong><\/li>\n<li><strong><span style=\"color: #666666;\">A\u011flama De\u011fmez Hayat<\/span><\/strong><\/li>\n<li><strong><span style=\"color: #666666;\">Gizli A\u015fk Bu<\/span><\/strong><\/li>\n<\/ol>\n","protected":false},"featured_media":29572,"comment_status":"open","ping_status":"closed","template":"","meta":[],"product_brand":[],"product_cat":[76,84],"product_tag":[],"class_list":{"0":"post-29571","1":"product","2":"type-product","3":"status-publish","4":"has-post-thumbnail","6":"product_cat-plaklar","7":"product_cat-turkce-yeni-baski","9":"first","10":"instock","11":"shipping-taxable","12":"purchasable","13":"product-type-simple"},"jetpack_sharing_enabled":true,"_links":{"self":[{"href":"https:\/\/ataantik05.com\/index.php\/wp-json\/wp\/v2\/product\/29571","targetHints":{"allow":["GET"]}}],"collection":[{"href":"https:\/\/ataantik05.com\/index.php\/wp-json\/wp\/v2\/product"}],"about":[{"href":"https:\/\/ataantik05.com\/index.php\/wp-json\/wp\/v2\/types\/product"}],"replies":[{"embeddable":true,"href":"https:\/\/ataantik05.com\/index.php\/wp-json\/wp\/v2\/comments?post=29571"}],"version-history":[{"count":1,"href":"https:\/\/ataantik05.com\/index.php\/wp-json\/wp\/v2\/product\/29571\/revisions"}],"predecessor-version":[{"id":29574,"href":"https:\/\/ataantik05.com\/index.php\/wp-json\/wp\/v2\/product\/29571\/revisions\/29574"}],"wp:featuredmedia":[{"embeddable":true,"href":"https:\/\/ataantik05.com\/index.php\/wp-json\/wp\/v2\/media\/29572"}],"wp:attachment":[{"href":"https:\/\/ataantik05.com\/index.php\/wp-json\/wp\/v2\/media?parent=29571"}],"wp:term":[{"taxonomy":"product_brand","embeddable":true,"href":"https:\/\/ataantik05.com\/index.php\/wp-json\/wp\/v2\/product_brand?post=29571"},{"taxonomy":"product_cat","embeddable":true,"href":"https:\/\/ataantik05.com\/index.php\/wp-json\/wp\/v2\/product_cat?post=29571"},{"taxonomy":"product_tag","embeddable":true,"href":"https:\/\/ataantik05.com\/index.php\/wp-json\/wp\/v2\/product_tag?post=29571"}],"curies":[{"name":"wp","href":"https:\/\/api.w.org\/{rel}","templated":true}]}}