{"id":29575,"date":"2026-04-28T21:05:33","date_gmt":"2026-04-28T21:05:33","guid":{"rendered":"https:\/\/ataantik05.com\/?post_type=product&#038;p=29575"},"modified":"2026-04-28T21:05:33","modified_gmt":"2026-04-28T21:05:33","slug":"zeki-muren-zirvedeki-sarkilar-plak","status":"publish","type":"product","link":"https:\/\/ataantik05.com\/index.php\/urun\/zeki-muren-zirvedeki-sarkilar-plak\/","title":{"rendered":"Zeki M\u00fcren- Zirvedeki \u015eark\u0131lar (Plak)"},"content":{"rendered":"<p>Format: Long Play (LP)<\/p>\n<p>Devir H\u0131z\u0131: 33 Devir<\/p>\n","protected":false},"excerpt":{"rendered":"<div><b>A Y\u00fcz\u00fc:\u00a0<\/b><\/div>\n<div>\n<ol>\n<li>\u0130mkans\u0131z<br \/>\nS\u00f6z: Cemal Safi\u00a0\u00a0\u00a0\u00a0 M\u00fczik: Zekai Tunca<\/li>\n<li>Ah Bu \u015eark\u0131lar\u0131n G\u00f6z\u00fc K\u00f6r Olsun<br \/>\nS\u00f6z: \u015eahin \u00c7And\u0131r\u00a0\u00a0\u00a0\u00a0 M\u00fczik: Avni An\u0131l<\/li>\n<li>G\u00fcc\u00fcme Gidiyor B\u00f6yle Ya\u015famak<br \/>\nS\u00f6z: Seyhan Girginer\u00a0\u00a0\u00a0\u00a0 M\u00fczik: Ziya Ta\u015fkent<\/li>\n<li>B\u00fcy\u00fcleyen G\u00f6zlerinle<br \/>\nS\u00f6z &amp; M\u00fczik: Alaaddin \u015eensoy<\/li>\n<li>Ayaz Geceler<br \/>\nS\u00f6z &amp; M\u00fczik: Kenan Erel<\/li>\n<\/ol>\n<\/div>\n<div><b>B Y\u00fcz\u00fc:\u00a0<\/b><\/div>\n<div>\n<ol>\n<li>R\u00fcyalarda Bulu\u015furuz<br \/>\nS\u00f6z: A. A\u015fk\u0131n Tuna\u00a0\u00a0\u00a0\u00a0 M\u00fczik: Halil Karaduman<\/li>\n<li>Sevgi Dolu \u015eu G\u00f6nl\u00fcm<br \/>\nS\u00f6z: Ayten Baykal\u00a0\u00a0\u00a0\u00a0 M\u00fczik: Bilge \u00d6zgen<\/li>\n<li>G\u00f6z Ya\u015f\u0131mda Saklas\u0131n<br \/>\nS\u00f6z: Zekai Tunca, Seyhan Girginer\u00a0\u00a0\u00a0 M\u00fczik: Zekai Tunca<\/li>\n<li>Seni Ben Unutmak \u0130stemedim Ki<br \/>\nS\u00f6z: \u0130. Behl\u00fcl Pekta\u015f\u00a0\u00a0\u00a0 M\u00fczik: Amir Ate\u015f<\/li>\n<li>Biz Ayr\u0131lamay\u0131z<br \/>\nS\u00f6z: Ay\u015fe Birg\u00fcl Y\u0131lmaz\u00a0\u00a0\u00a0 M\u00fczik: Mahmut O\u011ful<\/li>\n<\/ol>\n<\/div>\n","protected":false},"featured_media":29576,"comment_status":"open","ping_status":"closed","template":"","meta":[],"product_brand":[],"product_cat":[76,84],"product_tag":[],"class_list":{"0":"post-29575","1":"product","2":"type-product","3":"status-publish","4":"has-post-thumbnail","6":"product_cat-plaklar","7":"product_cat-turkce-yeni-baski","9":"first","10":"instock","11":"shipping-taxable","12":"purchasable","13":"product-type-simple"},"jetpack_sharing_enabled":true,"_links":{"self":[{"href":"https:\/\/ataantik05.com\/index.php\/wp-json\/wp\/v2\/product\/29575","targetHints":{"allow":["GET"]}}],"collection":[{"href":"https:\/\/ataantik05.com\/index.php\/wp-json\/wp\/v2\/product"}],"about":[{"href":"https:\/\/ataantik05.com\/index.php\/wp-json\/wp\/v2\/types\/product"}],"replies":[{"embeddable":true,"href":"https:\/\/ataantik05.com\/index.php\/wp-json\/wp\/v2\/comments?post=29575"}],"version-history":[{"count":1,"href":"https:\/\/ataantik05.com\/index.php\/wp-json\/wp\/v2\/product\/29575\/revisions"}],"predecessor-version":[{"id":29577,"href":"https:\/\/ataantik05.com\/index.php\/wp-json\/wp\/v2\/product\/29575\/revisions\/29577"}],"wp:featuredmedia":[{"embeddable":true,"href":"https:\/\/ataantik05.com\/index.php\/wp-json\/wp\/v2\/media\/29576"}],"wp:attachment":[{"href":"https:\/\/ataantik05.com\/index.php\/wp-json\/wp\/v2\/media?parent=29575"}],"wp:term":[{"taxonomy":"product_brand","embeddable":true,"href":"https:\/\/ataantik05.com\/index.php\/wp-json\/wp\/v2\/product_brand?post=29575"},{"taxonomy":"product_cat","embeddable":true,"href":"https:\/\/ataantik05.com\/index.php\/wp-json\/wp\/v2\/product_cat?post=29575"},{"taxonomy":"product_tag","embeddable":true,"href":"https:\/\/ataantik05.com\/index.php\/wp-json\/wp\/v2\/product_tag?post=29575"}],"curies":[{"name":"wp","href":"https:\/\/api.w.org\/{rel}","templated":true}]}}