{"id":29579,"date":"2026-04-28T21:44:20","date_gmt":"2026-04-28T21:44:20","guid":{"rendered":"https:\/\/ataantik05.com\/?post_type=product&#038;p=29579"},"modified":"2026-04-28T21:44:20","modified_gmt":"2026-04-28T21:44:20","slug":"kayahan-gonul-sayfam-plak","status":"publish","type":"product","link":"https:\/\/ataantik05.com\/index.php\/urun\/kayahan-gonul-sayfam-plak\/","title":{"rendered":"Kayahan &#8211; G\u00f6n\u00fcl Sayfam (Plak)"},"content":{"rendered":"<p>Format: Long Play (LP)<\/p>\n<p>Devir H\u0131z\u0131: 33 Devir<\/p>\n","protected":false},"excerpt":{"rendered":"<p><span style=\"font-family: Tahoma;\">Kayahan &#8211; G\u00f6n\u00fcl Sayfam (Plak)\u00a0<\/span><\/p>\n<p>&nbsp;<\/p>\n<p><span style=\"font-family: Tahoma;\">A Y\u00fcz\u00fc<\/span><\/p>\n<p><span style=\"font-family: Tahoma;\">1. Sevdaya Mahsus<br \/>\n2. Ka\u011f\u0131ttan Kay\u0131klar<br \/>\n3. S\u00f6z G\u00fczelim<br \/>\n4. \u00d6lme mi laz\u0131m<\/span><\/p>\n<p>&nbsp;<\/p>\n<p><span style=\"font-family: Tahoma;\">B Y\u00fcz\u00fc<\/span><\/p>\n<p><span style=\"font-family: Tahoma;\">1. G\u00f6n\u00fcl Sayfam<br \/>\n2. Aman Beni Unutma<br \/>\n3. Tek Delikli Kaval (Ta\u015flama)<br \/>\n4. 17 A\u011fustos (A\u011f\u0131t)<\/span><\/p>\n","protected":false},"featured_media":29580,"comment_status":"open","ping_status":"closed","template":"","meta":[],"product_brand":[],"product_cat":[76,84],"product_tag":[],"class_list":{"0":"post-29579","1":"product","2":"type-product","3":"status-publish","4":"has-post-thumbnail","6":"product_cat-plaklar","7":"product_cat-turkce-yeni-baski","9":"first","10":"instock","11":"shipping-taxable","12":"purchasable","13":"product-type-simple"},"jetpack_sharing_enabled":true,"_links":{"self":[{"href":"https:\/\/ataantik05.com\/index.php\/wp-json\/wp\/v2\/product\/29579","targetHints":{"allow":["GET"]}}],"collection":[{"href":"https:\/\/ataantik05.com\/index.php\/wp-json\/wp\/v2\/product"}],"about":[{"href":"https:\/\/ataantik05.com\/index.php\/wp-json\/wp\/v2\/types\/product"}],"replies":[{"embeddable":true,"href":"https:\/\/ataantik05.com\/index.php\/wp-json\/wp\/v2\/comments?post=29579"}],"version-history":[{"count":1,"href":"https:\/\/ataantik05.com\/index.php\/wp-json\/wp\/v2\/product\/29579\/revisions"}],"predecessor-version":[{"id":29582,"href":"https:\/\/ataantik05.com\/index.php\/wp-json\/wp\/v2\/product\/29579\/revisions\/29582"}],"wp:featuredmedia":[{"embeddable":true,"href":"https:\/\/ataantik05.com\/index.php\/wp-json\/wp\/v2\/media\/29580"}],"wp:attachment":[{"href":"https:\/\/ataantik05.com\/index.php\/wp-json\/wp\/v2\/media?parent=29579"}],"wp:term":[{"taxonomy":"product_brand","embeddable":true,"href":"https:\/\/ataantik05.com\/index.php\/wp-json\/wp\/v2\/product_brand?post=29579"},{"taxonomy":"product_cat","embeddable":true,"href":"https:\/\/ataantik05.com\/index.php\/wp-json\/wp\/v2\/product_cat?post=29579"},{"taxonomy":"product_tag","embeddable":true,"href":"https:\/\/ataantik05.com\/index.php\/wp-json\/wp\/v2\/product_tag?post=29579"}],"curies":[{"name":"wp","href":"https:\/\/api.w.org\/{rel}","templated":true}]}}