{"id":29589,"date":"2026-04-29T00:58:06","date_gmt":"2026-04-29T00:58:06","guid":{"rendered":"https:\/\/ataantik05.com\/?post_type=product&#038;p=29589"},"modified":"2026-04-29T00:58:06","modified_gmt":"2026-04-29T00:58:06","slug":"bergen-acilarin-kadini-renkli-plak","status":"publish","type":"product","link":"https:\/\/ataantik05.com\/index.php\/urun\/bergen-acilarin-kadini-renkli-plak\/","title":{"rendered":"Bergen &#8211; Ac\u0131lar\u0131n Kad\u0131n\u0131 (Renkli Plak)"},"content":{"rendered":"<p>Format: Long Play (LP)<\/p>\n<p>Devir H\u0131z\u0131: 33 Devir<\/p>\n","protected":false},"excerpt":{"rendered":"<p><span style=\"font-family: Tahoma;\">Bergen &#8211; Ac\u0131lar\u0131n Kad\u0131n\u0131 (Renkli Plak)\u00a0<\/span><\/p>\n<p>&nbsp;<\/p>\n<p><span style=\"font-family: Tahoma;\">A Y\u00fcz\u00fc<\/span><\/p>\n<p><span style=\"font-family: Tahoma;\">1. Eller Ald\u0131<br \/>\nS\u00f6z &amp; M\u00fczik: Malatyal\u0131 \u0130brahim<br \/>\n2. Sevgilim Ol<br \/>\nS\u00f6z &amp; M\u00fczik:Burhan Bayar<br \/>\n3. Ac\u0131lar\u0131n Kad\u0131n\u0131<br \/>\nS\u00f6z: Levent Bekta\u015f\u00a0\u00a0\u00a0\u00a0 M\u00fczik:U\u011fur Bayar<br \/>\n4. Benim \u0130\u00e7in \u00dcz\u00fclme<br \/>\nS\u00f6z &amp; M\u00fczik:Ali Tekint\u00fcre<br \/>\n5. Kul Duas\u0131<br \/>\nS\u00f6z: Ali Tekint\u00fcre\u00a0\u00a0\u00a0\u00a0 M\u00fczik:Cengiz Tekin<br \/>\n6. G\u00fcl\u00fcmse Biraz<br \/>\nS\u00f6z:N.O\u011fuz Ero\u011flu\/Tahir Peker\u00a0\u00a0\u00a0\u00a0 M\u00fczik:Burhan Bayar<\/span><\/p>\n<p>&nbsp;<\/p>\n<p><span style=\"font-family: Tahoma;\">B Y\u00fcz\u00fc<\/span><\/p>\n<p><span style=\"font-family: Tahoma;\">1. Dertli Dertli<br \/>\nS\u00f6z:G\u00f6n\u00fcl \u015een\u00a0\u00a0\u00a0\u00a0 M\u00fczik:Burhan Bayar<br \/>\n2. Karars\u0131z Sevgili<br \/>\nS\u00f6z:\u00d6zcan Ertok\u00a0\u00a0\u00a0\u00a0 M\u00fczik:\u00d6zcan Ertok<br \/>\n3. Olmaz Olsun<br \/>\nS\u00f6z:Levet Bekta\u015f\u00a0\u00a0\u00a0\u00a0 M\u00fczik:U\u011fur Bayar<br \/>\n4. Sen Affetsen Ben Affetmem<br \/>\nS\u00f6z: Ali Tekint\u00fcre\u00a0\u00a0\u00a0\u00a0 M\u00fczik: Burhan Bayar<br \/>\n5. Bi \u00c7are<br \/>\nS\u00f6z &amp; M\u00fczik:Ali Tekint\u00fcre<br \/>\n6. Neden D\u00f6nmesin<br \/>\nS\u00f6z:Ali Tekint\u00fcre\u00a0\u00a0\u00a0\u00a0 M\u00fczik:\u00d6zcan Ertok<\/span><\/p>\n","protected":false},"featured_media":29590,"comment_status":"open","ping_status":"closed","template":"","meta":[],"product_brand":[],"product_cat":[76,84],"product_tag":[],"class_list":{"0":"post-29589","1":"product","2":"type-product","3":"status-publish","4":"has-post-thumbnail","6":"product_cat-plaklar","7":"product_cat-turkce-yeni-baski","9":"first","10":"instock","11":"shipping-taxable","12":"purchasable","13":"product-type-simple"},"jetpack_sharing_enabled":true,"_links":{"self":[{"href":"https:\/\/ataantik05.com\/index.php\/wp-json\/wp\/v2\/product\/29589","targetHints":{"allow":["GET"]}}],"collection":[{"href":"https:\/\/ataantik05.com\/index.php\/wp-json\/wp\/v2\/product"}],"about":[{"href":"https:\/\/ataantik05.com\/index.php\/wp-json\/wp\/v2\/types\/product"}],"replies":[{"embeddable":true,"href":"https:\/\/ataantik05.com\/index.php\/wp-json\/wp\/v2\/comments?post=29589"}],"version-history":[{"count":1,"href":"https:\/\/ataantik05.com\/index.php\/wp-json\/wp\/v2\/product\/29589\/revisions"}],"predecessor-version":[{"id":29592,"href":"https:\/\/ataantik05.com\/index.php\/wp-json\/wp\/v2\/product\/29589\/revisions\/29592"}],"wp:featuredmedia":[{"embeddable":true,"href":"https:\/\/ataantik05.com\/index.php\/wp-json\/wp\/v2\/media\/29590"}],"wp:attachment":[{"href":"https:\/\/ataantik05.com\/index.php\/wp-json\/wp\/v2\/media?parent=29589"}],"wp:term":[{"taxonomy":"product_brand","embeddable":true,"href":"https:\/\/ataantik05.com\/index.php\/wp-json\/wp\/v2\/product_brand?post=29589"},{"taxonomy":"product_cat","embeddable":true,"href":"https:\/\/ataantik05.com\/index.php\/wp-json\/wp\/v2\/product_cat?post=29589"},{"taxonomy":"product_tag","embeddable":true,"href":"https:\/\/ataantik05.com\/index.php\/wp-json\/wp\/v2\/product_tag?post=29589"}],"curies":[{"name":"wp","href":"https:\/\/api.w.org\/{rel}","templated":true}]}}