{"id":29593,"date":"2026-04-29T01:20:02","date_gmt":"2026-04-29T01:20:02","guid":{"rendered":"https:\/\/ataantik05.com\/?post_type=product&#038;p=29593"},"modified":"2026-04-29T01:20:02","modified_gmt":"2026-04-29T01:20:02","slug":"bergen-acilarin-kadini-plak","status":"publish","type":"product","link":"https:\/\/ataantik05.com\/index.php\/urun\/bergen-acilarin-kadini-plak\/","title":{"rendered":"Bergen &#8211; Ac\u0131lar\u0131n Kad\u0131n\u0131 (Plak)"},"content":{"rendered":"<p>Format: Long Play (LP)<\/p>\n<p>Devir H\u0131z\u0131: 33 Devir<\/p>\n","protected":false},"excerpt":{"rendered":"<p><strong><u>A:<\/u><\/strong><\/p>\n<ol>\n<li><strong>Eller Ald\u0131<\/strong><br \/>\nS\u00f6z &amp; M\u00fczik: Malatyal\u0131 \u0130brahim<\/li>\n<li><strong>Sevgilim Ol<\/strong><br \/>\nS\u00f6z &amp; M\u00fczik:Burhan Bayar<\/li>\n<li><strong>Ac\u0131lar\u0131n Kad\u0131n\u0131<\/strong><br \/>\nS\u00f6z: Levent Bekta\u015f\u00a0\u00a0\u00a0\u00a0 M\u00fczik:U\u011fur Bayar<\/li>\n<li><strong>Benim \u0130\u00e7in \u00dcz\u00fclme<\/strong><br \/>\nS\u00f6z &amp; M\u00fczik:Ali Tekint\u00fcre<\/li>\n<li><strong>Kul Duas\u0131<\/strong><br \/>\nS\u00f6z: Ali Tekint\u00fcre\u00a0\u00a0\u00a0\u00a0 M\u00fczik:Cengiz Tekin<\/li>\n<li><strong>G\u00fcl\u00fcmse Biraz<\/strong><br \/>\nS\u00f6z:N.O\u011fuz Ero\u011flu\/Tahir Peker\u00a0\u00a0\u00a0\u00a0 M\u00fczik:Burhan Bayar<\/li>\n<\/ol>\n<p><strong><u>B:<\/u><\/strong><\/p>\n<ol>\n<li><strong>Dertli Dertli<\/strong><br \/>\nS\u00f6z:G\u00f6n\u00fcl \u015een\u00a0\u00a0\u00a0\u00a0 M\u00fczik:Burhan Bayar<\/li>\n<li><strong>Karars\u0131z Sevgili<\/strong><br \/>\nS\u00f6z:\u00d6zcan Ertok\u00a0\u00a0\u00a0\u00a0 M\u00fczik:\u00d6zcan Ertok<\/li>\n<li><strong>Olmaz Olsun<\/strong><br \/>\nS\u00f6z:Levet Bekta\u015f\u00a0\u00a0\u00a0\u00a0 M\u00fczik:U\u011fur Bayar<\/li>\n<li><strong>Sen Affetsen Ben Affetmem<\/strong><br \/>\nS\u00f6z: Ali Tekint\u00fcre\u00a0 \u00a0 \u00a0M\u00fczik: Burhan Bayar<\/li>\n<li><strong>Bi \u00c7are<\/strong><br \/>\nS\u00f6z &amp; M\u00fczik:Ali Tekint\u00fcre<\/li>\n<li><strong>Neden D\u00f6nmesin<\/strong><br \/>\nS\u00f6z:Ali Tekint\u00fcre\u00a0\u00a0\u00a0\u00a0 M\u00fczik:\u00d6zcan Ertok<\/li>\n<\/ol>\n","protected":false},"featured_media":29594,"comment_status":"open","ping_status":"closed","template":"","meta":[],"product_brand":[],"product_cat":[76,84],"product_tag":[],"class_list":{"0":"post-29593","1":"product","2":"type-product","3":"status-publish","4":"has-post-thumbnail","6":"product_cat-plaklar","7":"product_cat-turkce-yeni-baski","9":"first","10":"instock","11":"shipping-taxable","12":"purchasable","13":"product-type-simple"},"jetpack_sharing_enabled":true,"_links":{"self":[{"href":"https:\/\/ataantik05.com\/index.php\/wp-json\/wp\/v2\/product\/29593","targetHints":{"allow":["GET"]}}],"collection":[{"href":"https:\/\/ataantik05.com\/index.php\/wp-json\/wp\/v2\/product"}],"about":[{"href":"https:\/\/ataantik05.com\/index.php\/wp-json\/wp\/v2\/types\/product"}],"replies":[{"embeddable":true,"href":"https:\/\/ataantik05.com\/index.php\/wp-json\/wp\/v2\/comments?post=29593"}],"version-history":[{"count":1,"href":"https:\/\/ataantik05.com\/index.php\/wp-json\/wp\/v2\/product\/29593\/revisions"}],"predecessor-version":[{"id":29596,"href":"https:\/\/ataantik05.com\/index.php\/wp-json\/wp\/v2\/product\/29593\/revisions\/29596"}],"wp:featuredmedia":[{"embeddable":true,"href":"https:\/\/ataantik05.com\/index.php\/wp-json\/wp\/v2\/media\/29594"}],"wp:attachment":[{"href":"https:\/\/ataantik05.com\/index.php\/wp-json\/wp\/v2\/media?parent=29593"}],"wp:term":[{"taxonomy":"product_brand","embeddable":true,"href":"https:\/\/ataantik05.com\/index.php\/wp-json\/wp\/v2\/product_brand?post=29593"},{"taxonomy":"product_cat","embeddable":true,"href":"https:\/\/ataantik05.com\/index.php\/wp-json\/wp\/v2\/product_cat?post=29593"},{"taxonomy":"product_tag","embeddable":true,"href":"https:\/\/ataantik05.com\/index.php\/wp-json\/wp\/v2\/product_tag?post=29593"}],"curies":[{"name":"wp","href":"https:\/\/api.w.org\/{rel}","templated":true}]}}