{"id":29597,"date":"2026-04-29T01:23:20","date_gmt":"2026-04-29T01:23:20","guid":{"rendered":"https:\/\/ataantik05.com\/?post_type=product&#038;p=29597"},"modified":"2026-04-29T01:23:20","modified_gmt":"2026-04-29T01:23:20","slug":"bergen-yillar-affetmez-plak","status":"publish","type":"product","link":"https:\/\/ataantik05.com\/index.php\/urun\/bergen-yillar-affetmez-plak\/","title":{"rendered":"Bergen &#8211; Y\u0131llar Affetmez (Plak)"},"content":{"rendered":"<p>Format: Long Play (LP)<\/p>\n<p>Devir H\u0131z\u0131: 33 Devir<\/p>\n","protected":false},"excerpt":{"rendered":"<p><span style=\"font-family: Tahoma;\">Bergen &#8211; Y\u0131llar Affetmez (Plak)<\/span><\/p>\n<p>A:<\/p>\n<p>Geleceksen Bug\u00fcn Gel<br \/>\nBen Oldum \u00c7ileyi Alan<br \/>\nY\u0131llar Affetmez<br \/>\nBir Erkek Y\u00fcz\u00fcnden<br \/>\nSab\u0131r Ver<br \/>\nB:<\/p>\n<p><span style=\"font-family: Tahoma;\">Ay Do\u011fmuyor<br \/>\n\u00d6l\u00fcrd\u00fcm U\u011frunda<br \/>\nDuydunuz Mu<br \/>\nSeni Kalbimden Kovdum<br \/>\nSeni Sevince<\/span><\/p>\n","protected":false},"featured_media":29598,"comment_status":"open","ping_status":"closed","template":"","meta":[],"product_brand":[],"product_cat":[76,84],"product_tag":[],"class_list":{"0":"post-29597","1":"product","2":"type-product","3":"status-publish","4":"has-post-thumbnail","6":"product_cat-plaklar","7":"product_cat-turkce-yeni-baski","9":"first","10":"instock","11":"shipping-taxable","12":"purchasable","13":"product-type-simple"},"jetpack_sharing_enabled":true,"_links":{"self":[{"href":"https:\/\/ataantik05.com\/index.php\/wp-json\/wp\/v2\/product\/29597","targetHints":{"allow":["GET"]}}],"collection":[{"href":"https:\/\/ataantik05.com\/index.php\/wp-json\/wp\/v2\/product"}],"about":[{"href":"https:\/\/ataantik05.com\/index.php\/wp-json\/wp\/v2\/types\/product"}],"replies":[{"embeddable":true,"href":"https:\/\/ataantik05.com\/index.php\/wp-json\/wp\/v2\/comments?post=29597"}],"version-history":[{"count":1,"href":"https:\/\/ataantik05.com\/index.php\/wp-json\/wp\/v2\/product\/29597\/revisions"}],"predecessor-version":[{"id":29600,"href":"https:\/\/ataantik05.com\/index.php\/wp-json\/wp\/v2\/product\/29597\/revisions\/29600"}],"wp:featuredmedia":[{"embeddable":true,"href":"https:\/\/ataantik05.com\/index.php\/wp-json\/wp\/v2\/media\/29598"}],"wp:attachment":[{"href":"https:\/\/ataantik05.com\/index.php\/wp-json\/wp\/v2\/media?parent=29597"}],"wp:term":[{"taxonomy":"product_brand","embeddable":true,"href":"https:\/\/ataantik05.com\/index.php\/wp-json\/wp\/v2\/product_brand?post=29597"},{"taxonomy":"product_cat","embeddable":true,"href":"https:\/\/ataantik05.com\/index.php\/wp-json\/wp\/v2\/product_cat?post=29597"},{"taxonomy":"product_tag","embeddable":true,"href":"https:\/\/ataantik05.com\/index.php\/wp-json\/wp\/v2\/product_tag?post=29597"}],"curies":[{"name":"wp","href":"https:\/\/api.w.org\/{rel}","templated":true}]}}