{"id":29607,"date":"2026-04-29T01:31:21","date_gmt":"2026-04-29T01:31:21","guid":{"rendered":"https:\/\/ataantik05.com\/?post_type=product&#038;p=29607"},"modified":"2026-04-29T01:31:21","modified_gmt":"2026-04-29T01:31:21","slug":"ibrahim-tatlises-allah-allah-hulya-numarali-sinirli-sayida-plak","status":"publish","type":"product","link":"https:\/\/ataantik05.com\/index.php\/urun\/ibrahim-tatlises-allah-allah-hulya-numarali-sinirli-sayida-plak\/","title":{"rendered":"\u0130brahim Tatl\u0131ses &#8211; Allah Allah \/ H\u00fclya (Numaral\u0131 S\u0131n\u0131rl\u0131 Say\u0131da Plak)"},"content":{"rendered":"<p>Format: Long Play (LP)<\/p>\n<p>Devir H\u0131z\u0131: 33 Devir<\/p>\n","protected":false},"excerpt":{"rendered":"<p><span style=\"font-family: Tahoma;\">\u0130brahim Tatl\u0131ses &#8211; Allah Allah \/ H\u00fclya (Numaral\u0131\u00a0 S\u0131n\u0131rl\u0131 Say\u0131da Plak)<\/span><\/p>\n<p>&nbsp;<\/p>\n<p><span style=\"font-family: Tahoma;\">A Y\u00fcz\u00fc<\/span><\/p>\n<p><span style=\"font-family: Tahoma;\">\u00a01. Allah Allah<br \/>\n2. H\u00fclya<br \/>\n3. Allah Yalan\u0131 Sevmez<br \/>\n4. Can\u0131m Dediklerim<br \/>\n5. Sar\u0131\u015f\u0131n\u0131m<br \/>\n6. \u015e\u0131p Sevdi<\/span><\/p>\n<p>&nbsp;<\/p>\n<p>&nbsp;<\/p>\n<p><span style=\"font-family: Tahoma;\">\u00a0B Y\u00fcz\u00fc<\/span><\/p>\n<p><span style=\"font-family: Tahoma;\">\u00a01. Biliyem Yar Biliyem<br \/>\n2. Taksi<br \/>\n3. Her Demet<br \/>\n4. S\u00fcrme \u00c7ekmi\u015f G\u00f6zlerine<br \/>\n5. Ellere Var Bize Yok Mu<br \/>\n6. Sevdal\u0131y\u0131m<\/span><\/p>\n","protected":false},"featured_media":29608,"comment_status":"open","ping_status":"closed","template":"","meta":[],"product_brand":[],"product_cat":[76,84],"product_tag":[],"class_list":{"0":"post-29607","1":"product","2":"type-product","3":"status-publish","4":"has-post-thumbnail","6":"product_cat-plaklar","7":"product_cat-turkce-yeni-baski","9":"first","10":"instock","11":"shipping-taxable","12":"purchasable","13":"product-type-simple"},"jetpack_sharing_enabled":true,"_links":{"self":[{"href":"https:\/\/ataantik05.com\/index.php\/wp-json\/wp\/v2\/product\/29607","targetHints":{"allow":["GET"]}}],"collection":[{"href":"https:\/\/ataantik05.com\/index.php\/wp-json\/wp\/v2\/product"}],"about":[{"href":"https:\/\/ataantik05.com\/index.php\/wp-json\/wp\/v2\/types\/product"}],"replies":[{"embeddable":true,"href":"https:\/\/ataantik05.com\/index.php\/wp-json\/wp\/v2\/comments?post=29607"}],"version-history":[{"count":1,"href":"https:\/\/ataantik05.com\/index.php\/wp-json\/wp\/v2\/product\/29607\/revisions"}],"predecessor-version":[{"id":29610,"href":"https:\/\/ataantik05.com\/index.php\/wp-json\/wp\/v2\/product\/29607\/revisions\/29610"}],"wp:featuredmedia":[{"embeddable":true,"href":"https:\/\/ataantik05.com\/index.php\/wp-json\/wp\/v2\/media\/29608"}],"wp:attachment":[{"href":"https:\/\/ataantik05.com\/index.php\/wp-json\/wp\/v2\/media?parent=29607"}],"wp:term":[{"taxonomy":"product_brand","embeddable":true,"href":"https:\/\/ataantik05.com\/index.php\/wp-json\/wp\/v2\/product_brand?post=29607"},{"taxonomy":"product_cat","embeddable":true,"href":"https:\/\/ataantik05.com\/index.php\/wp-json\/wp\/v2\/product_cat?post=29607"},{"taxonomy":"product_tag","embeddable":true,"href":"https:\/\/ataantik05.com\/index.php\/wp-json\/wp\/v2\/product_tag?post=29607"}],"curies":[{"name":"wp","href":"https:\/\/api.w.org\/{rel}","templated":true}]}}