{"id":29611,"date":"2026-04-29T01:35:25","date_gmt":"2026-04-29T01:35:25","guid":{"rendered":"https:\/\/ataantik05.com\/?post_type=product&#038;p=29611"},"modified":"2026-04-29T01:35:25","modified_gmt":"2026-04-29T01:35:25","slug":"bir-zamanlar-5-cesitli-sanatcilar-2-plak","status":"publish","type":"product","link":"https:\/\/ataantik05.com\/index.php\/urun\/bir-zamanlar-5-cesitli-sanatcilar-2-plak\/","title":{"rendered":"Bir Zamanlar 5 &#8211; \u00c7e\u015fitli Sanat\u00e7\u0131lar (2 Plak)"},"content":{"rendered":"<p>Format: Long Play (LP)<\/p>\n<p>Devir H\u0131z\u0131: 33 Devir<\/p>\n","protected":false},"excerpt":{"rendered":"<p><strong>LP: 1<\/p>\n<p>1. Sev Karde\u015fim &#8211; \u015eenay<br \/>\n2. Oh Olsun &#8211; F\u00fcsun \u00d6nal<br \/>\n3. A\u015fk Alfabesi &#8211; Ye\u015fim<br \/>\n4. Param Yok Pulum Yok &#8211; Meral, Zuhal<br \/>\n5. Vakit Yok Gemi Kalk\u0131yor &#8211; Metin Ersoy<br \/>\n6. Tatl\u0131 Tatl\u0131 &#8211; Nil Burak<br \/>\n7. Bu Ne D\u00fcnya &#8211; Yeliz<br \/>\n8. Eski \u00c7amlar Bardak Oldu &#8211; G\u00fczin \u0130le Baha<br \/>\n9. Benden Bu Kadar &#8211; Asu Maralman\u00a0<\/strong><\/p>\n<p>&nbsp;<\/p>\n<p>LP: 2<\/p>\n<p>1. Ya Seninle Ya Sensiz &#8211; I\u015f\u0131l Y\u00fccesoy<br \/>\n2. Unutma &#8211; Rezzan Y\u00fccel<br \/>\n3. Seni \u00c7ok \u00d6zledim &#8211; Seyyal Taner<br \/>\n4. Kazand\u0131m &#8211; N\u00fckhet Duru<br \/>\n5. A\u015f\u0131ks\u0131n &#8211; Ersan Erduran<br \/>\n6. O Biliyor &#8211; Sibel Egemen<br \/>\n7. A\u011flama Sevgilim &#8211; Kenan<br \/>\n8. Tekrar Seni Sevecek &#8211; Saadet Sun<br \/>\n9. Lili Loy &#8211; R\u00fc\u00e7han \u00c7amay<br \/>\n10. Koca \u00d6k\u00fcz &#8211; Ayla Algan<\/p>\n","protected":false},"featured_media":29612,"comment_status":"open","ping_status":"closed","template":"","meta":[],"product_brand":[],"product_cat":[76,84],"product_tag":[],"class_list":{"0":"post-29611","1":"product","2":"type-product","3":"status-publish","4":"has-post-thumbnail","6":"product_cat-plaklar","7":"product_cat-turkce-yeni-baski","9":"first","10":"instock","11":"shipping-taxable","12":"purchasable","13":"product-type-simple"},"jetpack_sharing_enabled":true,"_links":{"self":[{"href":"https:\/\/ataantik05.com\/index.php\/wp-json\/wp\/v2\/product\/29611","targetHints":{"allow":["GET"]}}],"collection":[{"href":"https:\/\/ataantik05.com\/index.php\/wp-json\/wp\/v2\/product"}],"about":[{"href":"https:\/\/ataantik05.com\/index.php\/wp-json\/wp\/v2\/types\/product"}],"replies":[{"embeddable":true,"href":"https:\/\/ataantik05.com\/index.php\/wp-json\/wp\/v2\/comments?post=29611"}],"version-history":[{"count":1,"href":"https:\/\/ataantik05.com\/index.php\/wp-json\/wp\/v2\/product\/29611\/revisions"}],"predecessor-version":[{"id":29614,"href":"https:\/\/ataantik05.com\/index.php\/wp-json\/wp\/v2\/product\/29611\/revisions\/29614"}],"wp:featuredmedia":[{"embeddable":true,"href":"https:\/\/ataantik05.com\/index.php\/wp-json\/wp\/v2\/media\/29612"}],"wp:attachment":[{"href":"https:\/\/ataantik05.com\/index.php\/wp-json\/wp\/v2\/media?parent=29611"}],"wp:term":[{"taxonomy":"product_brand","embeddable":true,"href":"https:\/\/ataantik05.com\/index.php\/wp-json\/wp\/v2\/product_brand?post=29611"},{"taxonomy":"product_cat","embeddable":true,"href":"https:\/\/ataantik05.com\/index.php\/wp-json\/wp\/v2\/product_cat?post=29611"},{"taxonomy":"product_tag","embeddable":true,"href":"https:\/\/ataantik05.com\/index.php\/wp-json\/wp\/v2\/product_tag?post=29611"}],"curies":[{"name":"wp","href":"https:\/\/api.w.org\/{rel}","templated":true}]}}