{"id":29616,"date":"2026-04-29T01:39:09","date_gmt":"2026-04-29T01:39:09","guid":{"rendered":"https:\/\/ataantik05.com\/?post_type=product&#038;p=29616"},"modified":"2026-04-29T01:39:09","modified_gmt":"2026-04-29T01:39:09","slug":"bir-zamanlar-4-cesitli-sanatcilar-2-plak","status":"publish","type":"product","link":"https:\/\/ataantik05.com\/index.php\/urun\/bir-zamanlar-4-cesitli-sanatcilar-2-plak\/","title":{"rendered":"Bir Zamanlar 4 &#8211; \u00c7e\u015fitli Sanat\u00e7\u0131lar (2 Plak)"},"content":{"rendered":"<p>Format: Long Play (LP)<\/p>\n<p>Devir H\u0131z\u0131: 33 Devir<\/p>\n","protected":false},"excerpt":{"rendered":"<div><b>Plak 1\u00a0<\/b>\n<\/div>\n<div><\/div>\n<div><b>A Y\u00fcz\u00fc:\u00a0<\/b>\n<\/div>\n<div><\/div>\n<div><b>A1 &#8211; Ajda Pekkan &#8211; Ne Varsa Bende Var<\/b><\/div>\n<div><b>A2 &#8211; Erol Evgin &#8211; R\u00fcya<\/b><\/div>\n<div><b>A3 -Seyyal Taner &#8211; G\u016blme Kom\u015funa<\/b><\/div>\n<div><b>A4 &#8211; G\u00fclistan Okan &#8211; D\u00fc\u011f\u00fcm D\u00fc\u011f\u00fcm Ba\u011flanm\u0131\u015f\u0131z<\/b><\/div>\n<div><b>A5 &#8211; Ersan Erdura &#8211; Hayalin gitmez<\/b>\n<\/div>\n<div><\/div>\n<div><b>B Y\u00fcz\u00fc:<\/b>\n<\/div>\n<div><\/div>\n<div><b>B1 &#8211; Sezen Aksu &#8211; Kaybolan Y\u0131llar<\/b><\/div>\n<div><b>B2 &#8211; Lale Belk\u0131s &#8211; Do\u011fdu\u011fum Ev<\/b><\/div>\n<div><b>B3 &#8211; N\u00fckhet Duru &#8211; Yalan S\u00f6zlerle<\/b><\/div>\n<div><b>B4 &#8211; Ayla Dikmen &#8211; A\u015fk Defteri<\/b><\/div>\n<div><b>B5 &#8211; Sibel Egemen &#8211; Yine Yaln\u0131z\u0131m<\/b>\n<\/div>\n<div><\/div>\n<div><b>Plak 2<\/b>\n<\/div>\n<div><\/div>\n<div><b>A Y\u00fcz\u00fc:<\/b>\n<\/div>\n<div><\/div>\n<div><\/div>\n<div><b>C1 &#8211; Ayla Algan &#8211; Bak \u015eu Adama A\u015f\u0131k Oldu<\/b><\/div>\n<div><b>C2 &#8211; Sel\u00e7uk Ural &#8211; G\u00fcle G\u00fcle Sana<\/b><\/div>\n<div><b>C3 &#8211; Meral \u2013 Zuhal &#8211; Senden Ba\u015fka Kimim Var ki<\/b><\/div>\n<div><b>C4 &#8211; Bilgen Beng\u00fc &#8211; Kendine \u0130yi Bak<\/b><\/div>\n<div><b>C5 &#8211; Romal\u0131 Perihan &#8211; O Bendim O<\/b>\n<\/div>\n<div><\/div>\n<div><b>B Y\u00fcz\u00fc:<\/b>\n<\/div>\n<div><\/div>\n<div><b>D1 &#8211; Selma Devrim &#8211; Topra\u011f\u0131n K\u0131z\u0131<\/b><\/div>\n<div><b>D2 &#8211; R\u016b\u00e7han \u00c7amay &#8211; Ne Haber<\/b><\/div>\n<div><b>D3 \u2013 Esmeray &#8211; Oylum Oylum<\/b><\/div>\n<div><b>D4 &#8211; Behiye Aksoy &#8211; Kim Arar\u00a0<\/b><\/div>\n<div><b>D5 &#8211; Nermin Candan &#8211; Olmaz Olmaz Bu \u0130\u015f Olamaz.<\/b><\/div>\n","protected":false},"featured_media":29617,"comment_status":"open","ping_status":"closed","template":"","meta":[],"product_brand":[],"product_cat":[76,84],"product_tag":[],"class_list":{"0":"post-29616","1":"product","2":"type-product","3":"status-publish","4":"has-post-thumbnail","6":"product_cat-plaklar","7":"product_cat-turkce-yeni-baski","9":"first","10":"instock","11":"shipping-taxable","12":"purchasable","13":"product-type-simple"},"jetpack_sharing_enabled":true,"_links":{"self":[{"href":"https:\/\/ataantik05.com\/index.php\/wp-json\/wp\/v2\/product\/29616","targetHints":{"allow":["GET"]}}],"collection":[{"href":"https:\/\/ataantik05.com\/index.php\/wp-json\/wp\/v2\/product"}],"about":[{"href":"https:\/\/ataantik05.com\/index.php\/wp-json\/wp\/v2\/types\/product"}],"replies":[{"embeddable":true,"href":"https:\/\/ataantik05.com\/index.php\/wp-json\/wp\/v2\/comments?post=29616"}],"version-history":[{"count":1,"href":"https:\/\/ataantik05.com\/index.php\/wp-json\/wp\/v2\/product\/29616\/revisions"}],"predecessor-version":[{"id":29619,"href":"https:\/\/ataantik05.com\/index.php\/wp-json\/wp\/v2\/product\/29616\/revisions\/29619"}],"wp:featuredmedia":[{"embeddable":true,"href":"https:\/\/ataantik05.com\/index.php\/wp-json\/wp\/v2\/media\/29617"}],"wp:attachment":[{"href":"https:\/\/ataantik05.com\/index.php\/wp-json\/wp\/v2\/media?parent=29616"}],"wp:term":[{"taxonomy":"product_brand","embeddable":true,"href":"https:\/\/ataantik05.com\/index.php\/wp-json\/wp\/v2\/product_brand?post=29616"},{"taxonomy":"product_cat","embeddable":true,"href":"https:\/\/ataantik05.com\/index.php\/wp-json\/wp\/v2\/product_cat?post=29616"},{"taxonomy":"product_tag","embeddable":true,"href":"https:\/\/ataantik05.com\/index.php\/wp-json\/wp\/v2\/product_tag?post=29616"}],"curies":[{"name":"wp","href":"https:\/\/api.w.org\/{rel}","templated":true}]}}