{"id":29620,"date":"2026-04-29T01:42:46","date_gmt":"2026-04-29T01:42:46","guid":{"rendered":"https:\/\/ataantik05.com\/?post_type=product&#038;p=29620"},"modified":"2026-04-29T01:42:46","modified_gmt":"2026-04-29T01:42:46","slug":"bir-zamanlar-3-cesitli-sanatcilar-2-plak","status":"publish","type":"product","link":"https:\/\/ataantik05.com\/index.php\/urun\/bir-zamanlar-3-cesitli-sanatcilar-2-plak\/","title":{"rendered":"Bir Zamanlar 3 &#8211; \u00c7e\u015fitli Sanat\u00e7\u0131lar (2 Plak)"},"content":{"rendered":"<p>Format: Long Play (LP)<\/p>\n<p>Devir H\u0131z\u0131: 33 Devir<\/p>\n","protected":false},"excerpt":{"rendered":"<div><strong>PLAK 1<\/strong><\/div>\n<p>&nbsp;<\/p>\n<p><strong>A1 &#8211; Ajda Pekkan \/ Yere Bakan Y\u00fcrek Yakan\u00a0<\/strong><\/p>\n<div><strong>A2 &#8211; Seyyal Taner \/ Son Verdim Kalbimin \u0130\u015fine\u00a0<\/strong><\/div>\n<div><strong>A3 &#8211; Sevda Karaca \/ Tan\u0131mazs\u0131n Beni\u00a0<\/strong><\/div>\n<div><strong>A4 &#8211; Yasemin Kumral \/ Bim Bam Bom\u00a0<\/strong><\/div>\n<div><strong>A5 &#8211; F\u00fcsun \u00d6nal \/ Senden Ba\u015fka\u00a0<\/strong><\/div>\n<div><\/div>\n<div><strong>B1 &#8211; G\u00fczin ve Baha \/ Gen\u00e7lik Ba\u015f\u0131mda Duman\u00a0<\/strong><\/div>\n<div><strong>B2 &#8211; Sezen Aksu \/ Seni Gidi Vurdum Duymaz\u00a0<\/strong><\/div>\n<div><strong>B3 &#8211; \u0130bo \/ Benim Balonlar\u0131m Vard\u0131\u00a0<\/strong><\/div>\n<div><strong>B4 &#8211; Ay\u00e7a ve Elma \u015eekerleri \/ K\u00fc\u00e7\u00fck K\u0131z\u00a0<\/strong><\/div>\n<div><strong>B5 &#8211; Atilla Atasoy &#8211; Ay\u015fe Mine \/ Birg\u00fcn Beni Anarsan\u00a0<\/strong><\/div>\n<div><strong>B6 &#8211; Co\u015fkun Demir \/ Sen Bensiz, Ben Sensiz\u00a0<\/strong>\n<\/div>\n<p>&nbsp;<\/p>\n<div><strong>PLAK 2<\/strong><\/div>\n<div><\/div>\n<p>&nbsp;<\/p>\n<div><strong>C1 &#8211; Nil Burak \/ G\u00f6z\u00fcn\u00fcz Ayd\u0131n\u00a0<\/strong><\/div>\n<div><strong>C2 &#8211; N\u00fckhet Duru \/ S\u00f6yletme Beni\u00a0<\/strong><\/div>\n<div><strong>C3 &#8211; Ayla Dikmen \/ Anlamazd\u0131n\u00a0<\/strong><\/div>\n<div><strong>C4 &#8211; Ersan Erdura \/ \u00c7ocuk G\u00f6zler\u00a0<\/strong><\/div>\n<div><strong>C5 &#8211; T\u00fclay \u00d6zer \/ B\u00fckl\u00fcm B\u00fckl\u00fcm\u00a0<\/strong><\/div>\n<div><\/div>\n<div><strong>D1 &#8211; Behiye Aksoy \/ Kara Sevda\u00a0<\/strong><\/div>\n<div><strong>D2 &#8211; Salim D\u00fcndar \/ Aynalar\u00a0<\/strong><\/div>\n<div><strong>D3 &#8211; Cumhur \/ Sen Asl\u0131&#8217;dan da G\u00fczelsin\u00a0<\/strong><\/div>\n<div><strong>D4 &#8211; Nazan \u015eoray \/ Hal Hal\u00a0<\/strong><\/div>\n<div><strong>D5 &#8211; Ayd\u0131n Tansel \/ G\u00fcnler Aylar\u00a0<\/strong><\/div>\n","protected":false},"featured_media":29621,"comment_status":"open","ping_status":"closed","template":"","meta":[],"product_brand":[],"product_cat":[76,84],"product_tag":[],"class_list":{"0":"post-29620","1":"product","2":"type-product","3":"status-publish","4":"has-post-thumbnail","6":"product_cat-plaklar","7":"product_cat-turkce-yeni-baski","9":"first","10":"instock","11":"shipping-taxable","12":"purchasable","13":"product-type-simple"},"jetpack_sharing_enabled":true,"_links":{"self":[{"href":"https:\/\/ataantik05.com\/index.php\/wp-json\/wp\/v2\/product\/29620","targetHints":{"allow":["GET"]}}],"collection":[{"href":"https:\/\/ataantik05.com\/index.php\/wp-json\/wp\/v2\/product"}],"about":[{"href":"https:\/\/ataantik05.com\/index.php\/wp-json\/wp\/v2\/types\/product"}],"replies":[{"embeddable":true,"href":"https:\/\/ataantik05.com\/index.php\/wp-json\/wp\/v2\/comments?post=29620"}],"version-history":[{"count":1,"href":"https:\/\/ataantik05.com\/index.php\/wp-json\/wp\/v2\/product\/29620\/revisions"}],"predecessor-version":[{"id":29623,"href":"https:\/\/ataantik05.com\/index.php\/wp-json\/wp\/v2\/product\/29620\/revisions\/29623"}],"wp:featuredmedia":[{"embeddable":true,"href":"https:\/\/ataantik05.com\/index.php\/wp-json\/wp\/v2\/media\/29621"}],"wp:attachment":[{"href":"https:\/\/ataantik05.com\/index.php\/wp-json\/wp\/v2\/media?parent=29620"}],"wp:term":[{"taxonomy":"product_brand","embeddable":true,"href":"https:\/\/ataantik05.com\/index.php\/wp-json\/wp\/v2\/product_brand?post=29620"},{"taxonomy":"product_cat","embeddable":true,"href":"https:\/\/ataantik05.com\/index.php\/wp-json\/wp\/v2\/product_cat?post=29620"},{"taxonomy":"product_tag","embeddable":true,"href":"https:\/\/ataantik05.com\/index.php\/wp-json\/wp\/v2\/product_tag?post=29620"}],"curies":[{"name":"wp","href":"https:\/\/api.w.org\/{rel}","templated":true}]}}