{"id":29624,"date":"2026-04-29T01:46:00","date_gmt":"2026-04-29T01:46:00","guid":{"rendered":"https:\/\/ataantik05.com\/?post_type=product&#038;p=29624"},"modified":"2026-04-29T01:46:00","modified_gmt":"2026-04-29T01:46:00","slug":"bir-zamanlar-seksenler-plak","status":"publish","type":"product","link":"https:\/\/ataantik05.com\/index.php\/urun\/bir-zamanlar-seksenler-plak\/","title":{"rendered":"Bir Zamanlar Seksenler (Plak)"},"content":{"rendered":"<p>Format: Long Play (LP)<\/p>\n<p>Devir H\u0131z\u0131: 33 Devir<\/p>\n","protected":false},"excerpt":{"rendered":"<div><b>A Y\u00fcz\u00fc:<\/b><\/div>\n<div><\/div>\n<div><\/div>\n<div><b>A1 \u2013 Okul Yolunda \/ \u00dcmit Besen<\/b><\/div>\n<div><b>A2 \u2013 Sarma\u015f Dola\u015f \/ Seyyal Taner<\/b><\/div>\n<div><b>A3 \u2013 Birisine Birisine \/ Nil Burak<\/b><\/div>\n<div><b>A4 \u2013 A\u015fk Alfabesi \/ Ye\u015fim<\/b><\/div>\n<div><b>A5 \u2013 Eski Sevgili \/ Banu<\/b><\/div>\n<div><b>A6 \u2013 \u00c7aresizim \/ Funda<\/b><\/div>\n<div><b>A7 \u2013 \u00c7ocuk G\u00f6zler \/ Ersan Erdura<\/b><\/div>\n<div><\/div>\n<div><\/div>\n<div><b>B Y\u00fcz\u00fc:<\/b><\/div>\n<div><\/div>\n<div><\/div>\n<div><b>B1 \u2013 T\u00f6vbe \/ Ercan Turgut<\/b><\/div>\n<div><b>B2 \u2013 Versin Tanr\u0131 \u0130stemem \/ Ayla Algan<\/b><\/div>\n<div><b>B3 \u2013 Dilenci \/ Atilla Atasoy<\/b><\/div>\n<div><b>B4 \u2013 Yeter ki \/ Saadet Sun<\/b><\/div>\n<div><b>B5 \u2013 Aynalar \/ Salim D\u00fcndar<\/b><\/div>\n<div><b>B6 \u2013 Sen Asl\u0131\u2019dan da G\u00fczelsin \/ Cumhur<\/b><\/div>\n<div><b>B7 \u2013 S\u0131cak S\u0131ms\u0131cak \/ Semiha Yank\u0131<\/b><\/div>\n<div><b>B8 \u2013 Al ve Is\u0131t Ellerimi \/ Meral &#8211; Zuhal<\/b><\/div>\n","protected":false},"featured_media":29625,"comment_status":"open","ping_status":"closed","template":"","meta":[],"product_brand":[],"product_cat":[76,84],"product_tag":[],"class_list":{"0":"post-29624","1":"product","2":"type-product","3":"status-publish","4":"has-post-thumbnail","6":"product_cat-plaklar","7":"product_cat-turkce-yeni-baski","9":"first","10":"instock","11":"shipping-taxable","12":"purchasable","13":"product-type-simple"},"jetpack_sharing_enabled":true,"_links":{"self":[{"href":"https:\/\/ataantik05.com\/index.php\/wp-json\/wp\/v2\/product\/29624","targetHints":{"allow":["GET"]}}],"collection":[{"href":"https:\/\/ataantik05.com\/index.php\/wp-json\/wp\/v2\/product"}],"about":[{"href":"https:\/\/ataantik05.com\/index.php\/wp-json\/wp\/v2\/types\/product"}],"replies":[{"embeddable":true,"href":"https:\/\/ataantik05.com\/index.php\/wp-json\/wp\/v2\/comments?post=29624"}],"version-history":[{"count":1,"href":"https:\/\/ataantik05.com\/index.php\/wp-json\/wp\/v2\/product\/29624\/revisions"}],"predecessor-version":[{"id":29627,"href":"https:\/\/ataantik05.com\/index.php\/wp-json\/wp\/v2\/product\/29624\/revisions\/29627"}],"wp:featuredmedia":[{"embeddable":true,"href":"https:\/\/ataantik05.com\/index.php\/wp-json\/wp\/v2\/media\/29625"}],"wp:attachment":[{"href":"https:\/\/ataantik05.com\/index.php\/wp-json\/wp\/v2\/media?parent=29624"}],"wp:term":[{"taxonomy":"product_brand","embeddable":true,"href":"https:\/\/ataantik05.com\/index.php\/wp-json\/wp\/v2\/product_brand?post=29624"},{"taxonomy":"product_cat","embeddable":true,"href":"https:\/\/ataantik05.com\/index.php\/wp-json\/wp\/v2\/product_cat?post=29624"},{"taxonomy":"product_tag","embeddable":true,"href":"https:\/\/ataantik05.com\/index.php\/wp-json\/wp\/v2\/product_tag?post=29624"}],"curies":[{"name":"wp","href":"https:\/\/api.w.org\/{rel}","templated":true}]}}