{"id":29630,"date":"2026-04-29T13:23:12","date_gmt":"2026-04-29T13:23:12","guid":{"rendered":"https:\/\/ataantik05.com\/?post_type=product&#038;p=29630"},"modified":"2026-04-29T13:23:12","modified_gmt":"2026-04-29T13:23:12","slug":"asik-mahzuni-serif-iste-gidiyorum-cesmi-siyahim-plak","status":"publish","type":"product","link":"https:\/\/ataantik05.com\/index.php\/urun\/asik-mahzuni-serif-iste-gidiyorum-cesmi-siyahim-plak\/","title":{"rendered":"A\u015f\u0131k Mahzuni \u015eerif &#8211; \u0130\u015fte Gidiyorum \u00c7e\u015fmi Siyah\u0131m (Plak)"},"content":{"rendered":"<p>Format: Long Play (LP)<\/p>\n<p>Devir H\u0131z\u0131: 33 Devir<\/p>\n","protected":false},"excerpt":{"rendered":"<div><strong>A\u015f\u0131k Mahzuni \u015eerif &#8211; \u0130\u015fte Gidiyorum \u00c7e\u015fmi Siyah\u0131m (Plak)\u00a0<\/strong><\/div>\n<p>&nbsp;<\/p>\n<div><\/div>\n<div><strong>A Y\u00fcz\u00fc:<\/strong><\/div>\n<p>&nbsp;<\/p>\n<div><\/div>\n<ol>\n<li><strong>\u0130\u015fte Gidiyorum \u00c7e\u015fmi Siyah\u0131m<\/strong><\/li>\n<li><strong>Felek \u0130le \u015eu Cihan\u0131 B\u00f6l\u00fc\u015ft\u00fck<\/strong><\/li>\n<li><strong>Gel Gizli Gizli<\/strong><\/li>\n<li><strong>\u00c7\u0131ksam Baksam<\/strong><\/li>\n<li><strong>Deyme Tabip S\u0131zl\u0131yor<\/strong><\/li>\n<li><strong>Divane Ettin Akl\u0131m\u0131<\/strong><\/li>\n<\/ol>\n<div><\/div>\n<div><strong>B Y\u00fcz\u00fc:\u00a0<\/strong><\/div>\n<p>&nbsp;<\/p>\n<div><\/div>\n<ol>\n<li><strong>Bo\u015fu Bo\u015funa<\/strong><\/li>\n<li><strong>G\u00fcl Y\u00fczl\u00fc Canan\u0131m<\/strong><\/li>\n<li><strong>Ha\u015flay\u0131n Beni<\/strong><\/li>\n<li><strong>Yaraland\u0131m Yar Ali Yar<\/strong><\/li>\n<li><strong>Y\u00fcr\u00fc Bre Mervan\u0131n D\u00f6l\u00fc<\/strong><\/li>\n<li><strong>G\u00fccenme Ey Sofu Baba<\/strong><\/li>\n<\/ol>\n","protected":false},"featured_media":29631,"comment_status":"open","ping_status":"closed","template":"","meta":[],"product_brand":[],"product_cat":[76,84],"product_tag":[],"class_list":{"0":"post-29630","1":"product","2":"type-product","3":"status-publish","4":"has-post-thumbnail","6":"product_cat-plaklar","7":"product_cat-turkce-yeni-baski","9":"first","10":"instock","11":"shipping-taxable","12":"purchasable","13":"product-type-simple"},"jetpack_sharing_enabled":true,"_links":{"self":[{"href":"https:\/\/ataantik05.com\/index.php\/wp-json\/wp\/v2\/product\/29630","targetHints":{"allow":["GET"]}}],"collection":[{"href":"https:\/\/ataantik05.com\/index.php\/wp-json\/wp\/v2\/product"}],"about":[{"href":"https:\/\/ataantik05.com\/index.php\/wp-json\/wp\/v2\/types\/product"}],"replies":[{"embeddable":true,"href":"https:\/\/ataantik05.com\/index.php\/wp-json\/wp\/v2\/comments?post=29630"}],"version-history":[{"count":1,"href":"https:\/\/ataantik05.com\/index.php\/wp-json\/wp\/v2\/product\/29630\/revisions"}],"predecessor-version":[{"id":29633,"href":"https:\/\/ataantik05.com\/index.php\/wp-json\/wp\/v2\/product\/29630\/revisions\/29633"}],"wp:featuredmedia":[{"embeddable":true,"href":"https:\/\/ataantik05.com\/index.php\/wp-json\/wp\/v2\/media\/29631"}],"wp:attachment":[{"href":"https:\/\/ataantik05.com\/index.php\/wp-json\/wp\/v2\/media?parent=29630"}],"wp:term":[{"taxonomy":"product_brand","embeddable":true,"href":"https:\/\/ataantik05.com\/index.php\/wp-json\/wp\/v2\/product_brand?post=29630"},{"taxonomy":"product_cat","embeddable":true,"href":"https:\/\/ataantik05.com\/index.php\/wp-json\/wp\/v2\/product_cat?post=29630"},{"taxonomy":"product_tag","embeddable":true,"href":"https:\/\/ataantik05.com\/index.php\/wp-json\/wp\/v2\/product_tag?post=29630"}],"curies":[{"name":"wp","href":"https:\/\/api.w.org\/{rel}","templated":true}]}}