{"id":29634,"date":"2026-04-29T13:42:21","date_gmt":"2026-04-29T13:42:21","guid":{"rendered":"https:\/\/ataantik05.com\/?post_type=product&#038;p=29634"},"modified":"2026-04-29T13:42:22","modified_gmt":"2026-04-29T13:42:22","slug":"asik-veysel-uzun-ince-bir-yoldayim-plak","status":"publish","type":"product","link":"https:\/\/ataantik05.com\/index.php\/urun\/asik-veysel-uzun-ince-bir-yoldayim-plak\/","title":{"rendered":"A\u015f\u0131k Veysel &#8211; Uzun \u0130nce Bir yolday\u0131m (Plak)"},"content":{"rendered":"<p>Format: Long Play (LP)<\/p>\n<p>Devir H\u0131z\u0131: 33 Devir<\/p>\n","protected":false},"excerpt":{"rendered":"<p><u><b>A:<\/b><\/u><\/p>\n<div>\n<ol>\n<li>Uzun \u0130nce Bir Yolday\u0131m ( Uzun Versiyon )<\/li>\n<li>Y\u0131ld\u0131z<\/li>\n<li>Y\u00fcceda\u011f Ba\u015f\u0131nda<\/li>\n<li>Dumlup\u0131nar \u015eehitleri<\/li>\n<li>Beserek Da\u011f\u0131<\/li>\n<li>Bizim Eller<\/li>\n<\/ol>\n<ol>\n<li>\n<ol>\n<li>\n<ol>\n<li><\/li>\n<\/ol>\n<\/li>\n<\/ol>\n<\/li>\n<\/ol>\n<\/div>\n<div><u><b>B:<\/b><\/u><\/div>\n<div>\n<ol>\n<li>\u00d6mr\u00fcm \u00d6mr\u00fcm<\/li>\n<li>Kendi Kendimi<\/li>\n<li>Dostun Bah\u00e7esi<\/li>\n<li>Sunam<\/li>\n<li>\u00c7\u0131rp\u0131n\u0131p \u0130\u00e7inde D\u00f6nd\u00fc\u011f\u00fcm<\/li>\n<\/ol>\n<ol>\n<li>\n<ol>\n<li><\/li>\n<\/ol>\n<\/li>\n<\/ol>\n<\/div>\n<p>&nbsp;<\/p>\n<p>&nbsp;<\/p>\n<p>&nbsp;<\/p>\n<p>A\u015f\u0131k Veysel&#8217;in Do\u011fumunun 121.Y\u0131l\u0131na \u00d6zel LP &#8211; Deluxe 180gr Eski Plaklar yeniden hayat buluyor.Kolleksiyonerleri \u00f6zledikleri eski plaklarla bulu\u015fturan Long Play serisi, &#8220;A\u015f\u0131k Veysel &#8211; Uzun \u0130nce Bir Yolday\u0131m &#8221; isimli Long Play ile devam ediyor. Do\u011fumunun 121. y\u0131l\u0131nda A\u015f\u0131k Veysel \u015eat\u0131ro\u011flu&#8217;nu en \u00f6nemli eserlerinden biri olan Uzun ince bir Yolday\u0131m ile an\u0131yoruz. Titiz bir \u00e7al\u0131\u015fma sonucu ar\u015fivlerden derlenen bu \u00f6zel \u00e7al\u0131\u015fmada \u00fcstad\u0131n Uzun \u0130nce Bir Yolday\u0131m eserinin ilk kez yay\u0131nlanan uzun versiyonunu ve birbirinden g\u00fczel on bir eserini kendi saz\u0131ndan ve s\u00f6z\u00fcnden dinleyebilirsiniz.<\/p>\n","protected":false},"featured_media":29635,"comment_status":"open","ping_status":"closed","template":"","meta":[],"product_brand":[],"product_cat":[76,84],"product_tag":[],"class_list":{"0":"post-29634","1":"product","2":"type-product","3":"status-publish","4":"has-post-thumbnail","6":"product_cat-plaklar","7":"product_cat-turkce-yeni-baski","9":"first","10":"instock","11":"shipping-taxable","12":"purchasable","13":"product-type-simple"},"jetpack_sharing_enabled":true,"_links":{"self":[{"href":"https:\/\/ataantik05.com\/index.php\/wp-json\/wp\/v2\/product\/29634","targetHints":{"allow":["GET"]}}],"collection":[{"href":"https:\/\/ataantik05.com\/index.php\/wp-json\/wp\/v2\/product"}],"about":[{"href":"https:\/\/ataantik05.com\/index.php\/wp-json\/wp\/v2\/types\/product"}],"replies":[{"embeddable":true,"href":"https:\/\/ataantik05.com\/index.php\/wp-json\/wp\/v2\/comments?post=29634"}],"version-history":[{"count":1,"href":"https:\/\/ataantik05.com\/index.php\/wp-json\/wp\/v2\/product\/29634\/revisions"}],"predecessor-version":[{"id":29637,"href":"https:\/\/ataantik05.com\/index.php\/wp-json\/wp\/v2\/product\/29634\/revisions\/29637"}],"wp:featuredmedia":[{"embeddable":true,"href":"https:\/\/ataantik05.com\/index.php\/wp-json\/wp\/v2\/media\/29635"}],"wp:attachment":[{"href":"https:\/\/ataantik05.com\/index.php\/wp-json\/wp\/v2\/media?parent=29634"}],"wp:term":[{"taxonomy":"product_brand","embeddable":true,"href":"https:\/\/ataantik05.com\/index.php\/wp-json\/wp\/v2\/product_brand?post=29634"},{"taxonomy":"product_cat","embeddable":true,"href":"https:\/\/ataantik05.com\/index.php\/wp-json\/wp\/v2\/product_cat?post=29634"},{"taxonomy":"product_tag","embeddable":true,"href":"https:\/\/ataantik05.com\/index.php\/wp-json\/wp\/v2\/product_tag?post=29634"}],"curies":[{"name":"wp","href":"https:\/\/api.w.org\/{rel}","templated":true}]}}