{"id":29648,"date":"2026-04-29T13:53:42","date_gmt":"2026-04-29T13:53:42","guid":{"rendered":"https:\/\/ataantik05.com\/?post_type=product&#038;p=29648"},"modified":"2026-04-29T13:53:42","modified_gmt":"2026-04-29T13:53:42","slug":"neset-ertas-zahidem-gonul-dagi-plak","status":"publish","type":"product","link":"https:\/\/ataantik05.com\/index.php\/urun\/neset-ertas-zahidem-gonul-dagi-plak\/","title":{"rendered":"Ne\u015fet Erta\u015f &#8211; Zahidem \/ G\u00f6n\u00fcl Da\u011f\u0131 (Plak)"},"content":{"rendered":"<p>Format: Long Play (LP)<\/p>\n<p>Devir H\u0131z\u0131: 33 Devir<\/p>\n","protected":false},"excerpt":{"rendered":"<p><strong>A Y\u00fcz\u00fc:<\/strong><br \/>\n1- G\u00f6n\u00fcl Da\u011f\u0131<br \/>\n2- Zahidem<br \/>\n3- Kar Ya\u011far Kar \u00dcst\u00fcne<br \/>\n4- Sanki Sam Yelisin Estin Ba\u011f\u0131ma<br \/>\n5- Ne G\u00fczel Yaratm\u0131\u015f Seni Yaradan<br \/>\n6- Haydar Haydar<br \/>\nB Y\u00fcz\u00fc:<br \/>\n<strong>1- G\u00f6n\u00fcl Arzu Ediyor Yari G\u00f6rmeyi<br \/>\n2- Tatl\u0131 Dile G\u00fcler Y\u00fcze Doyulur Mu<br \/>\n3- K\u00fcst\u00fcrd\u00fcn G\u00f6n\u00fcl\u00fc<br \/>\n4- Sevsem \u00d6ld\u00fcr\u00fcrler Sevmesem \u00d6ld\u00fcm<br \/>\n5- Aman\u0131n Leyla<\/strong><\/p>\n","protected":false},"featured_media":29650,"comment_status":"open","ping_status":"closed","template":"","meta":[],"product_brand":[],"product_cat":[76,84],"product_tag":[],"class_list":{"0":"post-29648","1":"product","2":"type-product","3":"status-publish","4":"has-post-thumbnail","6":"product_cat-plaklar","7":"product_cat-turkce-yeni-baski","9":"first","10":"instock","11":"shipping-taxable","12":"purchasable","13":"product-type-simple"},"jetpack_sharing_enabled":true,"_links":{"self":[{"href":"https:\/\/ataantik05.com\/index.php\/wp-json\/wp\/v2\/product\/29648","targetHints":{"allow":["GET"]}}],"collection":[{"href":"https:\/\/ataantik05.com\/index.php\/wp-json\/wp\/v2\/product"}],"about":[{"href":"https:\/\/ataantik05.com\/index.php\/wp-json\/wp\/v2\/types\/product"}],"replies":[{"embeddable":true,"href":"https:\/\/ataantik05.com\/index.php\/wp-json\/wp\/v2\/comments?post=29648"}],"version-history":[{"count":1,"href":"https:\/\/ataantik05.com\/index.php\/wp-json\/wp\/v2\/product\/29648\/revisions"}],"predecessor-version":[{"id":29652,"href":"https:\/\/ataantik05.com\/index.php\/wp-json\/wp\/v2\/product\/29648\/revisions\/29652"}],"wp:featuredmedia":[{"embeddable":true,"href":"https:\/\/ataantik05.com\/index.php\/wp-json\/wp\/v2\/media\/29650"}],"wp:attachment":[{"href":"https:\/\/ataantik05.com\/index.php\/wp-json\/wp\/v2\/media?parent=29648"}],"wp:term":[{"taxonomy":"product_brand","embeddable":true,"href":"https:\/\/ataantik05.com\/index.php\/wp-json\/wp\/v2\/product_brand?post=29648"},{"taxonomy":"product_cat","embeddable":true,"href":"https:\/\/ataantik05.com\/index.php\/wp-json\/wp\/v2\/product_cat?post=29648"},{"taxonomy":"product_tag","embeddable":true,"href":"https:\/\/ataantik05.com\/index.php\/wp-json\/wp\/v2\/product_tag?post=29648"}],"curies":[{"name":"wp","href":"https:\/\/api.w.org\/{rel}","templated":true}]}}