{"id":29654,"date":"2026-04-29T13:58:41","date_gmt":"2026-04-29T13:58:41","guid":{"rendered":"https:\/\/ataantik05.com\/?post_type=product&#038;p=29654"},"modified":"2026-04-29T13:58:41","modified_gmt":"2026-04-29T13:58:41","slug":"ajda-pekkan-the-best-of-ajda-renkli-picture-2li-plak","status":"publish","type":"product","link":"https:\/\/ataantik05.com\/index.php\/urun\/ajda-pekkan-the-best-of-ajda-renkli-picture-2li-plak\/","title":{"rendered":"Ajda Pekkan &#8211; The Best Of Ajda &#8211; (Renkli Picture 2&#8217;li Plak)"},"content":{"rendered":"<p>Format: Long Play (LP)<\/p>\n<p>Devir H\u0131z\u0131: 33 Devir<\/p>\n","protected":false},"excerpt":{"rendered":"<p><span style=\"font-family: Tahoma;\">Ajda Pekkan &#8211; The Best Of Ajda\u00a0 &#8211; (Renkli Picture\u00a0 2&#8217;li Plak)<\/span><\/p>\n<p>&nbsp;<\/p>\n<p><span style=\"font-family: Tahoma;\">LP: 1\u00a0<\/span><\/p>\n<p><span style=\"font-family: Tahoma;\">A Y\u00fcz\u00fc:<\/span><\/p>\n<p><span style=\"font-family: Tahoma;\">1. Bamba\u015fka Biri<br \/>\n2. Hayk\u0131racak Nefesim Kalmasa Bile<br \/>\n3. Bo\u015f Sokak<br \/>\n4. Ho\u015f G\u00f6r Sen<\/span><\/p>\n<p>&nbsp;<\/p>\n<p><span style=\"font-family: Tahoma;\">B Y\u00fcz\u00fc:<\/span><\/p>\n<p><span style=\"font-family: Tahoma;\">1. Kimler Geldi Kimler Ge\u00e7ti<br \/>\n2. Uykusuz Her Gece<br \/>\n3. Her Yerde Kar Var<br \/>\n4. Ne Tad\u0131 Var Bu D\u00fcnyan\u0131n<\/span><\/p>\n<p>&nbsp;<\/p>\n<p><span style=\"font-family: Tahoma;\">LP: 2<\/span><\/p>\n<p><span style=\"font-family: Tahoma;\">A Y\u00fcz\u00fc:<\/span><\/p>\n<p><span style=\"font-family: Tahoma;\">1. Ya Sonra<br \/>\n2. Dile Kolay<br \/>\n3. Yeniden Ba\u015flas\u0131n<br \/>\n4. \u00dc\u00e7 Kalp<\/span><\/p>\n<p><span style=\"font-family: Tahoma;\">B Y\u00fcz\u00fc:<\/span><\/p>\n<p><span style=\"font-family: Tahoma;\">1. O Benim D\u00fcnyam<br \/>\n2. Palavra<br \/>\n3. Hara\u00a0 m Olsun<br \/>\n4. Ne Varsa Bende Var<\/span><\/p>\n","protected":false},"featured_media":29655,"comment_status":"open","ping_status":"closed","template":"","meta":[],"product_brand":[],"product_cat":[76,84],"product_tag":[],"class_list":{"0":"post-29654","1":"product","2":"type-product","3":"status-publish","4":"has-post-thumbnail","6":"product_cat-plaklar","7":"product_cat-turkce-yeni-baski","9":"first","10":"instock","11":"shipping-taxable","12":"purchasable","13":"product-type-simple"},"jetpack_sharing_enabled":true,"_links":{"self":[{"href":"https:\/\/ataantik05.com\/index.php\/wp-json\/wp\/v2\/product\/29654","targetHints":{"allow":["GET"]}}],"collection":[{"href":"https:\/\/ataantik05.com\/index.php\/wp-json\/wp\/v2\/product"}],"about":[{"href":"https:\/\/ataantik05.com\/index.php\/wp-json\/wp\/v2\/types\/product"}],"replies":[{"embeddable":true,"href":"https:\/\/ataantik05.com\/index.php\/wp-json\/wp\/v2\/comments?post=29654"}],"version-history":[{"count":1,"href":"https:\/\/ataantik05.com\/index.php\/wp-json\/wp\/v2\/product\/29654\/revisions"}],"predecessor-version":[{"id":29657,"href":"https:\/\/ataantik05.com\/index.php\/wp-json\/wp\/v2\/product\/29654\/revisions\/29657"}],"wp:featuredmedia":[{"embeddable":true,"href":"https:\/\/ataantik05.com\/index.php\/wp-json\/wp\/v2\/media\/29655"}],"wp:attachment":[{"href":"https:\/\/ataantik05.com\/index.php\/wp-json\/wp\/v2\/media?parent=29654"}],"wp:term":[{"taxonomy":"product_brand","embeddable":true,"href":"https:\/\/ataantik05.com\/index.php\/wp-json\/wp\/v2\/product_brand?post=29654"},{"taxonomy":"product_cat","embeddable":true,"href":"https:\/\/ataantik05.com\/index.php\/wp-json\/wp\/v2\/product_cat?post=29654"},{"taxonomy":"product_tag","embeddable":true,"href":"https:\/\/ataantik05.com\/index.php\/wp-json\/wp\/v2\/product_tag?post=29654"}],"curies":[{"name":"wp","href":"https:\/\/api.w.org\/{rel}","templated":true}]}}