{"id":29658,"date":"2026-04-29T14:04:34","date_gmt":"2026-04-29T14:04:34","guid":{"rendered":"https:\/\/ataantik05.com\/?post_type=product&#038;p=29658"},"modified":"2026-04-29T14:04:35","modified_gmt":"2026-04-29T14:04:35","slug":"ajda-pekkan-the-best-of-ajda-2-plak","status":"publish","type":"product","link":"https:\/\/ataantik05.com\/index.php\/urun\/ajda-pekkan-the-best-of-ajda-2-plak\/","title":{"rendered":"Ajda Pekkan &#8211; The Best Of Ajda &#8211; (2 Plak)"},"content":{"rendered":"<p>Format: Long Play (LP)<\/p>\n<p>Devir H\u0131z\u0131: 33 Devir<\/p>\n","protected":false},"excerpt":{"rendered":"<p><strong>LP: 1 \u00a0<\/strong><\/p>\n<p>A Y\u00fcz\u00fc:<\/p>\n<ol>\n<li>Bamba\u015fka Biri<\/li>\n<li>Hayk\u0131racak Nefesim Kalmasa Bile<\/li>\n<li>Bo\u015f Sokak<\/li>\n<li>Ho\u015f G\u00f6r Sen<\/li>\n<\/ol>\n<p>B Y\u00fcz\u00fc:<\/p>\n<ol>\n<li>Kimler Geldi Kimler Ge\u00e7ti<\/li>\n<li>Uykusuz Her Gece<\/li>\n<li>Her Yerde Kar Var<\/li>\n<li>Ne Tad\u0131 Var Bu D\u00fcnyan\u0131n<\/li>\n<\/ol>\n<p>LP: 2<br \/>\nA Y\u00fcz\u00fc:<\/p>\n<ol>\n<li>Ya Sonra<\/li>\n<li>Dile Kolay<\/li>\n<li>Yeniden Ba\u015flas\u0131n<\/li>\n<li>\u00dc\u00e7 Kalp<\/li>\n<\/ol>\n<p>B Y\u00fcz\u00fc:<\/p>\n<ol>\n<li><strong>O Benim D\u00fcnyam<\/strong><\/li>\n<li><strong>Palavra<\/strong><\/li>\n<li><strong>Ha ram Olsun<\/strong><\/li>\n<li><strong>Ne Varsa Bende Var<\/strong><\/li>\n<\/ol>\n","protected":false},"featured_media":29659,"comment_status":"open","ping_status":"closed","template":"","meta":[],"product_brand":[],"product_cat":[76,84],"product_tag":[],"class_list":{"0":"post-29658","1":"product","2":"type-product","3":"status-publish","4":"has-post-thumbnail","6":"product_cat-plaklar","7":"product_cat-turkce-yeni-baski","9":"first","10":"instock","11":"shipping-taxable","12":"purchasable","13":"product-type-simple"},"jetpack_sharing_enabled":true,"_links":{"self":[{"href":"https:\/\/ataantik05.com\/index.php\/wp-json\/wp\/v2\/product\/29658","targetHints":{"allow":["GET"]}}],"collection":[{"href":"https:\/\/ataantik05.com\/index.php\/wp-json\/wp\/v2\/product"}],"about":[{"href":"https:\/\/ataantik05.com\/index.php\/wp-json\/wp\/v2\/types\/product"}],"replies":[{"embeddable":true,"href":"https:\/\/ataantik05.com\/index.php\/wp-json\/wp\/v2\/comments?post=29658"}],"version-history":[{"count":1,"href":"https:\/\/ataantik05.com\/index.php\/wp-json\/wp\/v2\/product\/29658\/revisions"}],"predecessor-version":[{"id":29661,"href":"https:\/\/ataantik05.com\/index.php\/wp-json\/wp\/v2\/product\/29658\/revisions\/29661"}],"wp:featuredmedia":[{"embeddable":true,"href":"https:\/\/ataantik05.com\/index.php\/wp-json\/wp\/v2\/media\/29659"}],"wp:attachment":[{"href":"https:\/\/ataantik05.com\/index.php\/wp-json\/wp\/v2\/media?parent=29658"}],"wp:term":[{"taxonomy":"product_brand","embeddable":true,"href":"https:\/\/ataantik05.com\/index.php\/wp-json\/wp\/v2\/product_brand?post=29658"},{"taxonomy":"product_cat","embeddable":true,"href":"https:\/\/ataantik05.com\/index.php\/wp-json\/wp\/v2\/product_cat?post=29658"},{"taxonomy":"product_tag","embeddable":true,"href":"https:\/\/ataantik05.com\/index.php\/wp-json\/wp\/v2\/product_tag?post=29658"}],"curies":[{"name":"wp","href":"https:\/\/api.w.org\/{rel}","templated":true}]}}