{"id":29662,"date":"2026-04-29T14:07:53","date_gmt":"2026-04-29T14:07:53","guid":{"rendered":"https:\/\/ataantik05.com\/?post_type=product&#038;p=29662"},"modified":"2026-04-29T14:07:53","modified_gmt":"2026-04-29T14:07:53","slug":"ajda-pekkan-hos-gor-sen-plak","status":"publish","type":"product","link":"https:\/\/ataantik05.com\/index.php\/urun\/ajda-pekkan-hos-gor-sen-plak\/","title":{"rendered":"Ajda Pekkan &#8211; Ho\u015f G\u00f6r Sen (Plak)"},"content":{"rendered":"<p>Format: Long Play (LP)<\/p>\n<p>Devir H\u0131z\u0131: 33 Devir<\/p>\n","protected":false},"excerpt":{"rendered":"<div><b>A Y\u00fcz\u00fc:<\/b><\/div>\n<div>\n<ol>\n<li>Sana Neler Edece\u011fim<\/li>\n<li>\u0130nanmam<\/li>\n<li>Tanr\u0131 Misafiri<\/li>\n<li>Kaderimin Oyunu<\/li>\n<li>Sana Ne Kime Ne<\/li>\n<li>Palavra<\/li>\n<li>Vars\u0131n Yans\u0131n<\/li>\n<li>Al Beni<\/li>\n<\/ol>\n<\/div>\n<div><b>B Y\u00fcz\u00fc: \u00a0<\/b><\/p>\n<ol>\n<li>Nas\u0131ls\u0131n \u0130yimisin<\/li>\n<li>Seninleyim<\/li>\n<li>Ho\u015f G\u00f6r Sen<\/li>\n<li>Kimler Geldi Kimler Ge\u00e7ti<\/li>\n<li>\u0130\u00e7me Sak\u0131n<\/li>\n<li>Olanlar Oldu Bana<\/li>\n<li>\u00c7apk\u0131n Sat\u0131c\u0131<\/li>\n<li>Dert Bende Derman Sende<\/li>\n<\/ol>\n<\/div>\n","protected":false},"featured_media":29663,"comment_status":"open","ping_status":"closed","template":"","meta":[],"product_brand":[],"product_cat":[76,84],"product_tag":[],"class_list":{"0":"post-29662","1":"product","2":"type-product","3":"status-publish","4":"has-post-thumbnail","6":"product_cat-plaklar","7":"product_cat-turkce-yeni-baski","9":"first","10":"instock","11":"shipping-taxable","12":"purchasable","13":"product-type-simple"},"jetpack_sharing_enabled":true,"_links":{"self":[{"href":"https:\/\/ataantik05.com\/index.php\/wp-json\/wp\/v2\/product\/29662","targetHints":{"allow":["GET"]}}],"collection":[{"href":"https:\/\/ataantik05.com\/index.php\/wp-json\/wp\/v2\/product"}],"about":[{"href":"https:\/\/ataantik05.com\/index.php\/wp-json\/wp\/v2\/types\/product"}],"replies":[{"embeddable":true,"href":"https:\/\/ataantik05.com\/index.php\/wp-json\/wp\/v2\/comments?post=29662"}],"version-history":[{"count":1,"href":"https:\/\/ataantik05.com\/index.php\/wp-json\/wp\/v2\/product\/29662\/revisions"}],"predecessor-version":[{"id":29665,"href":"https:\/\/ataantik05.com\/index.php\/wp-json\/wp\/v2\/product\/29662\/revisions\/29665"}],"wp:featuredmedia":[{"embeddable":true,"href":"https:\/\/ataantik05.com\/index.php\/wp-json\/wp\/v2\/media\/29663"}],"wp:attachment":[{"href":"https:\/\/ataantik05.com\/index.php\/wp-json\/wp\/v2\/media?parent=29662"}],"wp:term":[{"taxonomy":"product_brand","embeddable":true,"href":"https:\/\/ataantik05.com\/index.php\/wp-json\/wp\/v2\/product_brand?post=29662"},{"taxonomy":"product_cat","embeddable":true,"href":"https:\/\/ataantik05.com\/index.php\/wp-json\/wp\/v2\/product_cat?post=29662"},{"taxonomy":"product_tag","embeddable":true,"href":"https:\/\/ataantik05.com\/index.php\/wp-json\/wp\/v2\/product_tag?post=29662"}],"curies":[{"name":"wp","href":"https:\/\/api.w.org\/{rel}","templated":true}]}}