{"id":29670,"date":"2026-04-29T14:15:57","date_gmt":"2026-04-29T14:15:57","guid":{"rendered":"https:\/\/ataantik05.com\/?post_type=product&#038;p=29670"},"modified":"2026-04-29T14:15:57","modified_gmt":"2026-04-29T14:15:57","slug":"ajda-pekkan-super-star-83-renkli-plak","status":"publish","type":"product","link":"https:\/\/ataantik05.com\/index.php\/urun\/ajda-pekkan-super-star-83-renkli-plak\/","title":{"rendered":"Ajda Pekkan &#8211; S\u00fcper Star 83 (Renkli Plak)"},"content":{"rendered":"<p>Format: Long Play (LP)<\/p>\n<p>Devir H\u0131z\u0131: 33 Devir<\/p>\n","protected":false},"excerpt":{"rendered":"<p><span style=\"font-family: Tahoma;\">Ajda Pekkan &#8211; S\u00fcper Star 83 (Renkli Plak)<\/span><\/p>\n<p>&nbsp;<\/p>\n<p><span style=\"font-family: Tahoma;\">A Y\u00fcz\u00fc<\/span><\/p>\n<p>&nbsp;<\/p>\n<p><span style=\"font-family: Tahoma;\">1. Uykusuz Her Gece<br \/>\n2. Sihirli A\u015fk<br \/>\n3. D\u00fc\u015f\u00fcnme Hi\u00e7<br \/>\n4. G\u00fcne\u015f Yorgun<br \/>\n5. Bir G\u00fcnah Gibi<\/span><\/p>\n<p>&nbsp;<\/p>\n<p><span style=\"font-family: Tahoma;\">B Y\u00fcz\u00fc<\/span><\/p>\n<p><span style=\"font-family: Tahoma;\">1. Son Yolcu<br \/>\n2. Sana Do\u011fru<br \/>\n3. Sen ve Ben<br \/>\n4. Kader R\u00fczgar\u0131<br \/>\n5. Beyaz Ev<\/span><\/p>\n","protected":false},"featured_media":29671,"comment_status":"open","ping_status":"closed","template":"","meta":[],"product_brand":[],"product_cat":[76,84],"product_tag":[],"class_list":{"0":"post-29670","1":"product","2":"type-product","3":"status-publish","4":"has-post-thumbnail","6":"product_cat-plaklar","7":"product_cat-turkce-yeni-baski","9":"first","10":"instock","11":"shipping-taxable","12":"purchasable","13":"product-type-simple"},"jetpack_sharing_enabled":true,"_links":{"self":[{"href":"https:\/\/ataantik05.com\/index.php\/wp-json\/wp\/v2\/product\/29670","targetHints":{"allow":["GET"]}}],"collection":[{"href":"https:\/\/ataantik05.com\/index.php\/wp-json\/wp\/v2\/product"}],"about":[{"href":"https:\/\/ataantik05.com\/index.php\/wp-json\/wp\/v2\/types\/product"}],"replies":[{"embeddable":true,"href":"https:\/\/ataantik05.com\/index.php\/wp-json\/wp\/v2\/comments?post=29670"}],"version-history":[{"count":1,"href":"https:\/\/ataantik05.com\/index.php\/wp-json\/wp\/v2\/product\/29670\/revisions"}],"predecessor-version":[{"id":29673,"href":"https:\/\/ataantik05.com\/index.php\/wp-json\/wp\/v2\/product\/29670\/revisions\/29673"}],"wp:featuredmedia":[{"embeddable":true,"href":"https:\/\/ataantik05.com\/index.php\/wp-json\/wp\/v2\/media\/29671"}],"wp:attachment":[{"href":"https:\/\/ataantik05.com\/index.php\/wp-json\/wp\/v2\/media?parent=29670"}],"wp:term":[{"taxonomy":"product_brand","embeddable":true,"href":"https:\/\/ataantik05.com\/index.php\/wp-json\/wp\/v2\/product_brand?post=29670"},{"taxonomy":"product_cat","embeddable":true,"href":"https:\/\/ataantik05.com\/index.php\/wp-json\/wp\/v2\/product_cat?post=29670"},{"taxonomy":"product_tag","embeddable":true,"href":"https:\/\/ataantik05.com\/index.php\/wp-json\/wp\/v2\/product_tag?post=29670"}],"curies":[{"name":"wp","href":"https:\/\/api.w.org\/{rel}","templated":true}]}}